{"id":486,"date":"2021-07-07T08:53:21","date_gmt":"2021-07-07T06:53:21","guid":{"rendered":"https:\/\/serviafilm.rs\/?page_id=486"},"modified":"2023-07-06T20:58:13","modified_gmt":"2023-07-06T18:58:13","slug":"shadows","status":"publish","type":"page","link":"https:\/\/serviafilm.rs\/sr\/films\/shadows\/","title":{"rendered":"Shadows"},"content":{"rendered":"<div data-elementor-type=\"wp-page\" data-elementor-id=\"486\" class=\"elementor elementor-486\" data-elementor-post-type=\"page\">\n\t\t\t\t\t\t\t\t\t<section class=\"elementor-section elementor-top-section elementor-element elementor-element-7806a76f servia-film_single-project elementor-section-boxed elementor-section-height-default elementor-section-height-default\" data-id=\"7806a76f\" data-element_type=\"section\" data-settings=\"{&quot;background_background&quot;:&quot;classic&quot;}\">\n\t\t\t\t\t\t<div class=\"elementor-container elementor-column-gap-no\">\n\t\t\t\t\t<div class=\"elementor-column elementor-col-100 elementor-top-column elementor-element elementor-element-6cc59c24\" data-id=\"6cc59c24\" data-element_type=\"column\">\n\t\t\t<div class=\"elementor-widget-wrap elementor-element-populated\">\n\t\t\t\t\t\t\t\t<div class=\"elementor-element elementor-element-109dddd5 elementor-pagination-type-fraction serviafilm-project-slider elementor-pagination-position-inside elementor-skin-carousel elementor-arrows-yes elementor-widget elementor-widget-media-carousel\" data-id=\"109dddd5\" data-element_type=\"widget\" data-settings=\"{&quot;pagination&quot;:&quot;fraction&quot;,&quot;space_between&quot;:{&quot;unit&quot;:&quot;px&quot;,&quot;size&quot;:0,&quot;sizes&quot;:[]},&quot;effect&quot;:&quot;fade&quot;,&quot;lazyload&quot;:&quot;yes&quot;,&quot;skin&quot;:&quot;carousel&quot;,&quot;show_arrows&quot;:&quot;yes&quot;,&quot;speed&quot;:500,&quot;loop&quot;:&quot;yes&quot;,&quot;space_between_tablet&quot;:{&quot;unit&quot;:&quot;px&quot;,&quot;size&quot;:10,&quot;sizes&quot;:[]},&quot;space_between_mobile&quot;:{&quot;unit&quot;:&quot;px&quot;,&quot;size&quot;:10,&quot;sizes&quot;:[]}}\" data-widget_type=\"media-carousel.default\">\n\t\t\t\t<div class=\"elementor-widget-container\">\n\t\t\t\t\t<div class=\"elementor-swiper\">\n\t\t\t<div class=\"elementor-main-swiper swiper-container\">\n\t\t\t\t<div class=\"swiper-wrapper\">\n\t\t\t\t\t\t\t\t\t\t\t<div class=\"swiper-slide\">\n\t\t\t\t\t\t\t<a href=\"https:\/\/serviafilm.rs\/wp-content\/uploads\/2021\/07\/Sjene_1.jpg\" data-elementor-open-lightbox=\"yes\" data-elementor-lightbox-slideshow=\"109dddd5\" data-e-action-hash=\"#elementor-action%3Aaction%3Dlightbox%26settings%3DeyJpZCI6NDY4LCJ1cmwiOiJodHRwczpcL1wvc2VydmlhZmlsbS5yc1wvd3AtY29udGVudFwvdXBsb2Fkc1wvMjAyMVwvMDdcL1NqZW5lXzEuanBnIiwic2xpZGVzaG93IjoiMTA5ZGRkZDUifQ%3D%3D\">\t\t<div class=\"elementor-carousel-image swiper-lazy\" role=\"img\" aria-label=\"\" data-background=\"https:\/\/serviafilm.rs\/wp-content\/uploads\/2021\/07\/Sjene_1.jpg\">\n\n\t\t\t\t\t\t\t<div class=\"swiper-lazy-preloader\"><\/div>\n\t\t\t\n\t\t\t\t\t<\/div>\n\t\t<\/a>\t\t\t\t\t\t<\/div>\n\t\t\t\t\t\t\t\t\t\t\t<div class=\"swiper-slide\">\n\t\t\t\t\t\t\t<a href=\"https:\/\/serviafilm.rs\/wp-content\/uploads\/2021\/07\/Sjene_2.jpg\" data-elementor-open-lightbox=\"yes\" data-elementor-lightbox-slideshow=\"109dddd5\" data-e-action-hash=\"#elementor-action%3Aaction%3Dlightbox%26settings%3DeyJpZCI6NDY5LCJ1cmwiOiJodHRwczpcL1wvc2VydmlhZmlsbS5yc1wvd3AtY29udGVudFwvdXBsb2Fkc1wvMjAyMVwvMDdcL1NqZW5lXzIuanBnIiwic2xpZGVzaG93IjoiMTA5ZGRkZDUifQ%3D%3D\">\t\t<div class=\"elementor-carousel-image swiper-lazy\" role=\"img\" aria-label=\"\" data-background=\"https:\/\/serviafilm.rs\/wp-content\/uploads\/2021\/07\/Sjene_2.jpg\">\n\n\t\t\t\t\t\t\t<div class=\"swiper-lazy-preloader\"><\/div>\n\t\t\t\n\t\t\t\t\t<\/div>\n\t\t<\/a>\t\t\t\t\t\t<\/div>\n\t\t\t\t\t\t\t\t\t\t\t<div class=\"swiper-slide\">\n\t\t\t\t\t\t\t<a href=\"https:\/\/serviafilm.rs\/wp-content\/uploads\/2021\/07\/Sjene_3.jpg\" data-elementor-open-lightbox=\"yes\" data-elementor-lightbox-slideshow=\"109dddd5\" data-e-action-hash=\"#elementor-action%3Aaction%3Dlightbox%26settings%3DeyJpZCI6NDcwLCJ1cmwiOiJodHRwczpcL1wvc2VydmlhZmlsbS5yc1wvd3AtY29udGVudFwvdXBsb2Fkc1wvMjAyMVwvMDdcL1NqZW5lXzMuanBnIiwic2xpZGVzaG93IjoiMTA5ZGRkZDUifQ%3D%3D\">\t\t<div class=\"elementor-carousel-image swiper-lazy\" role=\"img\" aria-label=\"\" data-background=\"https:\/\/serviafilm.rs\/wp-content\/uploads\/2021\/07\/Sjene_3.jpg\">\n\n\t\t\t\t\t\t\t<div class=\"swiper-lazy-preloader\"><\/div>\n\t\t\t\n\t\t\t\t\t<\/div>\n\t\t<\/a>\t\t\t\t\t\t<\/div>\n\t\t\t\t\t\t\t\t\t\t\t<div class=\"swiper-slide\">\n\t\t\t\t\t\t\t<a href=\"https:\/\/serviafilm.rs\/wp-content\/uploads\/2021\/07\/Sjene_4.jpg\" data-elementor-open-lightbox=\"yes\" data-elementor-lightbox-slideshow=\"109dddd5\" data-e-action-hash=\"#elementor-action%3Aaction%3Dlightbox%26settings%3DeyJpZCI6NDcxLCJ1cmwiOiJodHRwczpcL1wvc2VydmlhZmlsbS5yc1wvd3AtY29udGVudFwvdXBsb2Fkc1wvMjAyMVwvMDdcL1NqZW5lXzQuanBnIiwic2xpZGVzaG93IjoiMTA5ZGRkZDUifQ%3D%3D\">\t\t<div class=\"elementor-carousel-image swiper-lazy\" role=\"img\" aria-label=\"\" data-background=\"https:\/\/serviafilm.rs\/wp-content\/uploads\/2021\/07\/Sjene_4.jpg\">\n\n\t\t\t\t\t\t\t<div class=\"swiper-lazy-preloader\"><\/div>\n\t\t\t\n\t\t\t\t\t<\/div>\n\t\t<\/a>\t\t\t\t\t\t<\/div>\n\t\t\t\t\t\t\t\t\t\t\t<div class=\"swiper-slide\">\n\t\t\t\t\t\t\t<a href=\"https:\/\/serviafilm.rs\/wp-content\/uploads\/2021\/07\/Sjene_5.jpg\" data-elementor-open-lightbox=\"yes\" data-elementor-lightbox-slideshow=\"109dddd5\" data-e-action-hash=\"#elementor-action%3Aaction%3Dlightbox%26settings%3DeyJpZCI6NDcyLCJ1cmwiOiJodHRwczpcL1wvc2VydmlhZmlsbS5yc1wvd3AtY29udGVudFwvdXBsb2Fkc1wvMjAyMVwvMDdcL1NqZW5lXzUuanBnIiwic2xpZGVzaG93IjoiMTA5ZGRkZDUifQ%3D%3D\">\t\t<div class=\"elementor-carousel-image swiper-lazy\" role=\"img\" aria-label=\"\" data-background=\"https:\/\/serviafilm.rs\/wp-content\/uploads\/2021\/07\/Sjene_5.jpg\">\n\n\t\t\t\t\t\t\t<div class=\"swiper-lazy-preloader\"><\/div>\n\t\t\t\n\t\t\t\t\t<\/div>\n\t\t<\/a>\t\t\t\t\t\t<\/div>\n\t\t\t\t\t\t\t\t\t<\/div>\n\t\t\t\t\t\t\t\t\t\t\t\t\t\t\t<div class=\"swiper-pagination\"><\/div>\n\t\t\t\t\t\t\t\t\t\t\t\t\t\t\t\t<div class=\"elementor-swiper-button elementor-swiper-button-prev\" role=\"button\" tabindex=\"0\">\n\t\t\t\t\t\t\t<i aria-hidden=\"true\" class=\"eicon-chevron-left\"><\/i>\t\t\t\t\t\t\t<span class=\"elementor-screen-only\">\u041f\u0440\u0435\u0442\u0445\u043e\u0434\u043d\u0430<\/span>\n\t\t\t\t\t\t<\/div>\n\t\t\t\t\t\t<div class=\"elementor-swiper-button elementor-swiper-button-next\" role=\"button\" tabindex=\"0\">\n\t\t\t\t\t\t\t<i aria-hidden=\"true\" class=\"eicon-chevron-right\"><\/i>\t\t\t\t\t\t\t<span class=\"elementor-screen-only\">\u0421\u043b\u0435\u0434\u0435\u045b\u0438<\/span>\n\t\t\t\t\t\t<\/div>\n\t\t\t\t\t\t\t\t\t\t\t\t<\/div>\n\t\t<\/div>\n\t\t\t\t<\/div>\n\t\t\t\t<\/div>\n\t\t\t\t\t<\/div>\n\t\t<\/div>\n\t\t\t\t\t\t\t<\/div>\n\t\t<\/section>\n\t\t\t\t<section class=\"elementor-section elementor-top-section elementor-element elementor-element-588c33ce elementor-section-boxed elementor-section-height-default elementor-section-height-default\" data-id=\"588c33ce\" data-element_type=\"section\">\n\t\t\t\t\t\t<div class=\"elementor-container elementor-column-gap-no\">\n\t\t\t\t\t<div class=\"plus-sticky-column-sticky elementor-column elementor-col-33 elementor-top-column elementor-element elementor-element-79c725e elementor-hidden-tablet elementor-hidden-phone\" data-plus-sticky-column-settings=\"{&quot;id&quot;:&quot;79c725e&quot;,&quot;sticky&quot;:true,&quot;topSpacing&quot;:40,&quot;bottomSpacing&quot;:40,&quot;stickyOn&quot;:[&quot;desktop&quot;]}\" data-id=\"79c725e\" data-element_type=\"column\">\n\t\t\t<div class=\"elementor-widget-wrap elementor-element-populated\">\n\t\t\t\t\t\t\t\t<div class=\"elementor-element elementor-element-57d15f5 elementor-widget__width-auto elementor-widget elementor-widget-heading\" data-id=\"57d15f5\" data-element_type=\"widget\" data-widget_type=\"heading.default\">\n\t\t\t\t<div class=\"elementor-widget-container\">\n\t\t\t<p class=\"elementor-heading-title elementor-size-default\">completed<\/p>\t\t<\/div>\n\t\t\t\t<\/div>\n\t\t\t\t\t<\/div>\n\t\t<\/div>\n\t\t\t\t<div class=\"plus-sticky-column-sticky elementor-column elementor-col-33 elementor-top-column elementor-element elementor-element-74707f27\" data-plus-sticky-column-settings=\"{&quot;id&quot;:&quot;74707f27&quot;,&quot;sticky&quot;:true,&quot;topSpacing&quot;:40,&quot;bottomSpacing&quot;:40,&quot;stickyOn&quot;:[&quot;desktop&quot;]}\" data-id=\"74707f27\" data-element_type=\"column\">\n\t\t\t<div class=\"elementor-widget-wrap elementor-element-populated\">\n\t\t\t\t\t\t\t\t<div class=\"elementor-element elementor-element-224f4f2b elementor-widget elementor-widget-heading\" data-id=\"224f4f2b\" data-element_type=\"widget\" data-widget_type=\"heading.default\">\n\t\t\t\t<div class=\"elementor-widget-container\">\n\t\t\t<h1 class=\"elementor-heading-title elementor-size-default\">Shadows<\/h1>\t\t<\/div>\n\t\t\t\t<\/div>\n\t\t\t\t<div class=\"elementor-element elementor-element-43e5fcf0 elementor-widget elementor-widget-heading\" data-id=\"43e5fcf0\" data-element_type=\"widget\" data-widget_type=\"heading.default\">\n\t\t\t\t<div class=\"elementor-widget-container\">\n\t\t\t<p class=\"elementor-heading-title elementor-size-default\">by Milo\u0161 Ljubomirovi\u0107<\/p>\t\t<\/div>\n\t\t\t\t<\/div>\n\t\t\t\t<div class=\"elementor-element elementor-element-6bf3ab81 elementor-widget__width-auto elementor-hidden-desktop elementor-widget elementor-widget-heading\" data-id=\"6bf3ab81\" data-element_type=\"widget\" data-widget_type=\"heading.default\">\n\t\t\t\t<div class=\"elementor-widget-container\">\n\t\t\t<p class=\"elementor-heading-title elementor-size-default\">completed<\/p>\t\t<\/div>\n\t\t\t\t<\/div>\n\t\t\t\t<div class=\"elementor-element elementor-element-297d8db8 elementor-widget elementor-widget-heading\" data-id=\"297d8db8\" data-element_type=\"widget\" data-widget_type=\"heading.default\">\n\t\t\t\t<div class=\"elementor-widget-container\">\n\t\t\t<p class=\"elementor-heading-title elementor-size-default\">Short fiction film \/ 24\u2019 \/ 2014 \/ Drama<\/p>\t\t<\/div>\n\t\t\t\t<\/div>\n\t\t\t\t<div class=\"elementor-element elementor-element-62dda6c8 elementor-widget elementor-widget-text-editor\" data-id=\"62dda6c8\" data-element_type=\"widget\" data-widget_type=\"text-editor.default\">\n\t\t\t\t<div class=\"elementor-widget-container\">\n\t\t\t\t\t\t\tOne night after the Great War, Frantisek Lebl, a former soldier in Austrian service, wakes up in his home, haunted by the shadows of the past. Remembering the time spent in Terezin and confessions of Gavrilo Princip, Lebl realizes that the secret which he had kept for so long must be revealed.\t\t\t\t\t\t<\/div>\n\t\t\t\t<\/div>\n\t\t\t\t<div class=\"elementor-element elementor-element-73cdd64 elementor-widget elementor-widget-text-editor\" data-id=\"73cdd64\" data-element_type=\"widget\" data-widget_type=\"text-editor.default\">\n\t\t\t\t<div class=\"elementor-widget-container\">\n\t\t\t\t\t\t\t<p><b>Country of production<\/b> Serbia <b>Language<\/b> Serbian <b>Producers<\/b> Servia Film and Faculty of Dramatic Arts <b>Starring<\/b> Neboj\u0161a Glogovac, Nikola Rako\u010devi\u0107, Aleksandar Radoji\u010di\u0107, Dragan Petrovi\u0107 Pele and Luka Mijatovi\u0107 <b>Composers <\/b>Marija Lazi\u0107 and Ivan Mihajlovi\u0107 <b>Sound recordist<\/b> Bojan Paliku\u0107a <b>Sound designer<\/b> Dane Vlaisavljevi\u0107 <b>Special makeup effects artists<\/b> Sendy Kumalakanta and Lana Rakanovi\u0107 <b>Costume designers <\/b>Kristina \u0110enadi\u0107, Milica Radovanovi\u0107, Katarina Stepanovi\u0107 <b>Editor<\/b> Nikola Puri\u0107 <b>Production designers <\/b>Isidora Spasi\u0107 Sonja Nenadi\u0107 Katarina Plav\u0161i\u0107 Mihailo Mo\u0161esku <b>VFX<\/b> Neboj\u0161a Rogi\u0107 <b>Special effects<\/b> Muhamed M\u2019barek Toske <b>Colorist<\/b> Goran Todori\u0107 <b>Second unit Director of Photography<\/b> Aleksandar Ramadanovi\u0107 <b>Director of Photography<\/b> Tatjana Krstevski <b>Line producer<\/b> Ma\u0161a \u010cumi\u0107 <b>Assistant producer<\/b> Miodrag Milosavljevi\u0107 <b>Assistant director<\/b> Vuk Savi\u0107 <b>Executive producer<\/b> Jugoslav Kari\u0107<b> Associate producer<\/b> Reality pictures in motion Simon Dekari\u0107 <b>Written by <\/b>Sr\u0111an Banovi\u0107 <b>Co-writers<\/b> Muharem Bazdulj and Milo\u0161 Ljubomirovi\u0107 <b>Directed and Produced by <\/b>Milo\u0161 Ljubomirovi\u0107<\/p>\t\t\t\t\t\t<\/div>\n\t\t\t\t<\/div>\n\t\t\t\t<div class=\"elementor-element elementor-element-60c198db elementor-widget elementor-widget-text-editor\" data-id=\"60c198db\" data-element_type=\"widget\" data-widget_type=\"text-editor.default\">\n\t\t\t\t<div class=\"elementor-widget-container\">\n\t\t\t\t\t\t\t<p><b>Awards<\/b> Dejan Kosanovi\u0107 Award for best thesis film at the Faculty of Dramatic Arts, Best national film at Kraljevski filmski festival, Best student film in regional selection at Prvi kadar film festival and Award for Best student film at KRAF festival <b>Festivals<\/b> Martovski &#8211; Belgrade documentary and short film festival, ALPINALE Kurzfilmfestivals, Quest-Europe film festival, The Orfelin Circle Film Festival, Washington, D.C.. <b>Distribution<\/b> TV distribution on RTS (Radio Television of Serbia) and RTRS (Radio Television of Republika Srpska).<\/p>\t\t\t\t\t\t<\/div>\n\t\t\t\t<\/div>\n\t\t\t\t\t<\/div>\n\t\t<\/div>\n\t\t\t\t<div class=\"elementor-column elementor-col-33 elementor-top-column elementor-element elementor-element-24774c09 serviafilm-project_widgets\" data-id=\"24774c09\" data-element_type=\"column\">\n\t\t\t<div class=\"elementor-widget-wrap elementor-element-populated\">\n\t\t\t\t\t\t\t\t<div class=\"elementor-element elementor-element-60c8e5cb elementor-hidden-desktop elementor-widget-divider--view-line elementor-widget elementor-widget-divider\" data-id=\"60c8e5cb\" data-element_type=\"widget\" data-widget_type=\"divider.default\">\n\t\t\t\t<div class=\"elementor-widget-container\">\n\t\t\t\t\t<div class=\"elementor-divider\">\n\t\t\t<span class=\"elementor-divider-separator\">\n\t\t\t\t\t\t<\/span>\n\t\t<\/div>\n\t\t\t\t<\/div>\n\t\t\t\t<\/div>\n\t\t\t\t<div class=\"elementor-element elementor-element-683a9d1 useful-links elementor-widget elementor-widget-heading\" data-id=\"683a9d1\" data-element_type=\"widget\" data-widget_type=\"heading.default\">\n\t\t\t\t<div class=\"elementor-widget-container\">\n\t\t\t<p class=\"elementor-heading-title elementor-size-default\"><a href=\"https:\/\/www.imdb.com\/title\/tt4250548\/?ref_=nv_sr_srsg_3_tt_8_nm_0_q_sjene\" target=\"_blank\">IMDb<\/a><\/p>\t\t<\/div>\n\t\t\t\t<\/div>\n\t\t\t\t<div class=\"elementor-element elementor-element-4c7aed2 elementor-widget-divider--view-line elementor-widget elementor-widget-divider\" data-id=\"4c7aed2\" data-element_type=\"widget\" data-widget_type=\"divider.default\">\n\t\t\t\t<div class=\"elementor-widget-container\">\n\t\t\t\t\t<div class=\"elementor-divider\">\n\t\t\t<span class=\"elementor-divider-separator\">\n\t\t\t\t\t\t<\/span>\n\t\t<\/div>\n\t\t\t\t<\/div>\n\t\t\t\t<\/div>\n\t\t\t\t<section class=\"elementor-section elementor-inner-section elementor-element elementor-element-353dcf6e elementor-section-boxed elementor-section-height-default elementor-section-height-default\" data-id=\"353dcf6e\" data-element_type=\"section\">\n\t\t\t\t\t\t<div class=\"elementor-container elementor-column-gap-no\">\n\t\t\t\t\t<div class=\"elementor-column elementor-col-100 elementor-inner-column elementor-element elementor-element-f649de5\" data-id=\"f649de5\" data-element_type=\"column\" data-settings=\"{&quot;background_background&quot;:&quot;classic&quot;}\">\n\t\t\t<div class=\"elementor-widget-wrap elementor-element-populated\">\n\t\t\t\t\t\t\t\t<div class=\"elementor-element elementor-element-47bc7ca2 elementor-widget elementor-widget-heading\" data-id=\"47bc7ca2\" data-element_type=\"widget\" data-widget_type=\"heading.default\">\n\t\t\t\t<div class=\"elementor-widget-container\">\n\t\t\t<h2 class=\"elementor-heading-title elementor-size-default\">Media<\/h2>\t\t<\/div>\n\t\t\t\t<\/div>\n\t\t\t\t<div class=\"elementor-element elementor-element-7754dbc0 elementor-widget-tablet__width-initial elementor-widget elementor-widget-video\" data-id=\"7754dbc0\" data-element_type=\"widget\" data-settings=\"{&quot;youtube_url&quot;:&quot;https:\\\/\\\/www.youtube.com\\\/watch?v=DZVfj9H3Ho4&quot;,&quot;lazy_load&quot;:&quot;yes&quot;,&quot;show_image_overlay&quot;:&quot;yes&quot;,&quot;image_overlay&quot;:{&quot;url&quot;:&quot;https:\\\/\\\/serviafilm.rs\\\/wp-content\\\/uploads\\\/2023\\\/07\\\/shadows-small.jpg&quot;,&quot;id&quot;:1794,&quot;size&quot;:&quot;&quot;,&quot;alt&quot;:&quot;shadows&quot;,&quot;source&quot;:&quot;library&quot;},&quot;video_type&quot;:&quot;youtube&quot;}\" data-widget_type=\"video.default\">\n\t\t\t\t<div class=\"elementor-widget-container\">\n\t\t\t\t\t<div class=\"elementor-wrapper elementor-open-inline\">\n\t\t\t<div class=\"elementor-video\"><\/div>\t\t\t\t<div class=\"elementor-custom-embed-image-overlay\" style=\"background-image: url(https:\/\/serviafilm.rs\/wp-content\/uploads\/2023\/07\/shadows-small.jpg);\">\n\t\t\t\t\t\t\t\t\t\t\t\t\t\t\t\t<div class=\"elementor-custom-embed-play\" role=\"button\" aria-label=\"Play Video about shadows\" tabindex=\"0\">\n\t\t\t\t\t\t\t<i aria-hidden=\"true\" class=\"eicon-play\"><\/i>\t\t\t\t\t\t\t<span class=\"elementor-screen-only\">Play Video about shadows<\/span>\n\t\t\t\t\t\t<\/div>\n\t\t\t\t\t\t\t\t\t<\/div>\n\t\t\t\t\t<\/div>\n\t\t\t\t<\/div>\n\t\t\t\t<\/div>\n\t\t\t\t<div class=\"elementor-element elementor-element-6966db71 useful-links elementor-widget elementor-widget-heading\" data-id=\"6966db71\" data-element_type=\"widget\" data-widget_type=\"heading.default\">\n\t\t\t\t<div class=\"elementor-widget-container\">\n\t\t\t<p class=\"elementor-heading-title elementor-size-default\"><a href=\"https:\/\/www.youtube.com\/watch?v=DZVfj9H3Ho4\" target=\"_blank\">Watch trailer<\/a><\/p>\t\t<\/div>\n\t\t\t\t<\/div>\n\t\t\t\t<div class=\"elementor-element elementor-element-6d90a7d1 elementor-widget elementor-widget-image\" data-id=\"6d90a7d1\" data-element_type=\"widget\" data-widget_type=\"image.default\">\n\t\t\t\t<div class=\"elementor-widget-container\">\n\t\t\t\t\t\t\t\t\t\t\t\t\t\t\t\t<a href=\"https:\/\/serviafilm.rs\/wp-content\/uploads\/2021\/07\/Sjene_poster-scaled.jpg\" data-elementor-open-lightbox=\"yes\" data-e-action-hash=\"#elementor-action%3Aaction%3Dlightbox%26settings%3DeyJpZCI6NTEwLCJ1cmwiOiJodHRwczpcL1wvc2VydmlhZmlsbS5yc1wvd3AtY29udGVudFwvdXBsb2Fkc1wvMjAyMVwvMDdcL1NqZW5lX3Bvc3Rlci1zY2FsZWQuanBnIn0%3D\">\n\t\t\t\t\t\t\t<img loading=\"lazy\" decoding=\"async\" width=\"1807\" height=\"2560\" src=\"https:\/\/serviafilm.rs\/wp-content\/uploads\/2021\/07\/Sjene_poster-scaled.jpg\" class=\"attachment-full size-full wp-image-510\" alt=\"\" srcset=\"https:\/\/serviafilm.rs\/wp-content\/uploads\/2021\/07\/Sjene_poster-scaled.jpg 1807w, https:\/\/serviafilm.rs\/wp-content\/uploads\/2021\/07\/Sjene_poster-212x300.jpg 212w, https:\/\/serviafilm.rs\/wp-content\/uploads\/2021\/07\/Sjene_poster-723x1024.jpg 723w, https:\/\/serviafilm.rs\/wp-content\/uploads\/2021\/07\/Sjene_poster-768x1088.jpg 768w, https:\/\/serviafilm.rs\/wp-content\/uploads\/2021\/07\/Sjene_poster-1084x1536.jpg 1084w, https:\/\/serviafilm.rs\/wp-content\/uploads\/2021\/07\/Sjene_poster-1446x2048.jpg 1446w, https:\/\/serviafilm.rs\/wp-content\/uploads\/2021\/07\/Sjene_poster-8x12.jpg 8w\" sizes=\"auto, (max-width: 1807px) 100vw, 1807px\" \/>\t\t\t\t\t\t\t\t<\/a>\n\t\t\t\t\t\t\t\t\t\t\t\t\t\t\t<\/div>\n\t\t\t\t<\/div>\n\t\t\t\t<div class=\"elementor-element elementor-element-1b63275 elementor-widget elementor-widget-tp-advanced-buttons\" data-id=\"1b63275\" data-element_type=\"widget\" data-widget_type=\"tp-advanced-buttons.default\">\n\t\t\t\t<div class=\"elementor-widget-container\">\n\t\t\t<div class=\"pt-plus-adv-button-wrapper\" ><div class=\"adv_btn_ext_txt\">Film poster<\/div><div id=\"advbutton69e7625315d2d\" class=\"pt_plus_adv_button  ab-download  tp_download_st_1   dba_left\"  data-dfname=\"shadows_film-poster_servia-film\"><a href=\"https:\/\/serviafilm.rs\/wp-content\/uploads\/2021\/07\/Sjene_poster.jpg\" class=\"adv-button-link-wrap\" role=\"button\" download=\"shadows_film-poster_servia-film\"><svg width=\"22px\" height=\"16px\" viewbox=\"0 0 22 16\">\n\t\t\t\t\t\t\t\t\t<path d=\"M2,10 L6,13 L12.8760559,4.5959317 C14.1180021,3.0779974 16.2457925,2.62289624 18,3.5 L18,3.5 C19.8385982,4.4192991 21,6.29848669 21,8.35410197 L21,10 C21,12.7614237 18.7614237,15 16,15 L1,15\" id=\"check\"><\/path>\n\t\t\t\t\t\t\t\t\t<polyline points=\"4.5 8.5 8 11 11.5 8.5\" class=\"svg-out\"><\/polyline>\n\t\t\t\t\t\t\t\t\t<path d=\"M8,1 L8,11\" class=\"svg-out\"><\/path>\n\t\t\t\t\t\t\t\t\t<\/svg><\/a><\/div><\/div>\t\t<\/div>\n\t\t\t\t<\/div>\n\t\t\t\t\t<\/div>\n\t\t<\/div>\n\t\t\t\t\t\t\t<\/div>\n\t\t<\/section>\n\t\t\t\t<section class=\"elementor-section elementor-inner-section elementor-element elementor-element-37dc8b4c elementor-section-boxed elementor-section-height-default elementor-section-height-default\" data-id=\"37dc8b4c\" data-element_type=\"section\">\n\t\t\t\t\t\t<div class=\"elementor-container elementor-column-gap-no\">\n\t\t\t\t\t<div class=\"elementor-column elementor-col-100 elementor-inner-column elementor-element elementor-element-27e3f61\" data-id=\"27e3f61\" data-element_type=\"column\" data-settings=\"{&quot;background_background&quot;:&quot;classic&quot;}\">\n\t\t\t<div class=\"elementor-widget-wrap elementor-element-populated\">\n\t\t\t\t\t\t\t\t<div class=\"elementor-element elementor-element-302c033 elementor-widget elementor-widget-heading\" data-id=\"302c033\" data-element_type=\"widget\" data-widget_type=\"heading.default\">\n\t\t\t\t<div class=\"elementor-widget-container\">\n\t\t\t<h2 class=\"elementor-heading-title elementor-size-default\">USEFUL LINKS<\/h2>\t\t<\/div>\n\t\t\t\t<\/div>\n\t\t\t\t<div class=\"elementor-element elementor-element-340a849f useful-links elementor-widget elementor-widget-heading\" data-id=\"340a849f\" data-element_type=\"widget\" data-widget_type=\"heading.default\">\n\t\t\t\t<div class=\"elementor-widget-container\">\n\t\t\t<p class=\"elementor-heading-title elementor-size-default\"><a href=\"http:\/\/www.rts.rs\/page\/magazine\/sr\/story\/411\/film-i-tv\/1761970\/beogradska-publika-odusevljena-sjenama.html\" target=\"_blank\">Beogradska publika odu\u0161evljena \u201eSjenama\u201c<\/a><\/p>\t\t<\/div>\n\t\t\t\t<\/div>\n\t\t\t\t<div class=\"elementor-element elementor-element-26cfbf15 useful-links elementor-widget elementor-widget-heading\" data-id=\"26cfbf15\" data-element_type=\"widget\" data-widget_type=\"heading.default\">\n\t\t\t\t<div class=\"elementor-widget-container\">\n\t\t\t<p class=\"elementor-heading-title elementor-size-default\"><a href=\"http:\/\/www.rts.rs\/page\/magazine\/sr\/story\/411\/film-i-tv\/2670587\/autoru-filma-sjene-prva-nagrada-dr-dejan-kosanovic.html\" target=\"_blank\">Autoru filma \u201eSjene\u201c prva nagrada \u2028\u201eDr Dejan Kosanovi\u0107\u201c (RTS)<\/a><\/p>\t\t<\/div>\n\t\t\t\t<\/div>\n\t\t\t\t\t<\/div>\n\t\t<\/div>\n\t\t\t\t\t\t\t<\/div>\n\t\t<\/section>\n\t\t\t\t\t<\/div>\n\t\t<\/div>\n\t\t\t\t\t\t\t<\/div>\n\t\t<\/section>\n\t\t\t\t\t\t\t<\/div>","protected":false},"excerpt":{"rendered":"<p>Previous Next completed Shadows by Milo\u0161 Ljubomirovi\u0107 completed Short fiction film \/ 24\u2019 \/ 2014 \/ Drama One night after the Great War, Frantisek Lebl, a former soldier in Austrian service, wakes up in his home, haunted by the shadows of the past. Remembering the time spent in Terezin and confessions of Gavrilo Princip, Lebl [&hellip;]<\/p>","protected":false},"author":1,"featured_media":0,"parent":11,"menu_order":0,"comment_status":"closed","ping_status":"closed","template":"","meta":{"footnotes":""},"class_list":["post-486","page","type-page","status-publish","hentry"],"_links":{"self":[{"href":"https:\/\/serviafilm.rs\/sr\/wp-json\/wp\/v2\/pages\/486","targetHints":{"allow":["GET"]}}],"collection":[{"href":"https:\/\/serviafilm.rs\/sr\/wp-json\/wp\/v2\/pages"}],"about":[{"href":"https:\/\/serviafilm.rs\/sr\/wp-json\/wp\/v2\/types\/page"}],"author":[{"embeddable":true,"href":"https:\/\/serviafilm.rs\/sr\/wp-json\/wp\/v2\/users\/1"}],"replies":[{"embeddable":true,"href":"https:\/\/serviafilm.rs\/sr\/wp-json\/wp\/v2\/comments?post=486"}],"version-history":[{"count":186,"href":"https:\/\/serviafilm.rs\/sr\/wp-json\/wp\/v2\/pages\/486\/revisions"}],"predecessor-version":[{"id":2379,"href":"https:\/\/serviafilm.rs\/sr\/wp-json\/wp\/v2\/pages\/486\/revisions\/2379"}],"up":[{"embeddable":true,"href":"https:\/\/serviafilm.rs\/sr\/wp-json\/wp\/v2\/pages\/11"}],"wp:attachment":[{"href":"https:\/\/serviafilm.rs\/sr\/wp-json\/wp\/v2\/media?parent=486"}],"curies":[{"name":"wp","href":"https:\/\/api.w.org\/{rel}","templated":true}]}}