{"id":1594,"date":"2022-02-02T16:28:44","date_gmt":"2022-02-02T15:28:44","guid":{"rendered":"https:\/\/serviafilm.rs\/?page_id=1594"},"modified":"2023-07-06T21:03:35","modified_gmt":"2023-07-06T19:03:35","slug":"im-afraid-the-bird-will-die","status":"publish","type":"page","link":"https:\/\/serviafilm.rs\/sr\/films\/im-afraid-the-bird-will-die\/","title":{"rendered":"I&#8217;m afraid the bird will die"},"content":{"rendered":"<div data-elementor-type=\"wp-page\" data-elementor-id=\"1594\" class=\"elementor elementor-1594\" data-elementor-post-type=\"page\">\n\t\t\t\t\t\t\t\t\t<section class=\"elementor-section elementor-top-section elementor-element elementor-element-639fa82a servia-film_single-project elementor-section-boxed elementor-section-height-default elementor-section-height-default\" data-id=\"639fa82a\" data-element_type=\"section\" data-settings=\"{&quot;background_background&quot;:&quot;classic&quot;}\">\n\t\t\t\t\t\t<div class=\"elementor-container elementor-column-gap-no\">\n\t\t\t\t\t<div class=\"elementor-column elementor-col-100 elementor-top-column elementor-element elementor-element-2b7b397f\" data-id=\"2b7b397f\" data-element_type=\"column\">\n\t\t\t<div class=\"elementor-widget-wrap elementor-element-populated\">\n\t\t\t\t\t\t\t\t<div class=\"elementor-element elementor-element-3cddb495 elementor-pagination-type-fraction serviafilm-project-slider elementor-pagination-position-inside elementor-skin-carousel elementor-arrows-yes elementor-widget elementor-widget-media-carousel\" data-id=\"3cddb495\" data-element_type=\"widget\" data-settings=\"{&quot;pagination&quot;:&quot;fraction&quot;,&quot;space_between&quot;:{&quot;unit&quot;:&quot;px&quot;,&quot;size&quot;:0,&quot;sizes&quot;:[]},&quot;effect&quot;:&quot;fade&quot;,&quot;skin&quot;:&quot;carousel&quot;,&quot;show_arrows&quot;:&quot;yes&quot;,&quot;speed&quot;:500,&quot;loop&quot;:&quot;yes&quot;,&quot;space_between_tablet&quot;:{&quot;unit&quot;:&quot;px&quot;,&quot;size&quot;:10,&quot;sizes&quot;:[]},&quot;space_between_mobile&quot;:{&quot;unit&quot;:&quot;px&quot;,&quot;size&quot;:10,&quot;sizes&quot;:[]}}\" data-widget_type=\"media-carousel.default\">\n\t\t\t\t<div class=\"elementor-widget-container\">\n\t\t\t\t\t<div class=\"elementor-swiper\">\n\t\t\t<div class=\"elementor-main-swiper swiper-container\">\n\t\t\t\t<div class=\"swiper-wrapper\">\n\t\t\t\t\t\t\t\t\t\t\t<div class=\"swiper-slide\">\n\t\t\t\t\t\t\t<a href=\"https:\/\/serviafilm.rs\/wp-content\/uploads\/2022\/02\/01.jpg\" data-elementor-open-lightbox=\"yes\" data-elementor-lightbox-slideshow=\"3cddb495\" data-e-action-hash=\"#elementor-action%3Aaction%3Dlightbox%26settings%3DeyJpZCI6MTU4NSwidXJsIjoiaHR0cHM6XC9cL3NlcnZpYWZpbG0ucnNcL3dwLWNvbnRlbnRcL3VwbG9hZHNcLzIwMjJcLzAyXC8wMS5qcGciLCJzbGlkZXNob3ciOiIzY2RkYjQ5NSJ9\">\t\t<div class=\"elementor-carousel-image\" role=\"img\" aria-label=\"\" style=\"background-image: url(&#039;https:\/\/serviafilm.rs\/wp-content\/uploads\/2022\/02\/01.jpg&#039;)\">\n\n\t\t\t\n\t\t\t\t\t<\/div>\n\t\t<\/a>\t\t\t\t\t\t<\/div>\n\t\t\t\t\t\t\t\t\t\t\t<div class=\"swiper-slide\">\n\t\t\t\t\t\t\t<a href=\"https:\/\/serviafilm.rs\/wp-content\/uploads\/2022\/02\/02.jpg\" data-elementor-open-lightbox=\"yes\" data-elementor-lightbox-slideshow=\"3cddb495\" data-e-action-hash=\"#elementor-action%3Aaction%3Dlightbox%26settings%3DeyJpZCI6MTU4NiwidXJsIjoiaHR0cHM6XC9cL3NlcnZpYWZpbG0ucnNcL3dwLWNvbnRlbnRcL3VwbG9hZHNcLzIwMjJcLzAyXC8wMi5qcGciLCJzbGlkZXNob3ciOiIzY2RkYjQ5NSJ9\">\t\t<div class=\"elementor-carousel-image\" role=\"img\" aria-label=\"\" style=\"background-image: url(&#039;https:\/\/serviafilm.rs\/wp-content\/uploads\/2022\/02\/02.jpg&#039;)\">\n\n\t\t\t\n\t\t\t\t\t<\/div>\n\t\t<\/a>\t\t\t\t\t\t<\/div>\n\t\t\t\t\t\t\t\t\t\t\t<div class=\"swiper-slide\">\n\t\t\t\t\t\t\t<a href=\"https:\/\/serviafilm.rs\/wp-content\/uploads\/2022\/02\/03.jpg\" data-elementor-open-lightbox=\"yes\" data-elementor-lightbox-slideshow=\"3cddb495\" data-e-action-hash=\"#elementor-action%3Aaction%3Dlightbox%26settings%3DeyJpZCI6MTU4NywidXJsIjpmYWxzZSwic2xpZGVzaG93IjoiM2NkZGI0OTUifQ%3D%3D\">\t\t<div class=\"elementor-carousel-image\" role=\"img\" aria-label=\"\" style=\"background-image: url(&#039;https:\/\/serviafilm.rs\/wp-content\/uploads\/2022\/02\/03.jpg&#039;)\">\n\n\t\t\t\n\t\t\t\t\t<\/div>\n\t\t<\/a>\t\t\t\t\t\t<\/div>\n\t\t\t\t\t\t\t\t\t\t\t<div class=\"swiper-slide\">\n\t\t\t\t\t\t\t<a href=\"https:\/\/serviafilm.rs\/wp-content\/uploads\/2022\/02\/04.jpg\" data-elementor-open-lightbox=\"yes\" data-elementor-lightbox-slideshow=\"3cddb495\" data-e-action-hash=\"#elementor-action%3Aaction%3Dlightbox%26settings%3DeyJpZCI6MTU4OCwidXJsIjoiaHR0cHM6XC9cL3NlcnZpYWZpbG0ucnNcL3dwLWNvbnRlbnRcL3VwbG9hZHNcLzIwMjJcLzAyXC8wNC5qcGciLCJzbGlkZXNob3ciOiIzY2RkYjQ5NSJ9\">\t\t<div class=\"elementor-carousel-image\" role=\"img\" aria-label=\"\" style=\"background-image: url(&#039;https:\/\/serviafilm.rs\/wp-content\/uploads\/2022\/02\/04.jpg&#039;)\">\n\n\t\t\t\n\t\t\t\t\t<\/div>\n\t\t<\/a>\t\t\t\t\t\t<\/div>\n\t\t\t\t\t\t\t\t\t\t\t<div class=\"swiper-slide\">\n\t\t\t\t\t\t\t<a href=\"https:\/\/serviafilm.rs\/wp-content\/uploads\/2022\/02\/06.jpg\" data-elementor-open-lightbox=\"yes\" data-elementor-lightbox-slideshow=\"3cddb495\" data-e-action-hash=\"#elementor-action%3Aaction%3Dlightbox%26settings%3DeyJpZCI6MTU4OSwidXJsIjoiaHR0cHM6XC9cL3NlcnZpYWZpbG0ucnNcL3dwLWNvbnRlbnRcL3VwbG9hZHNcLzIwMjJcLzAyXC8wNi5qcGciLCJzbGlkZXNob3ciOiIzY2RkYjQ5NSJ9\">\t\t<div class=\"elementor-carousel-image\" role=\"img\" aria-label=\"\" style=\"background-image: url(&#039;https:\/\/serviafilm.rs\/wp-content\/uploads\/2022\/02\/06.jpg&#039;)\">\n\n\t\t\t\n\t\t\t\t\t<\/div>\n\t\t<\/a>\t\t\t\t\t\t<\/div>\n\t\t\t\t\t\t\t\t\t\t\t<div class=\"swiper-slide\">\n\t\t\t\t\t\t\t<a href=\"https:\/\/serviafilm.rs\/wp-content\/uploads\/2022\/02\/08.jpg\" data-elementor-open-lightbox=\"yes\" data-elementor-lightbox-slideshow=\"3cddb495\" data-e-action-hash=\"#elementor-action%3Aaction%3Dlightbox%26settings%3DeyJpZCI6MTU5MCwidXJsIjoiaHR0cHM6XC9cL3NlcnZpYWZpbG0ucnNcL3dwLWNvbnRlbnRcL3VwbG9hZHNcLzIwMjJcLzAyXC8wOC5qcGciLCJzbGlkZXNob3ciOiIzY2RkYjQ5NSJ9\">\t\t<div class=\"elementor-carousel-image\" role=\"img\" aria-label=\"\" style=\"background-image: url(&#039;https:\/\/serviafilm.rs\/wp-content\/uploads\/2022\/02\/08.jpg&#039;)\">\n\n\t\t\t\n\t\t\t\t\t<\/div>\n\t\t<\/a>\t\t\t\t\t\t<\/div>\n\t\t\t\t\t\t\t\t\t<\/div>\n\t\t\t\t\t\t\t\t\t\t\t\t\t\t\t<div class=\"swiper-pagination\"><\/div>\n\t\t\t\t\t\t\t\t\t\t\t\t\t\t\t\t<div class=\"elementor-swiper-button elementor-swiper-button-prev\" role=\"button\" tabindex=\"0\">\n\t\t\t\t\t\t\t<i aria-hidden=\"true\" class=\"eicon-chevron-left\"><\/i>\t\t\t\t\t\t\t<span class=\"elementor-screen-only\">\u041f\u0440\u0435\u0442\u0445\u043e\u0434\u043d\u0430<\/span>\n\t\t\t\t\t\t<\/div>\n\t\t\t\t\t\t<div class=\"elementor-swiper-button elementor-swiper-button-next\" role=\"button\" tabindex=\"0\">\n\t\t\t\t\t\t\t<i aria-hidden=\"true\" class=\"eicon-chevron-right\"><\/i>\t\t\t\t\t\t\t<span class=\"elementor-screen-only\">\u0421\u043b\u0435\u0434\u0435\u045b\u0438<\/span>\n\t\t\t\t\t\t<\/div>\n\t\t\t\t\t\t\t\t\t\t\t\t<\/div>\n\t\t<\/div>\n\t\t\t\t<\/div>\n\t\t\t\t<\/div>\n\t\t\t\t\t<\/div>\n\t\t<\/div>\n\t\t\t\t\t\t\t<\/div>\n\t\t<\/section>\n\t\t\t\t<section class=\"elementor-section elementor-top-section elementor-element elementor-element-63899ad5 elementor-section-boxed elementor-section-height-default elementor-section-height-default\" data-id=\"63899ad5\" data-element_type=\"section\">\n\t\t\t\t\t\t<div class=\"elementor-container elementor-column-gap-no\">\n\t\t\t\t\t<div class=\"plus-sticky-column-sticky elementor-column elementor-col-33 elementor-top-column elementor-element elementor-element-1dc00509 elementor-hidden-tablet elementor-hidden-phone\" data-plus-sticky-column-settings=\"{&quot;id&quot;:&quot;1dc00509&quot;,&quot;sticky&quot;:true,&quot;topSpacing&quot;:40,&quot;bottomSpacing&quot;:40,&quot;stickyOn&quot;:[&quot;desktop&quot;]}\" data-id=\"1dc00509\" data-element_type=\"column\">\n\t\t\t<div class=\"elementor-widget-wrap elementor-element-populated\">\n\t\t\t\t\t\t\t\t<div class=\"elementor-element elementor-element-375b41b1 elementor-widget__width-auto elementor-widget elementor-widget-heading\" data-id=\"375b41b1\" data-element_type=\"widget\" data-widget_type=\"heading.default\">\n\t\t\t\t<div class=\"elementor-widget-container\">\n\t\t\t<p class=\"elementor-heading-title elementor-size-default\">completed<\/p>\t\t<\/div>\n\t\t\t\t<\/div>\n\t\t\t\t\t<\/div>\n\t\t<\/div>\n\t\t\t\t<div class=\"plus-sticky-column-sticky elementor-column elementor-col-33 elementor-top-column elementor-element elementor-element-3e8d827c\" data-plus-sticky-column-settings=\"{&quot;id&quot;:&quot;3e8d827c&quot;,&quot;sticky&quot;:true,&quot;topSpacing&quot;:40,&quot;bottomSpacing&quot;:40,&quot;stickyOn&quot;:[&quot;desktop&quot;]}\" data-id=\"3e8d827c\" data-element_type=\"column\">\n\t\t\t<div class=\"elementor-widget-wrap elementor-element-populated\">\n\t\t\t\t\t\t\t\t<div class=\"elementor-element elementor-element-1ab61664 elementor-widget elementor-widget-heading\" data-id=\"1ab61664\" data-element_type=\"widget\" data-widget_type=\"heading.default\">\n\t\t\t\t<div class=\"elementor-widget-container\">\n\t\t\t<h1 class=\"elementor-heading-title elementor-size-default\">I'm afraid the bird will die<\/h1>\t\t<\/div>\n\t\t\t\t<\/div>\n\t\t\t\t<div class=\"elementor-element elementor-element-6f010979 elementor-widget elementor-widget-heading\" data-id=\"6f010979\" data-element_type=\"widget\" data-widget_type=\"heading.default\">\n\t\t\t\t<div class=\"elementor-widget-container\">\n\t\t\t<p class=\"elementor-heading-title elementor-size-default\">by Stefan \u0110or\u0111evi\u0107<\/p>\t\t<\/div>\n\t\t\t\t<\/div>\n\t\t\t\t<div class=\"elementor-element elementor-element-11abe174 elementor-widget__width-auto elementor-hidden-desktop elementor-widget elementor-widget-heading\" data-id=\"11abe174\" data-element_type=\"widget\" data-widget_type=\"heading.default\">\n\t\t\t\t<div class=\"elementor-widget-container\">\n\t\t\t<p class=\"elementor-heading-title elementor-size-default\">completed<\/p>\t\t<\/div>\n\t\t\t\t<\/div>\n\t\t\t\t<div class=\"elementor-element elementor-element-281f1555 elementor-widget elementor-widget-heading\" data-id=\"281f1555\" data-element_type=\"widget\" data-widget_type=\"heading.default\">\n\t\t\t\t<div class=\"elementor-widget-container\">\n\t\t\t<p class=\"elementor-heading-title elementor-size-default\">Short music film \/ 6\u2019 \/ 2022 \/ Drama<\/p>\t\t<\/div>\n\t\t\t\t<\/div>\n\t\t\t\t<div class=\"elementor-element elementor-element-3974fa4 elementor-widget elementor-widget-text-editor\" data-id=\"3974fa4\" data-element_type=\"widget\" data-widget_type=\"text-editor.default\">\n\t\t\t\t<div class=\"elementor-widget-container\">\n\t\t\t\t\t\t\tAn isolated female commune prepares a young girl for the ritual ceremony of maturation. She is promised to marry a boy from a male commune after the ritual. Confused by the expectations needed to be fulfilled, the girl escapes with the boy she likes.\t\t\t\t\t\t<\/div>\n\t\t\t\t<\/div>\n\t\t\t\t<div class=\"elementor-element elementor-element-2747bda3 elementor-widget elementor-widget-text-editor\" data-id=\"2747bda3\" data-element_type=\"widget\" data-widget_type=\"text-editor.default\">\n\t\t\t\t<div class=\"elementor-widget-container\">\n\t\t\t\t\t\t\t<p><b>Country of production<\/b> France and Serbia <b>Support of<\/b> National Centre for Cinema and the Moving Image (CNC) <b>Producer<\/b> Eddy <b>Co-Produce<\/b>r Servia Film <b>Starring<\/b> Jana Nik\u010devi\u0107 &amp; \u0110or\u0111e Davidovi\u0107 <b>Music <\/b>J.R. August<b> Sound designer<\/b> Luka Barajevi\u0107 <b>Costume designer <\/b>Biljana Grgur <b>Editor<\/b> Dragan von Petrovi\u0107 <b>Production designer <\/b>Dragana Ba\u0107ovi\u0107 <b>Makeup and Hair <\/b>Jovana Vukosavljevi\u0107 <b>Colorist<\/b> Nikola Marinkovi\u0107 <b>Director of Photography<\/b> Stefan \u0110or\u0111evi\u0107 <b>Written and Directed by <\/b>Stefan \u0110or\u0111evi\u0107<b> Produced by <\/b>Nicolas de Rosanbo, Milo\u0161 Ljubomirovi\u0107 &amp; C\u00e9line Vanlint<\/p>\t\t\t\t\t\t<\/div>\n\t\t\t\t<\/div>\n\t\t\t\t\t<\/div>\n\t\t<\/div>\n\t\t\t\t<div class=\"elementor-column elementor-col-33 elementor-top-column elementor-element elementor-element-b65ef3 serviafilm-project_widgets\" data-id=\"b65ef3\" data-element_type=\"column\">\n\t\t\t<div class=\"elementor-widget-wrap elementor-element-populated\">\n\t\t\t\t\t\t\t\t<div class=\"elementor-element elementor-element-2ffb461e elementor-hidden-desktop elementor-widget-divider--view-line elementor-widget elementor-widget-divider\" data-id=\"2ffb461e\" data-element_type=\"widget\" data-widget_type=\"divider.default\">\n\t\t\t\t<div class=\"elementor-widget-container\">\n\t\t\t\t\t<div class=\"elementor-divider\">\n\t\t\t<span class=\"elementor-divider-separator\">\n\t\t\t\t\t\t<\/span>\n\t\t<\/div>\n\t\t\t\t<\/div>\n\t\t\t\t<\/div>\n\t\t\t\t<div class=\"elementor-element elementor-element-744a404b elementor-widget elementor-widget-tp-advanced-buttons\" data-id=\"744a404b\" data-element_type=\"widget\" data-widget_type=\"tp-advanced-buttons.default\">\n\t\t\t\t<div class=\"elementor-widget-container\">\n\t\t\t<div class=\"pt-plus-adv-button-wrapper\" ><div class=\"adv_btn_ext_txt\">Download press kit<\/div><div id=\"advbutton69e762aa1f90f\" class=\"pt_plus_adv_button  ab-download  tp_download_st_1   dba_left\"  data-dfname=\"im-afraid-the-bird-will-die_press-kit_servia-film\"><a href=\"https:\/\/serviafilm.rs\/wp-content\/uploads\/2022\/02\/ENG-Press_The-birds.pdf\" target=\"_blank\" class=\"adv-button-link-wrap\" role=\"button\" download=\"im-afraid-the-bird-will-die_press-kit_servia-film\"><svg width=\"22px\" height=\"16px\" viewbox=\"0 0 22 16\">\n\t\t\t\t\t\t\t\t\t<path d=\"M2,10 L6,13 L12.8760559,4.5959317 C14.1180021,3.0779974 16.2457925,2.62289624 18,3.5 L18,3.5 C19.8385982,4.4192991 21,6.29848669 21,8.35410197 L21,10 C21,12.7614237 18.7614237,15 16,15 L1,15\" id=\"check\"><\/path>\n\t\t\t\t\t\t\t\t\t<polyline points=\"4.5 8.5 8 11 11.5 8.5\" class=\"svg-out\"><\/polyline>\n\t\t\t\t\t\t\t\t\t<path d=\"M8,1 L8,11\" class=\"svg-out\"><\/path>\n\t\t\t\t\t\t\t\t\t<\/svg><\/a><\/div><\/div>\t\t<\/div>\n\t\t\t\t<\/div>\n\t\t\t\t<div class=\"elementor-element elementor-element-21042911 elementor-widget-divider--view-line elementor-widget elementor-widget-divider\" data-id=\"21042911\" data-element_type=\"widget\" data-widget_type=\"divider.default\">\n\t\t\t\t<div class=\"elementor-widget-container\">\n\t\t\t\t\t<div class=\"elementor-divider\">\n\t\t\t<span class=\"elementor-divider-separator\">\n\t\t\t\t\t\t<\/span>\n\t\t<\/div>\n\t\t\t\t<\/div>\n\t\t\t\t<\/div>\n\t\t\t\t<div class=\"elementor-element elementor-element-757acd7 useful-links elementor-widget elementor-widget-heading\" data-id=\"757acd7\" data-element_type=\"widget\" data-widget_type=\"heading.default\">\n\t\t\t\t<div class=\"elementor-widget-container\">\n\t\t\t<p class=\"elementor-heading-title elementor-size-default\"><a href=\"https:\/\/www.imdb.com\/title\/tt17541604\/?ref_=nm_flmg_t_4_cin\" target=\"_blank\">IMDb<\/a><\/p>\t\t<\/div>\n\t\t\t\t<\/div>\n\t\t\t\t<div class=\"elementor-element elementor-element-b0cb841 elementor-widget-divider--view-line elementor-widget elementor-widget-divider\" data-id=\"b0cb841\" data-element_type=\"widget\" data-widget_type=\"divider.default\">\n\t\t\t\t<div class=\"elementor-widget-container\">\n\t\t\t\t\t<div class=\"elementor-divider\">\n\t\t\t<span class=\"elementor-divider-separator\">\n\t\t\t\t\t\t<\/span>\n\t\t<\/div>\n\t\t\t\t<\/div>\n\t\t\t\t<\/div>\n\t\t\t\t<section class=\"elementor-section elementor-inner-section elementor-element elementor-element-7b90b288 elementor-section-boxed elementor-section-height-default elementor-section-height-default\" data-id=\"7b90b288\" data-element_type=\"section\">\n\t\t\t\t\t\t<div class=\"elementor-container elementor-column-gap-no\">\n\t\t\t\t\t<div class=\"elementor-column elementor-col-100 elementor-inner-column elementor-element elementor-element-8541531\" data-id=\"8541531\" data-element_type=\"column\" data-settings=\"{&quot;background_background&quot;:&quot;classic&quot;}\">\n\t\t\t<div class=\"elementor-widget-wrap elementor-element-populated\">\n\t\t\t\t\t\t\t\t<div class=\"elementor-element elementor-element-32e7543d elementor-widget elementor-widget-heading\" data-id=\"32e7543d\" data-element_type=\"widget\" data-widget_type=\"heading.default\">\n\t\t\t\t<div class=\"elementor-widget-container\">\n\t\t\t<h2 class=\"elementor-heading-title elementor-size-default\">Media<\/h2>\t\t<\/div>\n\t\t\t\t<\/div>\n\t\t\t\t<div class=\"elementor-element elementor-element-1028d7c9 elementor-widget-tablet__width-initial elementor-widget elementor-widget-video\" data-id=\"1028d7c9\" data-element_type=\"widget\" data-settings=\"{&quot;video_type&quot;:&quot;vimeo&quot;,&quot;show_image_overlay&quot;:&quot;yes&quot;,&quot;image_overlay&quot;:{&quot;url&quot;:&quot;https:\\\/\\\/serviafilm.rs\\\/wp-content\\\/uploads\\\/2023\\\/07\\\/im-afraid-bird-will-die-small.jpg&quot;,&quot;id&quot;:1799,&quot;size&quot;:&quot;&quot;,&quot;alt&quot;:&quot;i&#039;m-afraid-bird-will-die&quot;,&quot;source&quot;:&quot;library&quot;}}\" data-widget_type=\"video.default\">\n\t\t\t\t<div class=\"elementor-widget-container\">\n\t\t\t\t\t<div class=\"elementor-wrapper elementor-open-inline\">\n\t\t\t<iframe class=\"elementor-video-iframe\" allowfullscreen title=\"\u041f\u0440\u0435\u0433\u043b\u0435\u0434\u0430\u0447 vimeo \u0432\u0438\u0434\u0435\u043e \u0437\u0430\u043f\u0438\u0441\u0430\" src=\"https:\/\/player.vimeo.com\/video\/672296846?color&amp;autopause=0&amp;loop=0&amp;muted=0&amp;title=0&amp;portrait=0&amp;byline=0#t=\"><\/iframe>\t\t\t\t<div class=\"elementor-custom-embed-image-overlay\" style=\"background-image: url(https:\/\/serviafilm.rs\/wp-content\/uploads\/2023\/07\/im-afraid-bird-will-die-small.jpg);\">\n\t\t\t\t\t\t\t\t\t\t\t\t\t\t\t\t<div class=\"elementor-custom-embed-play\" role=\"button\" aria-label=\"Play Video about i&#039;m-afraid-bird-will-die\" tabindex=\"0\">\n\t\t\t\t\t\t\t<i aria-hidden=\"true\" class=\"eicon-play\"><\/i>\t\t\t\t\t\t\t<span class=\"elementor-screen-only\">Play Video about i&#039;m-afraid-bird-will-die<\/span>\n\t\t\t\t\t\t<\/div>\n\t\t\t\t\t\t\t\t\t<\/div>\n\t\t\t\t\t<\/div>\n\t\t\t\t<\/div>\n\t\t\t\t<\/div>\n\t\t\t\t<div class=\"elementor-element elementor-element-5c4cd075 useful-links elementor-widget elementor-widget-heading\" data-id=\"5c4cd075\" data-element_type=\"widget\" data-widget_type=\"heading.default\">\n\t\t\t\t<div class=\"elementor-widget-container\">\n\t\t\t<p class=\"elementor-heading-title elementor-size-default\"><a href=\"https:\/\/vimeo.com\/672296846\" target=\"_blank\">Watch music film<\/a><\/p>\t\t<\/div>\n\t\t\t\t<\/div>\n\t\t\t\t\t<\/div>\n\t\t<\/div>\n\t\t\t\t\t\t\t<\/div>\n\t\t<\/section>\n\t\t\t\t<section class=\"elementor-section elementor-inner-section elementor-element elementor-element-1a3667c2 elementor-section-boxed elementor-section-height-default elementor-section-height-default\" data-id=\"1a3667c2\" data-element_type=\"section\">\n\t\t\t\t\t\t<div class=\"elementor-container elementor-column-gap-no\">\n\t\t\t\t\t<div class=\"elementor-column elementor-col-100 elementor-inner-column elementor-element elementor-element-a21c38e\" data-id=\"a21c38e\" data-element_type=\"column\" data-settings=\"{&quot;background_background&quot;:&quot;classic&quot;}\">\n\t\t\t<div class=\"elementor-widget-wrap elementor-element-populated\">\n\t\t\t\t\t\t\t\t<div class=\"elementor-element elementor-element-738938f0 elementor-widget elementor-widget-heading\" data-id=\"738938f0\" data-element_type=\"widget\" data-widget_type=\"heading.default\">\n\t\t\t\t<div class=\"elementor-widget-container\">\n\t\t\t<h2 class=\"elementor-heading-title elementor-size-default\">USEFUL LINKS<\/h2>\t\t<\/div>\n\t\t\t\t<\/div>\n\t\t\t\t<div class=\"elementor-element elementor-element-11643219 useful-links elementor-widget elementor-widget-heading\" data-id=\"11643219\" data-element_type=\"widget\" data-widget_type=\"heading.default\">\n\t\t\t\t<div class=\"elementor-widget-container\">\n\t\t\t<p class=\"elementor-heading-title elementor-size-default\"><a href=\"https:\/\/www.rts.rs\/page\/magazine\/ci\/story\/401\/film-i-tv\/4686326\/premijerno-prikazan-muzicki-film-stefana-djordjevica.html\" target=\"_blank\">Premijerno prikazan muzi\u010dki film Stefana \u0110or\u0111evi\u0107a<\/a><\/p>\t\t<\/div>\n\t\t\t\t<\/div>\n\t\t\t\t<div class=\"elementor-element elementor-element-f0f4e5d useful-links elementor-widget elementor-widget-heading\" data-id=\"f0f4e5d\" data-element_type=\"widget\" data-widget_type=\"heading.default\">\n\t\t\t\t<div class=\"elementor-widget-container\">\n\t\t\t<p class=\"elementor-heading-title elementor-size-default\"><a href=\"https:\/\/www.oblakoder.org.rs\/odrzana-premijera-muzickog-filma-stefana-dordevica\/\" target=\"_blank\">Odr\u017eana premijera muzi\u010dkog filma Stefana \u0110or\u0111evi\u0107a<\/a><\/p>\t\t<\/div>\n\t\t\t\t<\/div>\n\t\t\t\t<div class=\"elementor-element elementor-element-ae1166a useful-links elementor-widget elementor-widget-heading\" data-id=\"ae1166a\" data-element_type=\"widget\" data-widget_type=\"heading.default\">\n\t\t\t\t<div class=\"elementor-widget-container\">\n\t\t\t<p class=\"elementor-heading-title elementor-size-default\"><a href=\"http:\/\/www.fcs.rs\/54016\/\" target=\"_blank\">Pogledajte kratki muzi\u010dki film \u201eI'm Afraid The Bird Will Die\u201c u re\u017eiji Stefana \u0110or\u0111evi\u0107a<\/a><\/p>\t\t<\/div>\n\t\t\t\t<\/div>\n\t\t\t\t<div class=\"elementor-element elementor-element-3bb48f0 useful-links elementor-widget elementor-widget-heading\" data-id=\"3bb48f0\" data-element_type=\"widget\" data-widget_type=\"heading.default\">\n\t\t\t\t<div class=\"elementor-widget-container\">\n\t\t\t<p class=\"elementor-heading-title elementor-size-default\"><a href=\"https:\/\/www.beforeafter.rs\/kultura\/muzicki-film-za-pesmu-im-afraid-the-bird-will-die\/\" target=\"_blank\">Muzi\u010dki film za pesmu \u201cI\u2019m Afraid The Bird Will Die\u201d<\/a><\/p>\t\t<\/div>\n\t\t\t\t<\/div>\n\t\t\t\t\t<\/div>\n\t\t<\/div>\n\t\t\t\t\t\t\t<\/div>\n\t\t<\/section>\n\t\t\t\t\t<\/div>\n\t\t<\/div>\n\t\t\t\t\t\t\t<\/div>\n\t\t<\/section>\n\t\t\t\t\t\t\t<\/div>","protected":false},"excerpt":{"rendered":"<p>Previous Next completed I&#8217;m afraid the bird will die by Stefan \u0110or\u0111evi\u0107 completed Short music film \/ 6\u2019 \/ 2022 \/ Drama An isolated female commune prepares a young girl for the ritual ceremony of maturation. She is promised to marry a boy from a male commune after the ritual. Confused by the expectations needed [&hellip;]<\/p>","protected":false},"author":1,"featured_media":0,"parent":11,"menu_order":0,"comment_status":"closed","ping_status":"closed","template":"","meta":{"footnotes":""},"class_list":["post-1594","page","type-page","status-publish","hentry"],"_links":{"self":[{"href":"https:\/\/serviafilm.rs\/sr\/wp-json\/wp\/v2\/pages\/1594","targetHints":{"allow":["GET"]}}],"collection":[{"href":"https:\/\/serviafilm.rs\/sr\/wp-json\/wp\/v2\/pages"}],"about":[{"href":"https:\/\/serviafilm.rs\/sr\/wp-json\/wp\/v2\/types\/page"}],"author":[{"embeddable":true,"href":"https:\/\/serviafilm.rs\/sr\/wp-json\/wp\/v2\/users\/1"}],"replies":[{"embeddable":true,"href":"https:\/\/serviafilm.rs\/sr\/wp-json\/wp\/v2\/comments?post=1594"}],"version-history":[{"count":61,"href":"https:\/\/serviafilm.rs\/sr\/wp-json\/wp\/v2\/pages\/1594\/revisions"}],"predecessor-version":[{"id":2398,"href":"https:\/\/serviafilm.rs\/sr\/wp-json\/wp\/v2\/pages\/1594\/revisions\/2398"}],"up":[{"embeddable":true,"href":"https:\/\/serviafilm.rs\/sr\/wp-json\/wp\/v2\/pages\/11"}],"wp:attachment":[{"href":"https:\/\/serviafilm.rs\/sr\/wp-json\/wp\/v2\/media?parent=1594"}],"curies":[{"name":"wp","href":"https:\/\/api.w.org\/{rel}","templated":true}]}}