{"id":1840,"date":"2023-07-06T11:24:46","date_gmt":"2023-07-06T09:24:46","guid":{"rendered":"https:\/\/serviafilm.rs\/?page_id=1840"},"modified":"2023-07-06T21:38:04","modified_gmt":"2023-07-06T19:38:04","slug":"spring-cleaning","status":"publish","type":"page","link":"https:\/\/serviafilm.rs\/en\/films\/spring-cleaning\/","title":{"rendered":"Spring Cleaning"},"content":{"rendered":"\t\t<div data-elementor-type=\"wp-page\" data-elementor-id=\"1840\" class=\"elementor elementor-1840\" data-elementor-post-type=\"page\">\n\t\t\t\t\t\t\t\t\t<section class=\"elementor-section elementor-top-section elementor-element elementor-element-43e0e8e7 servia-film_single-project elementor-section-boxed elementor-section-height-default elementor-section-height-default\" data-id=\"43e0e8e7\" data-element_type=\"section\" data-settings=\"{&quot;background_background&quot;:&quot;classic&quot;}\">\n\t\t\t\t\t\t<div class=\"elementor-container elementor-column-gap-no\">\n\t\t\t\t\t<div class=\"elementor-column elementor-col-100 elementor-top-column elementor-element elementor-element-3fae664e\" data-id=\"3fae664e\" data-element_type=\"column\">\n\t\t\t<div class=\"elementor-widget-wrap elementor-element-populated\">\n\t\t\t\t\t\t\t\t<div class=\"elementor-element elementor-element-65a9a860 elementor-pagination-type-fraction serviafilm-project-slider elementor-pagination-position-inside elementor-skin-carousel elementor-arrows-yes elementor-widget elementor-widget-media-carousel\" data-id=\"65a9a860\" data-element_type=\"widget\" data-settings=\"{&quot;pagination&quot;:&quot;fraction&quot;,&quot;space_between&quot;:{&quot;unit&quot;:&quot;px&quot;,&quot;size&quot;:0,&quot;sizes&quot;:[]},&quot;effect&quot;:&quot;fade&quot;,&quot;skin&quot;:&quot;carousel&quot;,&quot;show_arrows&quot;:&quot;yes&quot;,&quot;speed&quot;:500,&quot;loop&quot;:&quot;yes&quot;,&quot;space_between_tablet&quot;:{&quot;unit&quot;:&quot;px&quot;,&quot;size&quot;:10,&quot;sizes&quot;:[]},&quot;space_between_mobile&quot;:{&quot;unit&quot;:&quot;px&quot;,&quot;size&quot;:10,&quot;sizes&quot;:[]}}\" data-widget_type=\"media-carousel.default\">\n\t\t\t\t<div class=\"elementor-widget-container\">\n\t\t\t\t\t<div class=\"elementor-swiper\">\n\t\t\t<div class=\"elementor-main-swiper swiper-container\">\n\t\t\t\t<div class=\"swiper-wrapper\">\n\t\t\t\t\t\t\t\t\t\t\t<div class=\"swiper-slide\">\n\t\t\t\t\t\t\t<a href=\"https:\/\/serviafilm.rs\/wp-content\/uploads\/2023\/07\/spring-cleaning-01.png\" data-elementor-open-lightbox=\"yes\" data-elementor-lightbox-slideshow=\"65a9a860\" data-elementor-lightbox-title=\"spring-cleaning-01\" data-e-action-hash=\"#elementor-action%3Aaction%3Dlightbox%26settings%3DeyJpZCI6MjExNiwidXJsIjoiaHR0cHM6XC9cL3NlcnZpYWZpbG0ucnNcL3dwLWNvbnRlbnRcL3VwbG9hZHNcLzIwMjNcLzA3XC9zcHJpbmctY2xlYW5pbmctMDEucG5nIiwic2xpZGVzaG93IjoiNjVhOWE4NjAifQ%3D%3D\">\t\t<div class=\"elementor-carousel-image\" role=\"img\" aria-label=\"spring-cleaning\" style=\"background-image: url(&#039;https:\/\/serviafilm.rs\/wp-content\/uploads\/2023\/07\/spring-cleaning-01.png&#039;)\">\n\n\t\t\t\n\t\t\t\t\t<\/div>\n\t\t<\/a>\t\t\t\t\t\t<\/div>\n\t\t\t\t\t\t\t\t\t<\/div>\n\t\t\t\t\t\t\t<\/div>\n\t\t<\/div>\n\t\t\t\t<\/div>\n\t\t\t\t<\/div>\n\t\t\t\t\t<\/div>\n\t\t<\/div>\n\t\t\t\t\t\t\t<\/div>\n\t\t<\/section>\n\t\t\t\t<section class=\"elementor-section elementor-top-section elementor-element elementor-element-6ff7cae7 elementor-section-boxed elementor-section-height-default elementor-section-height-default\" data-id=\"6ff7cae7\" data-element_type=\"section\">\n\t\t\t\t\t\t<div class=\"elementor-container elementor-column-gap-no\">\n\t\t\t\t\t<div class=\"plus-sticky-column-sticky elementor-column elementor-col-33 elementor-top-column elementor-element elementor-element-30aafe8c elementor-hidden-tablet elementor-hidden-phone\" data-plus-sticky-column-settings=\"{&quot;id&quot;:&quot;30aafe8c&quot;,&quot;sticky&quot;:true,&quot;topSpacing&quot;:40,&quot;bottomSpacing&quot;:40,&quot;stickyOn&quot;:[&quot;desktop&quot;]}\" data-id=\"30aafe8c\" data-element_type=\"column\">\n\t\t\t<div class=\"elementor-widget-wrap elementor-element-populated\">\n\t\t\t\t\t\t\t\t<div class=\"elementor-element elementor-element-12b28c2e elementor-widget__width-auto elementor-widget elementor-widget-heading\" data-id=\"12b28c2e\" data-element_type=\"widget\" data-widget_type=\"heading.default\">\n\t\t\t\t<div class=\"elementor-widget-container\">\n\t\t\t<p class=\"elementor-heading-title elementor-size-default\">in development<\/p>\t\t<\/div>\n\t\t\t\t<\/div>\n\t\t\t\t\t<\/div>\n\t\t<\/div>\n\t\t\t\t<div class=\"plus-sticky-column-sticky elementor-column elementor-col-33 elementor-top-column elementor-element elementor-element-9feb199\" data-plus-sticky-column-settings=\"{&quot;id&quot;:&quot;9feb199&quot;,&quot;sticky&quot;:true,&quot;topSpacing&quot;:40,&quot;bottomSpacing&quot;:40,&quot;stickyOn&quot;:[&quot;desktop&quot;]}\" data-id=\"9feb199\" data-element_type=\"column\">\n\t\t\t<div class=\"elementor-widget-wrap elementor-element-populated\">\n\t\t\t\t\t\t\t\t<div class=\"elementor-element elementor-element-b219f55 elementor-widget elementor-widget-heading\" data-id=\"b219f55\" data-element_type=\"widget\" data-widget_type=\"heading.default\">\n\t\t\t\t<div class=\"elementor-widget-container\">\n\t\t\t<h1 class=\"elementor-heading-title elementor-size-default\">Spring Cleaning<\/h1>\t\t<\/div>\n\t\t\t\t<\/div>\n\t\t\t\t<div class=\"elementor-element elementor-element-45802b98 elementor-widget elementor-widget-heading\" data-id=\"45802b98\" data-element_type=\"widget\" data-widget_type=\"heading.default\">\n\t\t\t\t<div class=\"elementor-widget-container\">\n\t\t\t<p class=\"elementor-heading-title elementor-size-default\">by Marija Apcevska<\/p>\t\t<\/div>\n\t\t\t\t<\/div>\n\t\t\t\t<div class=\"elementor-element elementor-element-64228442 elementor-widget__width-auto elementor-hidden-desktop elementor-widget elementor-widget-heading\" data-id=\"64228442\" data-element_type=\"widget\" data-widget_type=\"heading.default\">\n\t\t\t\t<div class=\"elementor-widget-container\">\n\t\t\t<p class=\"elementor-heading-title elementor-size-default\">in development<\/p>\t\t<\/div>\n\t\t\t\t<\/div>\n\t\t\t\t<div class=\"elementor-element elementor-element-3cd71b7c elementor-widget elementor-widget-heading\" data-id=\"3cd71b7c\" data-element_type=\"widget\" data-widget_type=\"heading.default\">\n\t\t\t\t<div class=\"elementor-widget-container\">\n\t\t\t<p class=\"elementor-heading-title elementor-size-default\">Feature film \/ 105\u2019 \/ Expected premiere 2025 \/ Mistery; Drama<\/p>\t\t<\/div>\n\t\t\t\t<\/div>\n\t\t\t\t<div class=\"elementor-element elementor-element-23701a79 elementor-widget elementor-widget-text-editor\" data-id=\"23701a79\" data-element_type=\"widget\" data-widget_type=\"text-editor.default\">\n\t\t\t\t<div class=\"elementor-widget-container\">\n\t\t\t\t\t\t\t<p>The prodigal daughter comes back to the hometown, because of her mother\u2019s suicide. But it seems like the mother came back from the after-life as well, in order to teach her some lessons.<\/p>\t\t\t\t\t\t<\/div>\n\t\t\t\t<\/div>\n\t\t\t\t<div class=\"elementor-element elementor-element-3c6fa5e7 elementor-widget elementor-widget-text-editor\" data-id=\"3c6fa5e7\" data-element_type=\"widget\" data-widget_type=\"text-editor.default\">\n\t\t\t\t<div class=\"elementor-widget-container\">\n\t\t\t\t\t\t\t<p><b>Country of production<\/b> North Macedonia, Serbia and Croatia <b>Language<\/b> Macedonian <b>Support of <\/b>North Macedonia Film Agency and Creative Europe MEDIA <b>Developed and presented on<\/b> Less is more, Jerusalem Sam Spiegel Labs, WEMW and Cannes FocusCOPRO <b>Producer <\/b>Kino Oko <b>Co-producers <\/b>Servia Film and Arsmedia <b>Co-producers <\/b>Milo\u0161 Ljubomirovi\u0107 and Bo\u0161tjan Ikovic<b> Produced by <\/b>Robert Naskov<b> Written and Directed by <\/b>Marija Apcevska<\/p>\t\t\t\t\t\t<\/div>\n\t\t\t\t<\/div>\n\t\t\t\t\t<\/div>\n\t\t<\/div>\n\t\t\t\t<div class=\"elementor-column elementor-col-33 elementor-top-column elementor-element elementor-element-6a8e3535 serviafilm-project_widgets\" data-id=\"6a8e3535\" data-element_type=\"column\">\n\t\t\t<div class=\"elementor-widget-wrap elementor-element-populated\">\n\t\t\t\t\t\t\t\t<div class=\"elementor-element elementor-element-5c06eaef elementor-hidden-desktop elementor-hidden-tablet elementor-hidden-mobile elementor-widget-divider--view-line elementor-widget elementor-widget-divider\" data-id=\"5c06eaef\" data-element_type=\"widget\" data-widget_type=\"divider.default\">\n\t\t\t\t<div class=\"elementor-widget-container\">\n\t\t\t\t\t<div class=\"elementor-divider\">\n\t\t\t<span class=\"elementor-divider-separator\">\n\t\t\t\t\t\t<\/span>\n\t\t<\/div>\n\t\t\t\t<\/div>\n\t\t\t\t<\/div>\n\t\t\t\t<section class=\"elementor-section elementor-inner-section elementor-element elementor-element-42d2741c elementor-section-boxed elementor-section-height-default elementor-section-height-default\" data-id=\"42d2741c\" data-element_type=\"section\">\n\t\t\t\t\t\t<div class=\"elementor-container elementor-column-gap-no\">\n\t\t\t\t\t<div class=\"elementor-column elementor-col-100 elementor-inner-column elementor-element elementor-element-36ce59c2\" data-id=\"36ce59c2\" data-element_type=\"column\" data-settings=\"{&quot;background_background&quot;:&quot;classic&quot;}\">\n\t\t\t<div class=\"elementor-widget-wrap elementor-element-populated\">\n\t\t\t\t\t\t\t\t<div class=\"elementor-element elementor-element-51ae0c4 elementor-widget elementor-widget-heading\" data-id=\"51ae0c4\" data-element_type=\"widget\" data-widget_type=\"heading.default\">\n\t\t\t\t<div class=\"elementor-widget-container\">\n\t\t\t<h2 class=\"elementor-heading-title elementor-size-default\">USEFUL LINKS<\/h2>\t\t<\/div>\n\t\t\t\t<\/div>\n\t\t\t\t<div class=\"elementor-element elementor-element-4ffd41c1 useful-links elementor-widget elementor-widget-heading\" data-id=\"4ffd41c1\" data-element_type=\"widget\" data-widget_type=\"heading.default\">\n\t\t\t\t<div class=\"elementor-widget-container\">\n\t\t\t<p class=\"elementor-heading-title elementor-size-default\"><a href=\"https:\/\/www.slobodenpecat.mk\/en\/filmskiot-proekt-proletno-chistenje-na-marija-apchevska-petrovska-dobi-poddrshka-za-razvoj-od-media\/\" target=\"_blank\">The film project \"Spring Cleaning\" by Marija Apchevska Petrovska received development support from MEDIA<\/a><\/p>\t\t<\/div>\n\t\t\t\t<\/div>\n\t\t\t\t<div class=\"elementor-element elementor-element-efb27a9 useful-links elementor-widget elementor-widget-heading\" data-id=\"efb27a9\" data-element_type=\"widget\" data-widget_type=\"heading.default\">\n\t\t\t\t<div class=\"elementor-widget-container\">\n\t\t\t<p class=\"elementor-heading-title elementor-size-default\"><a href=\"https:\/\/cineuropa.org\/en\/interview\/435887\/\" target=\"_blank\">Marija Apcevska \u2022 Director of North Pole<\/a><\/p>\t\t<\/div>\n\t\t\t\t<\/div>\n\t\t\t\t\t<\/div>\n\t\t<\/div>\n\t\t\t\t\t\t\t<\/div>\n\t\t<\/section>\n\t\t\t\t\t<\/div>\n\t\t<\/div>\n\t\t\t\t\t\t\t<\/div>\n\t\t<\/section>\n\t\t\t\t\t\t\t<\/div>\n\t\t","protected":false},"excerpt":{"rendered":"<p>in development Spring Cleaning by Marija Apcevska in development Feature film \/ 105\u2019 \/ Expected premiere 2025 \/ Mistery; Drama The prodigal daughter comes back to the hometown, because of her mother\u2019s suicide. But it seems like the mother came back from the after-life as well, in order to teach her some lessons. Country of [&hellip;]<\/p>\n","protected":false},"author":1,"featured_media":0,"parent":11,"menu_order":0,"comment_status":"closed","ping_status":"closed","template":"","meta":{"footnotes":""},"class_list":["post-1840","page","type-page","status-publish","hentry"],"_links":{"self":[{"href":"https:\/\/serviafilm.rs\/en\/wp-json\/wp\/v2\/pages\/1840","targetHints":{"allow":["GET"]}}],"collection":[{"href":"https:\/\/serviafilm.rs\/en\/wp-json\/wp\/v2\/pages"}],"about":[{"href":"https:\/\/serviafilm.rs\/en\/wp-json\/wp\/v2\/types\/page"}],"author":[{"embeddable":true,"href":"https:\/\/serviafilm.rs\/en\/wp-json\/wp\/v2\/users\/1"}],"replies":[{"embeddable":true,"href":"https:\/\/serviafilm.rs\/en\/wp-json\/wp\/v2\/comments?post=1840"}],"version-history":[{"count":24,"href":"https:\/\/serviafilm.rs\/en\/wp-json\/wp\/v2\/pages\/1840\/revisions"}],"predecessor-version":[{"id":2429,"href":"https:\/\/serviafilm.rs\/en\/wp-json\/wp\/v2\/pages\/1840\/revisions\/2429"}],"up":[{"embeddable":true,"href":"https:\/\/serviafilm.rs\/en\/wp-json\/wp\/v2\/pages\/11"}],"wp:attachment":[{"href":"https:\/\/serviafilm.rs\/en\/wp-json\/wp\/v2\/media?parent=1840"}],"curies":[{"name":"wp","href":"https:\/\/api.w.org\/{rel}","templated":true}]}}