{"id":1475,"date":"2021-07-15T16:09:07","date_gmt":"2021-07-15T14:09:07","guid":{"rendered":"https:\/\/serviafilm.rs\/?page_id=1475"},"modified":"2023-07-06T21:02:18","modified_gmt":"2023-07-06T19:02:18","slug":"portrait-of-a-dying-giant","status":"publish","type":"page","link":"https:\/\/serviafilm.rs\/en\/films\/portrait-of-a-dying-giant\/","title":{"rendered":"Portrait of a Dying Giant"},"content":{"rendered":"\t\t<div data-elementor-type=\"wp-page\" data-elementor-id=\"1475\" class=\"elementor elementor-1475\" data-elementor-post-type=\"page\">\n\t\t\t\t\t\t\t\t\t<section class=\"elementor-section elementor-top-section elementor-element elementor-element-77559f85 servia-film_single-project elementor-section-boxed elementor-section-height-default elementor-section-height-default\" data-id=\"77559f85\" data-element_type=\"section\" data-settings=\"{&quot;background_background&quot;:&quot;classic&quot;}\">\n\t\t\t\t\t\t<div class=\"elementor-container elementor-column-gap-no\">\n\t\t\t\t\t<div class=\"elementor-column elementor-col-100 elementor-top-column elementor-element elementor-element-56a5b293\" data-id=\"56a5b293\" data-element_type=\"column\">\n\t\t\t<div class=\"elementor-widget-wrap elementor-element-populated\">\n\t\t\t\t\t\t\t\t<div class=\"elementor-element elementor-element-60d13a6d elementor-pagination-type-fraction serviafilm-project-slider elementor-pagination-position-inside elementor-skin-carousel elementor-arrows-yes elementor-widget elementor-widget-media-carousel\" data-id=\"60d13a6d\" data-element_type=\"widget\" data-settings=\"{&quot;pagination&quot;:&quot;fraction&quot;,&quot;space_between&quot;:{&quot;unit&quot;:&quot;px&quot;,&quot;size&quot;:0,&quot;sizes&quot;:[]},&quot;effect&quot;:&quot;fade&quot;,&quot;lazyload&quot;:&quot;yes&quot;,&quot;skin&quot;:&quot;carousel&quot;,&quot;show_arrows&quot;:&quot;yes&quot;,&quot;speed&quot;:500,&quot;loop&quot;:&quot;yes&quot;,&quot;space_between_tablet&quot;:{&quot;unit&quot;:&quot;px&quot;,&quot;size&quot;:10,&quot;sizes&quot;:[]},&quot;space_between_mobile&quot;:{&quot;unit&quot;:&quot;px&quot;,&quot;size&quot;:10,&quot;sizes&quot;:[]}}\" data-widget_type=\"media-carousel.default\">\n\t\t\t\t<div class=\"elementor-widget-container\">\n\t\t\t\t\t<div class=\"elementor-swiper\">\n\t\t\t<div class=\"elementor-main-swiper swiper-container\">\n\t\t\t\t<div class=\"swiper-wrapper\">\n\t\t\t\t\t\t\t\t\t\t\t<div class=\"swiper-slide\">\n\t\t\t\t\t\t\t<a href=\"https:\/\/serviafilm.rs\/wp-content\/uploads\/2021\/07\/Ashes-Of-Us-Screenshot-01.jpg\" data-elementor-open-lightbox=\"yes\" data-elementor-lightbox-slideshow=\"60d13a6d\" data-e-action-hash=\"#elementor-action%3Aaction%3Dlightbox%26settings%3DeyJpZCI6MTQ3OSwidXJsIjpmYWxzZSwic2xpZGVzaG93IjoiNjBkMTNhNmQifQ%3D%3D\">\t\t<div class=\"elementor-carousel-image swiper-lazy\" role=\"img\" aria-label=\"\" data-background=\"https:\/\/serviafilm.rs\/wp-content\/uploads\/2021\/07\/Ashes-Of-Us-Screenshot-01.jpg\">\n\n\t\t\t\t\t\t\t<div class=\"swiper-lazy-preloader\"><\/div>\n\t\t\t\n\t\t\t\t\t<\/div>\n\t\t<\/a>\t\t\t\t\t\t<\/div>\n\t\t\t\t\t\t\t\t\t\t\t<div class=\"swiper-slide\">\n\t\t\t\t\t\t\t<a href=\"https:\/\/serviafilm.rs\/wp-content\/uploads\/2021\/07\/Ashes-Of-Us-Screenshot-02.jpg\" data-elementor-open-lightbox=\"yes\" data-elementor-lightbox-slideshow=\"60d13a6d\" data-e-action-hash=\"#elementor-action%3Aaction%3Dlightbox%26settings%3DeyJpZCI6MTQ4MCwidXJsIjoiaHR0cHM6XC9cL3NlcnZpYWZpbG0ucnNcL3dwLWNvbnRlbnRcL3VwbG9hZHNcLzIwMjFcLzA3XC9Bc2hlcy1PZi1Vcy1TY3JlZW5zaG90LTAyLmpwZyIsInNsaWRlc2hvdyI6IjYwZDEzYTZkIn0%3D\">\t\t<div class=\"elementor-carousel-image swiper-lazy\" role=\"img\" aria-label=\"\" data-background=\"https:\/\/serviafilm.rs\/wp-content\/uploads\/2021\/07\/Ashes-Of-Us-Screenshot-02.jpg\">\n\n\t\t\t\t\t\t\t<div class=\"swiper-lazy-preloader\"><\/div>\n\t\t\t\n\t\t\t\t\t<\/div>\n\t\t<\/a>\t\t\t\t\t\t<\/div>\n\t\t\t\t\t\t\t\t\t\t\t<div class=\"swiper-slide\">\n\t\t\t\t\t\t\t<a href=\"https:\/\/serviafilm.rs\/wp-content\/uploads\/2021\/07\/Ashes-Of-Us-Screenshot-03.jpg\" data-elementor-open-lightbox=\"yes\" data-elementor-lightbox-slideshow=\"60d13a6d\" data-e-action-hash=\"#elementor-action%3Aaction%3Dlightbox%26settings%3DeyJpZCI6MTQ4MSwidXJsIjoiaHR0cHM6XC9cL3NlcnZpYWZpbG0ucnNcL3dwLWNvbnRlbnRcL3VwbG9hZHNcLzIwMjFcLzA3XC9Bc2hlcy1PZi1Vcy1TY3JlZW5zaG90LTAzLmpwZyIsInNsaWRlc2hvdyI6IjYwZDEzYTZkIn0%3D\">\t\t<div class=\"elementor-carousel-image swiper-lazy\" role=\"img\" aria-label=\"\" data-background=\"https:\/\/serviafilm.rs\/wp-content\/uploads\/2021\/07\/Ashes-Of-Us-Screenshot-03.jpg\">\n\n\t\t\t\t\t\t\t<div class=\"swiper-lazy-preloader\"><\/div>\n\t\t\t\n\t\t\t\t\t<\/div>\n\t\t<\/a>\t\t\t\t\t\t<\/div>\n\t\t\t\t\t\t\t\t\t\t\t<div class=\"swiper-slide\">\n\t\t\t\t\t\t\t<a href=\"https:\/\/serviafilm.rs\/wp-content\/uploads\/2021\/07\/Ashes-Of-Us-Screenshot-04.jpg\" data-elementor-open-lightbox=\"yes\" data-elementor-lightbox-slideshow=\"60d13a6d\" data-e-action-hash=\"#elementor-action%3Aaction%3Dlightbox%26settings%3DeyJpZCI6MTQ4MiwidXJsIjoiaHR0cHM6XC9cL3NlcnZpYWZpbG0ucnNcL3dwLWNvbnRlbnRcL3VwbG9hZHNcLzIwMjFcLzA3XC9Bc2hlcy1PZi1Vcy1TY3JlZW5zaG90LTA0LmpwZyIsInNsaWRlc2hvdyI6IjYwZDEzYTZkIn0%3D\">\t\t<div class=\"elementor-carousel-image swiper-lazy\" role=\"img\" aria-label=\"\" data-background=\"https:\/\/serviafilm.rs\/wp-content\/uploads\/2021\/07\/Ashes-Of-Us-Screenshot-04.jpg\">\n\n\t\t\t\t\t\t\t<div class=\"swiper-lazy-preloader\"><\/div>\n\t\t\t\n\t\t\t\t\t<\/div>\n\t\t<\/a>\t\t\t\t\t\t<\/div>\n\t\t\t\t\t\t\t\t\t\t\t<div class=\"swiper-slide\">\n\t\t\t\t\t\t\t<a href=\"https:\/\/serviafilm.rs\/wp-content\/uploads\/2021\/07\/Ashes-Of-Us-Screenshot-05.jpg\" data-elementor-open-lightbox=\"yes\" data-elementor-lightbox-slideshow=\"60d13a6d\" data-e-action-hash=\"#elementor-action%3Aaction%3Dlightbox%26settings%3DeyJpZCI6MTQ4MywidXJsIjoiaHR0cHM6XC9cL3NlcnZpYWZpbG0ucnNcL3dwLWNvbnRlbnRcL3VwbG9hZHNcLzIwMjFcLzA3XC9Bc2hlcy1PZi1Vcy1TY3JlZW5zaG90LTA1LmpwZyIsInNsaWRlc2hvdyI6IjYwZDEzYTZkIn0%3D\">\t\t<div class=\"elementor-carousel-image swiper-lazy\" role=\"img\" aria-label=\"\" data-background=\"https:\/\/serviafilm.rs\/wp-content\/uploads\/2021\/07\/Ashes-Of-Us-Screenshot-05.jpg\">\n\n\t\t\t\t\t\t\t<div class=\"swiper-lazy-preloader\"><\/div>\n\t\t\t\n\t\t\t\t\t<\/div>\n\t\t<\/a>\t\t\t\t\t\t<\/div>\n\t\t\t\t\t\t\t\t\t\t\t<div class=\"swiper-slide\">\n\t\t\t\t\t\t\t<a href=\"https:\/\/serviafilm.rs\/wp-content\/uploads\/2021\/07\/Ashes-Of-Us-Screenshot-06.jpg\" data-elementor-open-lightbox=\"yes\" data-elementor-lightbox-slideshow=\"60d13a6d\" data-e-action-hash=\"#elementor-action%3Aaction%3Dlightbox%26settings%3DeyJpZCI6MTQ4NCwidXJsIjoiaHR0cHM6XC9cL3NlcnZpYWZpbG0ucnNcL3dwLWNvbnRlbnRcL3VwbG9hZHNcLzIwMjFcLzA3XC9Bc2hlcy1PZi1Vcy1TY3JlZW5zaG90LTA2LmpwZyIsInNsaWRlc2hvdyI6IjYwZDEzYTZkIn0%3D\">\t\t<div class=\"elementor-carousel-image swiper-lazy\" role=\"img\" aria-label=\"\" data-background=\"https:\/\/serviafilm.rs\/wp-content\/uploads\/2021\/07\/Ashes-Of-Us-Screenshot-06.jpg\">\n\n\t\t\t\t\t\t\t<div class=\"swiper-lazy-preloader\"><\/div>\n\t\t\t\n\t\t\t\t\t<\/div>\n\t\t<\/a>\t\t\t\t\t\t<\/div>\n\t\t\t\t\t\t\t\t\t\t\t<div class=\"swiper-slide\">\n\t\t\t\t\t\t\t<a href=\"https:\/\/serviafilm.rs\/wp-content\/uploads\/2021\/07\/Ashes-Of-Us-Screenshot-07.jpg\" data-elementor-open-lightbox=\"yes\" data-elementor-lightbox-slideshow=\"60d13a6d\" data-e-action-hash=\"#elementor-action%3Aaction%3Dlightbox%26settings%3DeyJpZCI6MTQ4NSwidXJsIjoiaHR0cHM6XC9cL3NlcnZpYWZpbG0ucnNcL3dwLWNvbnRlbnRcL3VwbG9hZHNcLzIwMjFcLzA3XC9Bc2hlcy1PZi1Vcy1TY3JlZW5zaG90LTA3LmpwZyIsInNsaWRlc2hvdyI6IjYwZDEzYTZkIn0%3D\">\t\t<div class=\"elementor-carousel-image swiper-lazy\" role=\"img\" aria-label=\"\" data-background=\"https:\/\/serviafilm.rs\/wp-content\/uploads\/2021\/07\/Ashes-Of-Us-Screenshot-07.jpg\">\n\n\t\t\t\t\t\t\t<div class=\"swiper-lazy-preloader\"><\/div>\n\t\t\t\n\t\t\t\t\t<\/div>\n\t\t<\/a>\t\t\t\t\t\t<\/div>\n\t\t\t\t\t\t\t\t\t<\/div>\n\t\t\t\t\t\t\t\t\t\t\t\t\t\t\t<div class=\"swiper-pagination\"><\/div>\n\t\t\t\t\t\t\t\t\t\t\t\t\t\t\t\t<div class=\"elementor-swiper-button elementor-swiper-button-prev\" role=\"button\" tabindex=\"0\">\n\t\t\t\t\t\t\t<i aria-hidden=\"true\" class=\"eicon-chevron-left\"><\/i>\t\t\t\t\t\t\t<span class=\"elementor-screen-only\">Previous<\/span>\n\t\t\t\t\t\t<\/div>\n\t\t\t\t\t\t<div class=\"elementor-swiper-button elementor-swiper-button-next\" role=\"button\" tabindex=\"0\">\n\t\t\t\t\t\t\t<i aria-hidden=\"true\" class=\"eicon-chevron-right\"><\/i>\t\t\t\t\t\t\t<span class=\"elementor-screen-only\">Next<\/span>\n\t\t\t\t\t\t<\/div>\n\t\t\t\t\t\t\t\t\t\t\t\t<\/div>\n\t\t<\/div>\n\t\t\t\t<\/div>\n\t\t\t\t<\/div>\n\t\t\t\t\t<\/div>\n\t\t<\/div>\n\t\t\t\t\t\t\t<\/div>\n\t\t<\/section>\n\t\t\t\t<section class=\"elementor-section elementor-top-section elementor-element elementor-element-66f931dd elementor-section-boxed elementor-section-height-default elementor-section-height-default\" data-id=\"66f931dd\" data-element_type=\"section\">\n\t\t\t\t\t\t<div class=\"elementor-container elementor-column-gap-no\">\n\t\t\t\t\t<div class=\"plus-sticky-column-sticky elementor-column elementor-col-33 elementor-top-column elementor-element elementor-element-45d37061 elementor-hidden-tablet elementor-hidden-phone\" data-plus-sticky-column-settings=\"{&quot;id&quot;:&quot;45d37061&quot;,&quot;sticky&quot;:true,&quot;topSpacing&quot;:40,&quot;bottomSpacing&quot;:40,&quot;stickyOn&quot;:[&quot;desktop&quot;]}\" data-id=\"45d37061\" data-element_type=\"column\">\n\t\t\t<div class=\"elementor-widget-wrap elementor-element-populated\">\n\t\t\t\t\t\t\t\t<div class=\"elementor-element elementor-element-336109de elementor-widget__width-auto elementor-widget elementor-widget-heading\" data-id=\"336109de\" data-element_type=\"widget\" data-widget_type=\"heading.default\">\n\t\t\t\t<div class=\"elementor-widget-container\">\n\t\t\t<p class=\"elementor-heading-title elementor-size-default\">completed<\/p>\t\t<\/div>\n\t\t\t\t<\/div>\n\t\t\t\t\t<\/div>\n\t\t<\/div>\n\t\t\t\t<div class=\"plus-sticky-column-sticky elementor-column elementor-col-33 elementor-top-column elementor-element elementor-element-7e9bbf61\" data-plus-sticky-column-settings=\"{&quot;id&quot;:&quot;7e9bbf61&quot;,&quot;sticky&quot;:true,&quot;topSpacing&quot;:40,&quot;bottomSpacing&quot;:40,&quot;stickyOn&quot;:[&quot;desktop&quot;]}\" data-id=\"7e9bbf61\" data-element_type=\"column\">\n\t\t\t<div class=\"elementor-widget-wrap elementor-element-populated\">\n\t\t\t\t\t\t\t\t<div class=\"elementor-element elementor-element-573f78cf elementor-widget elementor-widget-heading\" data-id=\"573f78cf\" data-element_type=\"widget\" data-widget_type=\"heading.default\">\n\t\t\t\t<div class=\"elementor-widget-container\">\n\t\t\t<h1 class=\"elementor-heading-title elementor-size-default\">Portrait of a Dying Giant<\/h1>\t\t<\/div>\n\t\t\t\t<\/div>\n\t\t\t\t<div class=\"elementor-element elementor-element-1f11a436 elementor-widget elementor-widget-heading\" data-id=\"1f11a436\" data-element_type=\"widget\" data-widget_type=\"heading.default\">\n\t\t\t\t<div class=\"elementor-widget-container\">\n\t\t\t<p class=\"elementor-heading-title elementor-size-default\">by Stefan \u0110or\u0111evi\u0107<\/p>\t\t<\/div>\n\t\t\t\t<\/div>\n\t\t\t\t<div class=\"elementor-element elementor-element-48488577 elementor-widget__width-auto elementor-hidden-desktop elementor-widget elementor-widget-heading\" data-id=\"48488577\" data-element_type=\"widget\" data-widget_type=\"heading.default\">\n\t\t\t\t<div class=\"elementor-widget-container\">\n\t\t\t<p class=\"elementor-heading-title elementor-size-default\">completed<\/p>\t\t<\/div>\n\t\t\t\t<\/div>\n\t\t\t\t<div class=\"elementor-element elementor-element-24be9462 elementor-widget elementor-widget-heading\" data-id=\"24be9462\" data-element_type=\"widget\" data-widget_type=\"heading.default\">\n\t\t\t\t<div class=\"elementor-widget-container\">\n\t\t\t<p class=\"elementor-heading-title elementor-size-default\">Short documentary film \/ 11\u2019 \/ Expected premiere 2021 \/ Observational Documentary<\/p>\t\t<\/div>\n\t\t\t\t<\/div>\n\t\t\t\t<div class=\"elementor-element elementor-element-5bd40483 elementor-widget elementor-widget-text-editor\" data-id=\"5bd40483\" data-element_type=\"widget\" data-widget_type=\"text-editor.default\">\n\t\t\t\t<div class=\"elementor-widget-container\">\n\t\t\t\t\t\t\t<p>\u201cPortrait of a Dying Giant\u201d is a visual ode to the miners of RTB Bor who spent their entire lives in the mine, labouring in dire conditions, operating obsolete technology that had not changed in years. Due to the acquisition of RTB Bor by Chinese investors, the old smeltery was destroyed and the need for the older miners disappeared. The film portrays their last working days.<\/p>\t\t\t\t\t\t<\/div>\n\t\t\t\t<\/div>\n\t\t\t\t<div class=\"elementor-element elementor-element-35dc46e0 elementor-widget elementor-widget-text-editor\" data-id=\"35dc46e0\" data-element_type=\"widget\" data-widget_type=\"text-editor.default\">\n\t\t\t\t<div class=\"elementor-widget-container\">\n\t\t\t\t\t\t\t<p><b>Country of production<\/b> Serbia <b>Support of <\/b>Film Center Serbia <b>Producer<\/b> Servia Film<b> Sound designer<\/b> Luka Barajevi\u0107 <b>Graphic design<\/b> Nenad Radoj\u010di\u0107 <b>Editor <\/b>Jelena Maksimovi\u0107 <b>Colorist<\/b> Nikola Marinkovi\u0107 <b>Director and Cinematographer <\/b>Stefan \u0110or\u0111evi\u0107<\/p>\t\t\t\t\t\t<\/div>\n\t\t\t\t<\/div>\n\t\t\t\t<div class=\"elementor-element elementor-element-8be99f0 elementor-widget elementor-widget-text-editor\" data-id=\"8be99f0\" data-element_type=\"widget\" data-widget_type=\"text-editor.default\">\n\t\t\t\t<div class=\"elementor-widget-container\">\n\t\t\t\t\t\t\t<p><b>Festivals<\/b> Beldocs <b>Distribution <\/b>Venice Biennale of Architecture<\/p>\t\t\t\t\t\t<\/div>\n\t\t\t\t<\/div>\n\t\t\t\t\t<\/div>\n\t\t<\/div>\n\t\t\t\t<div class=\"elementor-column elementor-col-33 elementor-top-column elementor-element elementor-element-736591c9 serviafilm-project_widgets\" data-id=\"736591c9\" data-element_type=\"column\">\n\t\t\t<div class=\"elementor-widget-wrap elementor-element-populated\">\n\t\t\t\t\t\t\t\t<div class=\"elementor-element elementor-element-5085bbae elementor-hidden-desktop elementor-widget-divider--view-line elementor-widget elementor-widget-divider\" data-id=\"5085bbae\" data-element_type=\"widget\" data-widget_type=\"divider.default\">\n\t\t\t\t<div class=\"elementor-widget-container\">\n\t\t\t\t\t<div class=\"elementor-divider\">\n\t\t\t<span class=\"elementor-divider-separator\">\n\t\t\t\t\t\t<\/span>\n\t\t<\/div>\n\t\t\t\t<\/div>\n\t\t\t\t<\/div>\n\t\t\t\t<div class=\"elementor-element elementor-element-b38d106 useful-links elementor-widget elementor-widget-heading\" data-id=\"b38d106\" data-element_type=\"widget\" data-widget_type=\"heading.default\">\n\t\t\t\t<div class=\"elementor-widget-container\">\n\t\t\t<p class=\"elementor-heading-title elementor-size-default\"><a href=\"https:\/\/www.imdb.com\/title\/tt27505080\/?ref_=nm_flmg_t_1_prd\" target=\"_blank\">IMDb<\/a><\/p>\t\t<\/div>\n\t\t\t\t<\/div>\n\t\t\t\t<div class=\"elementor-element elementor-element-15dd1d4 elementor-widget-divider--view-line elementor-widget elementor-widget-divider\" data-id=\"15dd1d4\" data-element_type=\"widget\" data-widget_type=\"divider.default\">\n\t\t\t\t<div class=\"elementor-widget-container\">\n\t\t\t\t\t<div class=\"elementor-divider\">\n\t\t\t<span class=\"elementor-divider-separator\">\n\t\t\t\t\t\t<\/span>\n\t\t<\/div>\n\t\t\t\t<\/div>\n\t\t\t\t<\/div>\n\t\t\t\t<section class=\"elementor-section elementor-inner-section elementor-element elementor-element-674d80b8 elementor-section-boxed elementor-section-height-default elementor-section-height-default\" data-id=\"674d80b8\" data-element_type=\"section\">\n\t\t\t\t\t\t<div class=\"elementor-container elementor-column-gap-no\">\n\t\t\t\t\t<div class=\"elementor-column elementor-col-100 elementor-inner-column elementor-element elementor-element-39440c5c\" data-id=\"39440c5c\" data-element_type=\"column\" data-settings=\"{&quot;background_background&quot;:&quot;classic&quot;}\">\n\t\t\t<div class=\"elementor-widget-wrap elementor-element-populated\">\n\t\t\t\t\t\t\t\t<div class=\"elementor-element elementor-element-23f38288 elementor-widget elementor-widget-heading\" data-id=\"23f38288\" data-element_type=\"widget\" data-widget_type=\"heading.default\">\n\t\t\t\t<div class=\"elementor-widget-container\">\n\t\t\t<h2 class=\"elementor-heading-title elementor-size-default\">Media<\/h2>\t\t<\/div>\n\t\t\t\t<\/div>\n\t\t\t\t<div class=\"elementor-element elementor-element-2351650 elementor-widget-tablet__width-initial elementor-widget elementor-widget-video\" data-id=\"2351650\" data-element_type=\"widget\" data-settings=\"{&quot;youtube_url&quot;:&quot;https:\\\/\\\/www.youtube.com\\\/watch?v=rV4bTSnii_M&quot;,&quot;lazy_load&quot;:&quot;yes&quot;,&quot;show_image_overlay&quot;:&quot;yes&quot;,&quot;image_overlay&quot;:{&quot;url&quot;:&quot;https:\\\/\\\/serviafilm.rs\\\/wp-content\\\/uploads\\\/2023\\\/07\\\/portrait-of-a-dying-giant-small.jpg&quot;,&quot;id&quot;:1798,&quot;size&quot;:&quot;&quot;,&quot;alt&quot;:&quot;portrait-of-a-dying-giant&quot;,&quot;source&quot;:&quot;library&quot;},&quot;video_type&quot;:&quot;youtube&quot;}\" data-widget_type=\"video.default\">\n\t\t\t\t<div class=\"elementor-widget-container\">\n\t\t\t\t\t<div class=\"elementor-wrapper elementor-open-inline\">\n\t\t\t<div class=\"elementor-video\"><\/div>\t\t\t\t<div class=\"elementor-custom-embed-image-overlay\" style=\"background-image: url(https:\/\/serviafilm.rs\/wp-content\/uploads\/2023\/07\/portrait-of-a-dying-giant-small.jpg);\">\n\t\t\t\t\t\t\t\t\t\t\t\t\t\t\t\t<div class=\"elementor-custom-embed-play\" role=\"button\" aria-label=\"Play Video about portrait-of-a-dying-giant\" tabindex=\"0\">\n\t\t\t\t\t\t\t<i aria-hidden=\"true\" class=\"eicon-play\"><\/i>\t\t\t\t\t\t\t<span class=\"elementor-screen-only\">Play Video about portrait-of-a-dying-giant<\/span>\n\t\t\t\t\t\t<\/div>\n\t\t\t\t\t\t\t\t\t<\/div>\n\t\t\t\t\t<\/div>\n\t\t\t\t<\/div>\n\t\t\t\t<\/div>\n\t\t\t\t<div class=\"elementor-element elementor-element-3679e44 useful-links elementor-widget elementor-widget-heading\" data-id=\"3679e44\" data-element_type=\"widget\" data-widget_type=\"heading.default\">\n\t\t\t\t<div class=\"elementor-widget-container\">\n\t\t\t<p class=\"elementor-heading-title elementor-size-default\"><a href=\"https:\/\/www.youtube.com\/watch?v=rV4bTSnii_M\" target=\"_blank\">Watch teser<\/a><\/p>\t\t<\/div>\n\t\t\t\t<\/div>\n\t\t\t\t<div class=\"elementor-element elementor-element-73482947 elementor-widget elementor-widget-image\" data-id=\"73482947\" data-element_type=\"widget\" data-widget_type=\"image.default\">\n\t\t\t\t<div class=\"elementor-widget-container\">\n\t\t\t\t\t\t\t\t\t\t\t\t\t\t\t\t<a href=\"https:\/\/serviafilm.rs\/wp-content\/uploads\/2022\/11\/portrait-of-a-dying-giant.jpg\" data-elementor-open-lightbox=\"yes\" data-e-action-hash=\"#elementor-action%3Aaction%3Dlightbox%26settings%3DeyJpZCI6MTY2NSwidXJsIjoiaHR0cHM6XC9cL3NlcnZpYWZpbG0ucnNcL3dwLWNvbnRlbnRcL3VwbG9hZHNcLzIwMjJcLzExXC9wb3J0cmFpdC1vZi1hLWR5aW5nLWdpYW50LmpwZyJ9\">\n\t\t\t\t\t\t\t<img loading=\"lazy\" decoding=\"async\" width=\"1400\" height=\"2000\" src=\"https:\/\/serviafilm.rs\/wp-content\/uploads\/2022\/11\/portrait-of-a-dying-giant.jpg\" class=\"attachment-full size-full wp-image-1665\" alt=\"\" srcset=\"https:\/\/serviafilm.rs\/wp-content\/uploads\/2022\/11\/portrait-of-a-dying-giant.jpg 1400w, https:\/\/serviafilm.rs\/wp-content\/uploads\/2022\/11\/portrait-of-a-dying-giant-210x300.jpg 210w, https:\/\/serviafilm.rs\/wp-content\/uploads\/2022\/11\/portrait-of-a-dying-giant-717x1024.jpg 717w, https:\/\/serviafilm.rs\/wp-content\/uploads\/2022\/11\/portrait-of-a-dying-giant-768x1097.jpg 768w, https:\/\/serviafilm.rs\/wp-content\/uploads\/2022\/11\/portrait-of-a-dying-giant-1075x1536.jpg 1075w, https:\/\/serviafilm.rs\/wp-content\/uploads\/2022\/11\/portrait-of-a-dying-giant-8x12.jpg 8w\" sizes=\"auto, (max-width: 1400px) 100vw, 1400px\" \/>\t\t\t\t\t\t\t\t<\/a>\n\t\t\t\t\t\t\t\t\t\t\t\t\t\t\t<\/div>\n\t\t\t\t<\/div>\n\t\t\t\t<div class=\"elementor-element elementor-element-1c8f37ad elementor-widget elementor-widget-tp-advanced-buttons\" data-id=\"1c8f37ad\" data-element_type=\"widget\" data-widget_type=\"tp-advanced-buttons.default\">\n\t\t\t\t<div class=\"elementor-widget-container\">\n\t\t\t<div class=\"pt-plus-adv-button-wrapper \" ><div class=\"adv_btn_ext_txt \">Film poster<\/div><div id=\"advbutton69e762b207a68\" class=\"pt_plus_adv_button  ab-download  tp_download_st_1   dba_left\"  data-dfname=portrait-of-a-dying-giant><a href=\"https:\/\/serviafilm.rs\/wp-content\/uploads\/2022\/11\/portrait-of-a-dying-giant.jpg\" class=\"adv-button-link-wrap \" role=\"button\" download=\"portrait-of-a-dying-giant\"><svg width=\"22px\" height=\"16px\" viewBox=\"0 0 22 16\">\n\t\t\t\t\t\t\t\t\t<path d=\"M2,10 L6,13 L12.8760559,4.5959317 C14.1180021,3.0779974 16.2457925,2.62289624 18,3.5 L18,3.5 C19.8385982,4.4192991 21,6.29848669 21,8.35410197 L21,10 C21,12.7614237 18.7614237,15 16,15 L1,15\" id=\"check\"><\/path>\n\t\t\t\t\t\t\t\t\t<polyline points=\"4.5 8.5 8 11 11.5 8.5\" class=\"svg-out\"><\/polyline>\n\t\t\t\t\t\t\t\t\t<path d=\"M8,1 L8,11\" class=\"svg-out\"><\/path>\n\t\t\t\t\t\t\t\t\t<\/svg><\/a><\/div><\/div>\t\t<\/div>\n\t\t\t\t<\/div>\n\t\t\t\t\t<\/div>\n\t\t<\/div>\n\t\t\t\t\t\t\t<\/div>\n\t\t<\/section>\n\t\t\t\t<section class=\"elementor-section elementor-inner-section elementor-element elementor-element-03c4250 elementor-section-boxed elementor-section-height-default elementor-section-height-default\" data-id=\"03c4250\" data-element_type=\"section\">\n\t\t\t\t\t\t<div class=\"elementor-container elementor-column-gap-no\">\n\t\t\t\t\t<div class=\"elementor-column elementor-col-100 elementor-inner-column elementor-element elementor-element-ae8f6d2\" data-id=\"ae8f6d2\" data-element_type=\"column\" data-settings=\"{&quot;background_background&quot;:&quot;classic&quot;}\">\n\t\t\t<div class=\"elementor-widget-wrap elementor-element-populated\">\n\t\t\t\t\t\t\t\t<div class=\"elementor-element elementor-element-689838b elementor-widget elementor-widget-heading\" data-id=\"689838b\" data-element_type=\"widget\" data-widget_type=\"heading.default\">\n\t\t\t\t<div class=\"elementor-widget-container\">\n\t\t\t<h2 class=\"elementor-heading-title elementor-size-default\">USEFUL LINKS<\/h2>\t\t<\/div>\n\t\t\t\t<\/div>\n\t\t\t\t<div class=\"elementor-element elementor-element-c4ef46a useful-links elementor-widget elementor-widget-heading\" data-id=\"c4ef46a\" data-element_type=\"widget\" data-widget_type=\"heading.default\">\n\t\t\t\t<div class=\"elementor-widget-container\">\n\t\t\t<p class=\"elementor-heading-title elementor-size-default\"><a href=\"https:\/\/rts.rs\/radio\/radio-beograd-2\/5179036\/dokumentarni-film-flotacija-na-festivalu-goeeast-u-vizbadenu.html\" target=\"_blank\">Portret umiru\u0107eg d\u017eina premijerno na festivalu Beldocs<\/a><\/p>\t\t<\/div>\n\t\t\t\t<\/div>\n\t\t\t\t\t<\/div>\n\t\t<\/div>\n\t\t\t\t\t\t\t<\/div>\n\t\t<\/section>\n\t\t\t\t\t<\/div>\n\t\t<\/div>\n\t\t\t\t\t\t\t<\/div>\n\t\t<\/section>\n\t\t\t\t\t\t\t<\/div>\n\t\t","protected":false},"excerpt":{"rendered":"<p>Previous Next completed Portrait of a Dying Giant by Stefan \u0110or\u0111evi\u0107 completed Short documentary film \/ 11\u2019 \/ Expected premiere 2021 \/ Observational Documentary \u201cPortrait of a Dying Giant\u201d is a visual ode to the miners of RTB Bor who spent their entire lives in the mine, labouring in dire conditions, operating obsolete technology that [&hellip;]<\/p>\n","protected":false},"author":1,"featured_media":0,"parent":11,"menu_order":0,"comment_status":"closed","ping_status":"closed","template":"","meta":{"footnotes":""},"class_list":["post-1475","page","type-page","status-publish","hentry"],"_links":{"self":[{"href":"https:\/\/serviafilm.rs\/en\/wp-json\/wp\/v2\/pages\/1475","targetHints":{"allow":["GET"]}}],"collection":[{"href":"https:\/\/serviafilm.rs\/en\/wp-json\/wp\/v2\/pages"}],"about":[{"href":"https:\/\/serviafilm.rs\/en\/wp-json\/wp\/v2\/types\/page"}],"author":[{"embeddable":true,"href":"https:\/\/serviafilm.rs\/en\/wp-json\/wp\/v2\/users\/1"}],"replies":[{"embeddable":true,"href":"https:\/\/serviafilm.rs\/en\/wp-json\/wp\/v2\/comments?post=1475"}],"version-history":[{"count":53,"href":"https:\/\/serviafilm.rs\/en\/wp-json\/wp\/v2\/pages\/1475\/revisions"}],"predecessor-version":[{"id":2395,"href":"https:\/\/serviafilm.rs\/en\/wp-json\/wp\/v2\/pages\/1475\/revisions\/2395"}],"up":[{"embeddable":true,"href":"https:\/\/serviafilm.rs\/en\/wp-json\/wp\/v2\/pages\/11"}],"wp:attachment":[{"href":"https:\/\/serviafilm.rs\/en\/wp-json\/wp\/v2\/media?parent=1475"}],"curies":[{"name":"wp","href":"https:\/\/api.w.org\/{rel}","templated":true}]}}