{"id":1373,"date":"2021-07-14T09:22:17","date_gmt":"2021-07-14T07:22:17","guid":{"rendered":"https:\/\/serviafilm.rs\/?page_id=1373"},"modified":"2023-07-06T21:44:06","modified_gmt":"2023-07-06T19:44:06","slug":"armadila","status":"publish","type":"page","link":"https:\/\/serviafilm.rs\/en\/films\/armadila\/","title":{"rendered":"Armadila"},"content":{"rendered":"\t\t<div data-elementor-type=\"wp-page\" data-elementor-id=\"1373\" class=\"elementor elementor-1373\" data-elementor-post-type=\"page\">\n\t\t\t\t\t\t\t\t\t<section class=\"elementor-section elementor-top-section elementor-element elementor-element-43e0e8e7 servia-film_single-project elementor-section-boxed elementor-section-height-default elementor-section-height-default\" data-id=\"43e0e8e7\" data-element_type=\"section\" data-settings=\"{&quot;background_background&quot;:&quot;classic&quot;}\">\n\t\t\t\t\t\t<div class=\"elementor-container elementor-column-gap-no\">\n\t\t\t\t\t<div class=\"elementor-column elementor-col-100 elementor-top-column elementor-element elementor-element-3fae664e\" data-id=\"3fae664e\" data-element_type=\"column\">\n\t\t\t<div class=\"elementor-widget-wrap elementor-element-populated\">\n\t\t\t\t\t\t\t\t<div class=\"elementor-element elementor-element-65a9a860 elementor-pagination-type-fraction serviafilm-project-slider elementor-pagination-position-inside elementor-skin-carousel elementor-arrows-yes elementor-widget elementor-widget-media-carousel\" data-id=\"65a9a860\" data-element_type=\"widget\" data-settings=\"{&quot;pagination&quot;:&quot;fraction&quot;,&quot;space_between&quot;:{&quot;unit&quot;:&quot;px&quot;,&quot;size&quot;:0,&quot;sizes&quot;:[]},&quot;effect&quot;:&quot;fade&quot;,&quot;lazyload&quot;:&quot;yes&quot;,&quot;skin&quot;:&quot;carousel&quot;,&quot;show_arrows&quot;:&quot;yes&quot;,&quot;speed&quot;:500,&quot;loop&quot;:&quot;yes&quot;,&quot;space_between_tablet&quot;:{&quot;unit&quot;:&quot;px&quot;,&quot;size&quot;:10,&quot;sizes&quot;:[]},&quot;space_between_mobile&quot;:{&quot;unit&quot;:&quot;px&quot;,&quot;size&quot;:10,&quot;sizes&quot;:[]}}\" data-widget_type=\"media-carousel.default\">\n\t\t\t\t<div class=\"elementor-widget-container\">\n\t\t\t\t\t<div class=\"elementor-swiper\">\n\t\t\t<div class=\"elementor-main-swiper swiper-container\">\n\t\t\t\t<div class=\"swiper-wrapper\">\n\t\t\t\t\t\t\t\t\t\t\t<div class=\"swiper-slide\">\n\t\t\t\t\t\t\t<a href=\"https:\/\/serviafilm.rs\/wp-content\/uploads\/2023\/07\/armadila-01.jpeg\" data-elementor-open-lightbox=\"yes\" data-elementor-lightbox-slideshow=\"65a9a860\" data-elementor-lightbox-title=\"armadila-01\" data-e-action-hash=\"#elementor-action%3Aaction%3Dlightbox%26settings%3DeyJpZCI6MTcyMiwidXJsIjoiaHR0cHM6XC9cL3NlcnZpYWZpbG0ucnNcL3dwLWNvbnRlbnRcL3VwbG9hZHNcLzIwMjNcLzA3XC9hcm1hZGlsYS0wMS5qcGVnIiwic2xpZGVzaG93IjoiNjVhOWE4NjAifQ%3D%3D\">\t\t<div class=\"elementor-carousel-image swiper-lazy\" role=\"img\" aria-label=\"armadila\" data-background=\"https:\/\/serviafilm.rs\/wp-content\/uploads\/2023\/07\/armadila-01.jpeg\">\n\n\t\t\t\t\t\t\t<div class=\"swiper-lazy-preloader\"><\/div>\n\t\t\t\n\t\t\t\t\t<\/div>\n\t\t<\/a>\t\t\t\t\t\t<\/div>\n\t\t\t\t\t\t\t\t\t\t\t<div class=\"swiper-slide\">\n\t\t\t\t\t\t\t<a href=\"https:\/\/serviafilm.rs\/wp-content\/uploads\/2023\/07\/armadila-02.jpeg\" data-elementor-open-lightbox=\"yes\" data-elementor-lightbox-slideshow=\"65a9a860\" data-elementor-lightbox-title=\"armadila-02\" data-e-action-hash=\"#elementor-action%3Aaction%3Dlightbox%26settings%3DeyJpZCI6MTcyMywidXJsIjoiaHR0cHM6XC9cL3NlcnZpYWZpbG0ucnNcL3dwLWNvbnRlbnRcL3VwbG9hZHNcLzIwMjNcLzA3XC9hcm1hZGlsYS0wMi5qcGVnIiwic2xpZGVzaG93IjoiNjVhOWE4NjAifQ%3D%3D\">\t\t<div class=\"elementor-carousel-image swiper-lazy\" role=\"img\" aria-label=\"armadila\" data-background=\"https:\/\/serviafilm.rs\/wp-content\/uploads\/2023\/07\/armadila-02.jpeg\">\n\n\t\t\t\t\t\t\t<div class=\"swiper-lazy-preloader\"><\/div>\n\t\t\t\n\t\t\t\t\t<\/div>\n\t\t<\/a>\t\t\t\t\t\t<\/div>\n\t\t\t\t\t\t\t\t\t\t\t<div class=\"swiper-slide\">\n\t\t\t\t\t\t\t<a href=\"https:\/\/serviafilm.rs\/wp-content\/uploads\/2023\/07\/armadila-03.jpeg\" data-elementor-open-lightbox=\"yes\" data-elementor-lightbox-slideshow=\"65a9a860\" data-elementor-lightbox-title=\"armadila-03\" data-e-action-hash=\"#elementor-action%3Aaction%3Dlightbox%26settings%3DeyJpZCI6MTcyNCwidXJsIjoiaHR0cHM6XC9cL3NlcnZpYWZpbG0ucnNcL3dwLWNvbnRlbnRcL3VwbG9hZHNcLzIwMjNcLzA3XC9hcm1hZGlsYS0wMy5qcGVnIiwic2xpZGVzaG93IjoiNjVhOWE4NjAifQ%3D%3D\">\t\t<div class=\"elementor-carousel-image swiper-lazy\" role=\"img\" aria-label=\"armadila\" data-background=\"https:\/\/serviafilm.rs\/wp-content\/uploads\/2023\/07\/armadila-03.jpeg\">\n\n\t\t\t\t\t\t\t<div class=\"swiper-lazy-preloader\"><\/div>\n\t\t\t\n\t\t\t\t\t<\/div>\n\t\t<\/a>\t\t\t\t\t\t<\/div>\n\t\t\t\t\t\t\t\t\t\t\t<div class=\"swiper-slide\">\n\t\t\t\t\t\t\t<a href=\"https:\/\/serviafilm.rs\/wp-content\/uploads\/2023\/07\/armadila-04.jpeg\" data-elementor-open-lightbox=\"yes\" data-elementor-lightbox-slideshow=\"65a9a860\" data-elementor-lightbox-title=\"armadila-04\" data-e-action-hash=\"#elementor-action%3Aaction%3Dlightbox%26settings%3DeyJpZCI6MTcyNSwidXJsIjoiaHR0cHM6XC9cL3NlcnZpYWZpbG0ucnNcL3dwLWNvbnRlbnRcL3VwbG9hZHNcLzIwMjNcLzA3XC9hcm1hZGlsYS0wNC5qcGVnIiwic2xpZGVzaG93IjoiNjVhOWE4NjAifQ%3D%3D\">\t\t<div class=\"elementor-carousel-image swiper-lazy\" role=\"img\" aria-label=\"armadila-04\" data-background=\"https:\/\/serviafilm.rs\/wp-content\/uploads\/2023\/07\/armadila-04.jpeg\">\n\n\t\t\t\t\t\t\t<div class=\"swiper-lazy-preloader\"><\/div>\n\t\t\t\n\t\t\t\t\t<\/div>\n\t\t<\/a>\t\t\t\t\t\t<\/div>\n\t\t\t\t\t\t\t\t\t\t\t<div class=\"swiper-slide\">\n\t\t\t\t\t\t\t<a href=\"https:\/\/serviafilm.rs\/wp-content\/uploads\/2023\/07\/armadila-05.jpeg\" data-elementor-open-lightbox=\"yes\" data-elementor-lightbox-slideshow=\"65a9a860\" data-elementor-lightbox-title=\"armadila-05\" data-e-action-hash=\"#elementor-action%3Aaction%3Dlightbox%26settings%3DeyJpZCI6MTcyNiwidXJsIjoiaHR0cHM6XC9cL3NlcnZpYWZpbG0ucnNcL3dwLWNvbnRlbnRcL3VwbG9hZHNcLzIwMjNcLzA3XC9hcm1hZGlsYS0wNS5qcGVnIiwic2xpZGVzaG93IjoiNjVhOWE4NjAifQ%3D%3D\">\t\t<div class=\"elementor-carousel-image swiper-lazy\" role=\"img\" aria-label=\"armadila-05\" data-background=\"https:\/\/serviafilm.rs\/wp-content\/uploads\/2023\/07\/armadila-05.jpeg\">\n\n\t\t\t\t\t\t\t<div class=\"swiper-lazy-preloader\"><\/div>\n\t\t\t\n\t\t\t\t\t<\/div>\n\t\t<\/a>\t\t\t\t\t\t<\/div>\n\t\t\t\t\t\t\t\t\t<\/div>\n\t\t\t\t\t\t\t\t\t\t\t\t\t\t\t<div class=\"swiper-pagination\"><\/div>\n\t\t\t\t\t\t\t\t\t\t\t\t\t\t\t\t<div class=\"elementor-swiper-button elementor-swiper-button-prev\" role=\"button\" tabindex=\"0\">\n\t\t\t\t\t\t\t<i aria-hidden=\"true\" class=\"eicon-chevron-left\"><\/i>\t\t\t\t\t\t\t<span class=\"elementor-screen-only\">Previous<\/span>\n\t\t\t\t\t\t<\/div>\n\t\t\t\t\t\t<div class=\"elementor-swiper-button elementor-swiper-button-next\" role=\"button\" tabindex=\"0\">\n\t\t\t\t\t\t\t<i aria-hidden=\"true\" class=\"eicon-chevron-right\"><\/i>\t\t\t\t\t\t\t<span class=\"elementor-screen-only\">Next<\/span>\n\t\t\t\t\t\t<\/div>\n\t\t\t\t\t\t\t\t\t\t\t\t<\/div>\n\t\t<\/div>\n\t\t\t\t<\/div>\n\t\t\t\t<\/div>\n\t\t\t\t\t<\/div>\n\t\t<\/div>\n\t\t\t\t\t\t\t<\/div>\n\t\t<\/section>\n\t\t\t\t<section class=\"elementor-section elementor-top-section elementor-element elementor-element-6ff7cae7 elementor-section-boxed elementor-section-height-default elementor-section-height-default\" data-id=\"6ff7cae7\" data-element_type=\"section\">\n\t\t\t\t\t\t<div class=\"elementor-container elementor-column-gap-no\">\n\t\t\t\t\t<div class=\"plus-sticky-column-sticky elementor-column elementor-col-33 elementor-top-column elementor-element elementor-element-30aafe8c elementor-hidden-tablet elementor-hidden-phone\" data-plus-sticky-column-settings=\"{&quot;id&quot;:&quot;30aafe8c&quot;,&quot;sticky&quot;:true,&quot;topSpacing&quot;:40,&quot;bottomSpacing&quot;:40,&quot;stickyOn&quot;:[&quot;desktop&quot;]}\" data-id=\"30aafe8c\" data-element_type=\"column\">\n\t\t\t<div class=\"elementor-widget-wrap elementor-element-populated\">\n\t\t\t\t\t\t\t\t<div class=\"elementor-element elementor-element-12b28c2e elementor-widget__width-auto elementor-widget elementor-widget-heading\" data-id=\"12b28c2e\" data-element_type=\"widget\" data-widget_type=\"heading.default\">\n\t\t\t\t<div class=\"elementor-widget-container\">\n\t\t\t<p class=\"elementor-heading-title elementor-size-default\">completed<\/p>\t\t<\/div>\n\t\t\t\t<\/div>\n\t\t\t\t\t<\/div>\n\t\t<\/div>\n\t\t\t\t<div class=\"plus-sticky-column-sticky elementor-column elementor-col-33 elementor-top-column elementor-element elementor-element-9feb199\" data-plus-sticky-column-settings=\"{&quot;id&quot;:&quot;9feb199&quot;,&quot;sticky&quot;:true,&quot;topSpacing&quot;:40,&quot;bottomSpacing&quot;:40,&quot;stickyOn&quot;:[&quot;desktop&quot;]}\" data-id=\"9feb199\" data-element_type=\"column\">\n\t\t\t<div class=\"elementor-widget-wrap elementor-element-populated\">\n\t\t\t\t\t\t\t\t<div class=\"elementor-element elementor-element-b219f55 elementor-widget elementor-widget-heading\" data-id=\"b219f55\" data-element_type=\"widget\" data-widget_type=\"heading.default\">\n\t\t\t\t<div class=\"elementor-widget-container\">\n\t\t\t<h1 class=\"elementor-heading-title elementor-size-default\">Armadila<\/h1>\t\t<\/div>\n\t\t\t\t<\/div>\n\t\t\t\t<div class=\"elementor-element elementor-element-45802b98 elementor-widget elementor-widget-heading\" data-id=\"45802b98\" data-element_type=\"widget\" data-widget_type=\"heading.default\">\n\t\t\t\t<div class=\"elementor-widget-container\">\n\t\t\t<p class=\"elementor-heading-title elementor-size-default\">by Gorana Jovanovi\u0107<\/p>\t\t<\/div>\n\t\t\t\t<\/div>\n\t\t\t\t<div class=\"elementor-element elementor-element-64228442 elementor-widget__width-auto elementor-hidden-desktop elementor-widget elementor-widget-heading\" data-id=\"64228442\" data-element_type=\"widget\" data-widget_type=\"heading.default\">\n\t\t\t\t<div class=\"elementor-widget-container\">\n\t\t\t<p class=\"elementor-heading-title elementor-size-default\">completed<\/p>\t\t<\/div>\n\t\t\t\t<\/div>\n\t\t\t\t<div class=\"elementor-element elementor-element-3cd71b7c elementor-widget elementor-widget-heading\" data-id=\"3cd71b7c\" data-element_type=\"widget\" data-widget_type=\"heading.default\">\n\t\t\t\t<div class=\"elementor-widget-container\">\n\t\t\t<p class=\"elementor-heading-title elementor-size-default\">Short fiction film \/ 11\u2019 \/ 2020 \/ Drama<\/p>\t\t<\/div>\n\t\t\t\t<\/div>\n\t\t\t\t<div class=\"elementor-element elementor-element-23701a79 elementor-widget elementor-widget-text-editor\" data-id=\"23701a79\" data-element_type=\"widget\" data-widget_type=\"text-editor.default\">\n\t\t\t\t<div class=\"elementor-widget-container\">\n\t\t\t\t\t\t\t<p>A tough 13-year-old girl struggles to keep her emotions under control, whether concerning her missing dog or the boy she\u00a0likes.<\/p>\t\t\t\t\t\t<\/div>\n\t\t\t\t<\/div>\n\t\t\t\t<div class=\"elementor-element elementor-element-3c6fa5e7 elementor-widget elementor-widget-text-editor\" data-id=\"3c6fa5e7\" data-element_type=\"widget\" data-widget_type=\"text-editor.default\">\n\t\t\t\t<div class=\"elementor-widget-container\">\n\t\t\t\t\t\t\t<p><b>Country of production<\/b> Serbia <b>Language<\/b> Serbian <strong>Support of<\/strong> Film Center Serbia <strong>Producer<\/strong> Servia Film <strong>Co-producer<\/strong> Cinne Rent <strong>Starring<\/strong> Iva Pernjakovi\u0107 and Nikola Ze\u010devi\u0107 <strong>Sound recordist<\/strong> Vladimir Jankovi\u0107 <strong>Sound designer<\/strong> Luka Barajevi\u0107 <strong>Make-up artist<\/strong> Lana Rakanovi\u0107 <strong>Costume designer<\/strong> Gorana Jovanovi\u0107 <strong>Production designer<\/strong> Gorana Jovanovi\u0107 <strong>Picture post-production<\/strong> Korektif, Ljubljana <strong>Special Effects<\/strong> Srba Kabadaji\u0107 <strong>Colorist<\/strong> Jure Ter\u017ean <strong>Director of Photography<\/strong> Lev Predan Kowarski <strong>Executive producer<\/strong> Milo\u0161 Ljubomirovi\u0107 <strong>Co-producer<\/strong> Ivica Vidanovi\u0107 <strong>Directed, Edited and Produced by<\/strong> Gorana Jovanovi\u0107<\/p>\t\t\t\t\t\t<\/div>\n\t\t\t\t<\/div>\n\t\t\t\t<div class=\"elementor-element elementor-element-6836211a elementor-widget elementor-widget-text-editor\" data-id=\"6836211a\" data-element_type=\"widget\" data-widget_type=\"text-editor.default\">\n\t\t\t\t<div class=\"elementor-widget-container\">\n\t\t\t\t\t\t\t<p><strong>Awards<\/strong> Best Film award (Vienna Shorts 2021), Best Short Film award + EFA Short Film Candidate (Motovun Film Festival) and FeKK BAL award (FeKK &#8211; Ljubljana Short Film Festival) <strong>Festivals<\/strong> Sarajevo Film Festival (TeenArena), Uppsala International Short Film Festival (Children&#8217;s Film Competition), Trieste Film Festival (Short Film Competition), Go Short &#8211; International Short Film Festival Nijmegen (European Competition), Atlanta Film Festival (New Mavericks), Kortfilmfestivalen (out of competition), Tetova International Film Festival (WIN Panorama competition), CinEast (Short film programme), SCHLiNGEL International Film Festival (International short film competition), Yerevan International Short Film Festival (International competition), International Short Film Festival &#8211; Film Front (Serbia \/ region competition), Filem&#8217;On &#8211; International Film Festival For Young Audiences (Short film competition), Kurzfilmfestival K\u00f6ln (Best of Festivals), Olympia International Film Festival for Children and Young People (Short film competition), Auteur Film Festival (&#8220;Brave Balkan&#8221; competition programme) and IN THE PALACE International Short Film Festival (Fiction competition)<\/p>\t\t\t\t\t\t<\/div>\n\t\t\t\t<\/div>\n\t\t\t\t\t<\/div>\n\t\t<\/div>\n\t\t\t\t<div class=\"elementor-column elementor-col-33 elementor-top-column elementor-element elementor-element-6a8e3535 serviafilm-project_widgets\" data-id=\"6a8e3535\" data-element_type=\"column\">\n\t\t\t<div class=\"elementor-widget-wrap elementor-element-populated\">\n\t\t\t\t\t\t\t\t<div class=\"elementor-element elementor-element-5c06eaef elementor-hidden-desktop elementor-hidden-tablet elementor-hidden-mobile elementor-widget-divider--view-line elementor-widget elementor-widget-divider\" data-id=\"5c06eaef\" data-element_type=\"widget\" data-widget_type=\"divider.default\">\n\t\t\t\t<div class=\"elementor-widget-container\">\n\t\t\t\t\t<div class=\"elementor-divider\">\n\t\t\t<span class=\"elementor-divider-separator\">\n\t\t\t\t\t\t<\/span>\n\t\t<\/div>\n\t\t\t\t<\/div>\n\t\t\t\t<\/div>\n\t\t\t\t<section class=\"elementor-section elementor-inner-section elementor-element elementor-element-7fb61940 elementor-section-boxed elementor-section-height-default elementor-section-height-default\" data-id=\"7fb61940\" data-element_type=\"section\">\n\t\t\t\t\t\t<div class=\"elementor-container elementor-column-gap-no\">\n\t\t\t\t\t<div class=\"elementor-column elementor-col-100 elementor-inner-column elementor-element elementor-element-7b72d913\" data-id=\"7b72d913\" data-element_type=\"column\" data-settings=\"{&quot;background_background&quot;:&quot;classic&quot;}\">\n\t\t\t<div class=\"elementor-widget-wrap elementor-element-populated\">\n\t\t\t\t\t\t\t\t<div class=\"elementor-element elementor-element-4f9d7b3d elementor-widget elementor-widget-heading\" data-id=\"4f9d7b3d\" data-element_type=\"widget\" data-widget_type=\"heading.default\">\n\t\t\t\t<div class=\"elementor-widget-container\">\n\t\t\t<h2 class=\"elementor-heading-title elementor-size-default\">Media<\/h2>\t\t<\/div>\n\t\t\t\t<\/div>\n\t\t\t\t<div class=\"elementor-element elementor-element-2fdfb39d elementor-widget-tablet__width-initial elementor-widget elementor-widget-video\" data-id=\"2fdfb39d\" data-element_type=\"widget\" data-settings=\"{&quot;youtube_url&quot;:&quot;https:\\\/\\\/www.youtube.com\\\/watch?v=ioqDVqU-Vgs&quot;,&quot;lazy_load&quot;:&quot;yes&quot;,&quot;show_image_overlay&quot;:&quot;yes&quot;,&quot;image_overlay&quot;:{&quot;url&quot;:&quot;https:\\\/\\\/serviafilm.rs\\\/wp-content\\\/uploads\\\/2023\\\/07\\\/armadila-small.jpg&quot;,&quot;id&quot;:1797,&quot;size&quot;:&quot;&quot;,&quot;alt&quot;:&quot;armadila&quot;,&quot;source&quot;:&quot;library&quot;},&quot;video_type&quot;:&quot;youtube&quot;}\" data-widget_type=\"video.default\">\n\t\t\t\t<div class=\"elementor-widget-container\">\n\t\t\t\t\t<div class=\"elementor-wrapper elementor-open-inline\">\n\t\t\t<div class=\"elementor-video\"><\/div>\t\t\t\t<div class=\"elementor-custom-embed-image-overlay\" style=\"background-image: url(https:\/\/serviafilm.rs\/wp-content\/uploads\/2023\/07\/armadila-small.jpg);\">\n\t\t\t\t\t\t\t\t\t\t\t\t\t\t\t\t<div class=\"elementor-custom-embed-play\" role=\"button\" aria-label=\"Play Video about armadila\" tabindex=\"0\">\n\t\t\t\t\t\t\t<i aria-hidden=\"true\" class=\"eicon-play\"><\/i>\t\t\t\t\t\t\t<span class=\"elementor-screen-only\">Play Video about armadila<\/span>\n\t\t\t\t\t\t<\/div>\n\t\t\t\t\t\t\t\t\t<\/div>\n\t\t\t\t\t<\/div>\n\t\t\t\t<\/div>\n\t\t\t\t<\/div>\n\t\t\t\t<div class=\"elementor-element elementor-element-456d7091 useful-links elementor-widget elementor-widget-heading\" data-id=\"456d7091\" data-element_type=\"widget\" data-widget_type=\"heading.default\">\n\t\t\t\t<div class=\"elementor-widget-container\">\n\t\t\t<p class=\"elementor-heading-title elementor-size-default\"><a href=\"https:\/\/www.youtube.com\/watch?v=ioqDVqU-Vgs\" target=\"_blank\">Watch trailer<\/a><\/p>\t\t<\/div>\n\t\t\t\t<\/div>\n\t\t\t\t<div class=\"elementor-element elementor-element-54a459a5 elementor-widget elementor-widget-image\" data-id=\"54a459a5\" data-element_type=\"widget\" data-widget_type=\"image.default\">\n\t\t\t\t<div class=\"elementor-widget-container\">\n\t\t\t\t\t\t\t\t\t\t\t\t\t\t\t\t<a href=\"https:\/\/serviafilm.rs\/wp-content\/uploads\/2023\/07\/armadila-poster.jpeg\" data-elementor-open-lightbox=\"yes\" data-elementor-lightbox-title=\"armadila-poster\" data-e-action-hash=\"#elementor-action%3Aaction%3Dlightbox%26settings%3DeyJpZCI6MTczMCwidXJsIjoiaHR0cHM6XC9cL3NlcnZpYWZpbG0ucnNcL3dwLWNvbnRlbnRcL3VwbG9hZHNcLzIwMjNcLzA3XC9hcm1hZGlsYS1wb3N0ZXIuanBlZyJ9\">\n\t\t\t\t\t\t\t<img loading=\"lazy\" decoding=\"async\" width=\"724\" height=\"1024\" src=\"https:\/\/serviafilm.rs\/wp-content\/uploads\/2023\/07\/armadila-poster.jpeg\" class=\"attachment-full size-full wp-image-1730\" alt=\"armadila\" srcset=\"https:\/\/serviafilm.rs\/wp-content\/uploads\/2023\/07\/armadila-poster.jpeg 724w, https:\/\/serviafilm.rs\/wp-content\/uploads\/2023\/07\/armadila-poster-212x300.jpeg 212w, https:\/\/serviafilm.rs\/wp-content\/uploads\/2023\/07\/armadila-poster-8x12.jpeg 8w\" sizes=\"auto, (max-width: 724px) 100vw, 724px\" \/>\t\t\t\t\t\t\t\t<\/a>\n\t\t\t\t\t\t\t\t\t\t\t\t\t\t\t<\/div>\n\t\t\t\t<\/div>\n\t\t\t\t<div class=\"elementor-element elementor-element-66bb165c elementor-widget elementor-widget-tp-advanced-buttons\" data-id=\"66bb165c\" data-element_type=\"widget\" data-widget_type=\"tp-advanced-buttons.default\">\n\t\t\t\t<div class=\"elementor-widget-container\">\n\t\t\t<div class=\"pt-plus-adv-button-wrapper \" ><div class=\"adv_btn_ext_txt \">Film poster<\/div><div id=\"advbutton69e762b211155\" class=\"pt_plus_adv_button  ab-download  tp_download_st_1   dba_left\"  data-dfname=armadila_film-poster_servia-film><a href=\"https:\/\/serviafilm.rs\/wp-content\/uploads\/2023\/07\/armadila-poster.jpeg\" class=\"adv-button-link-wrap \" role=\"button\" download=\"armadila_film-poster_servia-film\"><svg width=\"22px\" height=\"16px\" viewBox=\"0 0 22 16\">\n\t\t\t\t\t\t\t\t\t<path d=\"M2,10 L6,13 L12.8760559,4.5959317 C14.1180021,3.0779974 16.2457925,2.62289624 18,3.5 L18,3.5 C19.8385982,4.4192991 21,6.29848669 21,8.35410197 L21,10 C21,12.7614237 18.7614237,15 16,15 L1,15\" id=\"check\"><\/path>\n\t\t\t\t\t\t\t\t\t<polyline points=\"4.5 8.5 8 11 11.5 8.5\" class=\"svg-out\"><\/polyline>\n\t\t\t\t\t\t\t\t\t<path d=\"M8,1 L8,11\" class=\"svg-out\"><\/path>\n\t\t\t\t\t\t\t\t\t<\/svg><\/a><\/div><\/div>\t\t<\/div>\n\t\t\t\t<\/div>\n\t\t\t\t\t<\/div>\n\t\t<\/div>\n\t\t\t\t\t\t\t<\/div>\n\t\t<\/section>\n\t\t\t\t<section class=\"elementor-section elementor-inner-section elementor-element elementor-element-42d2741c elementor-section-boxed elementor-section-height-default elementor-section-height-default\" data-id=\"42d2741c\" data-element_type=\"section\">\n\t\t\t\t\t\t<div class=\"elementor-container elementor-column-gap-no\">\n\t\t\t\t\t<div class=\"elementor-column elementor-col-100 elementor-inner-column elementor-element elementor-element-36ce59c2\" data-id=\"36ce59c2\" data-element_type=\"column\" data-settings=\"{&quot;background_background&quot;:&quot;classic&quot;}\">\n\t\t\t<div class=\"elementor-widget-wrap elementor-element-populated\">\n\t\t\t\t\t\t\t\t<div class=\"elementor-element elementor-element-51ae0c4 elementor-widget elementor-widget-heading\" data-id=\"51ae0c4\" data-element_type=\"widget\" data-widget_type=\"heading.default\">\n\t\t\t\t<div class=\"elementor-widget-container\">\n\t\t\t<h2 class=\"elementor-heading-title elementor-size-default\">USEFUL LINKS<\/h2>\t\t<\/div>\n\t\t\t\t<\/div>\n\t\t\t\t<div class=\"elementor-element elementor-element-4ffd41c1 useful-links elementor-widget elementor-widget-heading\" data-id=\"4ffd41c1\" data-element_type=\"widget\" data-widget_type=\"heading.default\">\n\t\t\t\t<div class=\"elementor-widget-container\">\n\t\t\t<p class=\"elementor-heading-title elementor-size-default\"><a href=\"https:\/\/www.fcs.rs\/premijera-filma-armadila-gorane-jovanovic-u-programu-teenarena-sarajevskog-filmskog-festivala\/\" target=\"_blank\">Premijera filma \u201eArmadila\u201c Gorane Jovanovi\u0107 u programu \u201eTeenArena\u201c Sarajevskog filmskog festivala<\/a><\/p>\t\t<\/div>\n\t\t\t\t<\/div>\n\t\t\t\t<div class=\"elementor-element elementor-element-745efd9e useful-links elementor-widget elementor-widget-heading\" data-id=\"745efd9e\" data-element_type=\"widget\" data-widget_type=\"heading.default\">\n\t\t\t\t<div class=\"elementor-widget-container\">\n\t\t\t<p class=\"elementor-heading-title elementor-size-default\"><a href=\"https:\/\/www.fcs.rs\/kratki-igrani-film-armadila-gorane-jovanovic-dobitnik-glavne-nagrade-festivala-vienna-shorts-u-becu\/\" target=\"_blank\">Kratki igrani film \u201eArmadila\u201c Gorane Jovanovi\u0107 dobitnik glavne nagrade festivala Vienna Shorts u Be\u010du<\/a><\/p>\t\t<\/div>\n\t\t\t\t<\/div>\n\t\t\t\t<div class=\"elementor-element elementor-element-e464f9e useful-links elementor-widget elementor-widget-heading\" data-id=\"e464f9e\" data-element_type=\"widget\" data-widget_type=\"heading.default\">\n\t\t\t\t<div class=\"elementor-widget-container\">\n\t\t\t<p class=\"elementor-heading-title elementor-size-default\"><a href=\"https:\/\/www.fcs.rs\/nagrada-za-najbolji-kratki-film-u-motovunu-za-ostvarenje-armadila-gorane-jovanovic\/\" target=\"_blank\">Nagrada za najbolji kratki film u Motovunu za ostvarenje ,,Armadila\u201c Gorane Jovanovi\u0107<\/a><\/p>\t\t<\/div>\n\t\t\t\t<\/div>\n\t\t\t\t<div class=\"elementor-element elementor-element-1c749d8 useful-links elementor-widget elementor-widget-heading\" data-id=\"1c749d8\" data-element_type=\"widget\" data-widget_type=\"heading.default\">\n\t\t\t\t<div class=\"elementor-widget-container\">\n\t\t\t<p class=\"elementor-heading-title elementor-size-default\"><a href=\"https:\/\/www.euronews.rs\/kultura\/aktuelno-iz-kulture\/13855\/kratki-igrani-film-armadila-gorane-jovanovic-nagraden-na-festivalu-u-ljubljani\/vest\" target=\"_blank\">Kratki igrani film \"Armadila\" Gorane Jovanovi\u0107 nagra\u0111en na festivalu u Ljubljani<\/a><\/p>\t\t<\/div>\n\t\t\t\t<\/div>\n\t\t\t\t<div class=\"elementor-element elementor-element-cc5a1ab useful-links elementor-widget elementor-widget-heading\" data-id=\"cc5a1ab\" data-element_type=\"widget\" data-widget_type=\"heading.default\">\n\t\t\t\t<div class=\"elementor-widget-container\">\n\t\t\t<p class=\"elementor-heading-title elementor-size-default\"><a href=\"https:\/\/europeanfilmawards.eu\/en_EN\/film\/armadila.19573\" target=\"_blank\">ARMADILA - Film - European Film Awards<\/a><\/p>\t\t<\/div>\n\t\t\t\t<\/div>\n\t\t\t\t<div class=\"elementor-element elementor-element-6b5b9a5 useful-links elementor-widget elementor-widget-heading\" data-id=\"6b5b9a5\" data-element_type=\"widget\" data-widget_type=\"heading.default\">\n\t\t\t\t<div class=\"elementor-widget-container\">\n\t\t\t<p class=\"elementor-heading-title elementor-size-default\"><a href=\"http:\/\/ubiquarian.net\/2021\/05\/review-armadila-2020\/\" target=\"_blank\">Review: Armadila (2020)<\/a><\/p>\t\t<\/div>\n\t\t\t\t<\/div>\n\t\t\t\t<div class=\"elementor-element elementor-element-bd8b035 useful-links elementor-widget elementor-widget-heading\" data-id=\"bd8b035\" data-element_type=\"widget\" data-widget_type=\"heading.default\">\n\t\t\t\t<div class=\"elementor-widget-container\">\n\t\t\t<p class=\"elementor-heading-title elementor-size-default\"><a href=\"http:\/\/ubiquarian.\u0430https:\/\/www.fcs.rs\/armadilovo-odrastanje-u-predgradu\/net\/2021\/05\/review-armadila-2020\/\" target=\"_blank\">ARMADILOVO ODRASTANJE U PREDGRA\u0110U<\/a><\/p>\t\t<\/div>\n\t\t\t\t<\/div>\n\t\t\t\t\t<\/div>\n\t\t<\/div>\n\t\t\t\t\t\t\t<\/div>\n\t\t<\/section>\n\t\t\t\t\t<\/div>\n\t\t<\/div>\n\t\t\t\t\t\t\t<\/div>\n\t\t<\/section>\n\t\t\t\t\t\t\t<\/div>\n\t\t","protected":false},"excerpt":{"rendered":"<p>Previous Next completed Armadila by Gorana Jovanovi\u0107 completed Short fiction film \/ 11\u2019 \/ 2020 \/ Drama A tough 13-year-old girl struggles to keep her emotions under control, whether concerning her missing dog or the boy she\u00a0likes. Country of production Serbia Language Serbian Support of Film Center Serbia Producer Servia Film Co-producer Cinne Rent Starring [&hellip;]<\/p>\n","protected":false},"author":1,"featured_media":0,"parent":11,"menu_order":0,"comment_status":"closed","ping_status":"closed","template":"","meta":{"footnotes":""},"class_list":["post-1373","page","type-page","status-publish","hentry"],"_links":{"self":[{"href":"https:\/\/serviafilm.rs\/en\/wp-json\/wp\/v2\/pages\/1373","targetHints":{"allow":["GET"]}}],"collection":[{"href":"https:\/\/serviafilm.rs\/en\/wp-json\/wp\/v2\/pages"}],"about":[{"href":"https:\/\/serviafilm.rs\/en\/wp-json\/wp\/v2\/types\/page"}],"author":[{"embeddable":true,"href":"https:\/\/serviafilm.rs\/en\/wp-json\/wp\/v2\/users\/1"}],"replies":[{"embeddable":true,"href":"https:\/\/serviafilm.rs\/en\/wp-json\/wp\/v2\/comments?post=1373"}],"version-history":[{"count":152,"href":"https:\/\/serviafilm.rs\/en\/wp-json\/wp\/v2\/pages\/1373\/revisions"}],"predecessor-version":[{"id":2437,"href":"https:\/\/serviafilm.rs\/en\/wp-json\/wp\/v2\/pages\/1373\/revisions\/2437"}],"up":[{"embeddable":true,"href":"https:\/\/serviafilm.rs\/en\/wp-json\/wp\/v2\/pages\/11"}],"wp:attachment":[{"href":"https:\/\/serviafilm.rs\/en\/wp-json\/wp\/v2\/media?parent=1373"}],"curies":[{"name":"wp","href":"https:\/\/api.w.org\/{rel}","templated":true}]}}