{"id":1330,"date":"2021-07-13T11:25:48","date_gmt":"2021-07-13T09:25:48","guid":{"rendered":"https:\/\/serviafilm.rs\/?page_id=1330"},"modified":"2023-07-06T21:44:42","modified_gmt":"2023-07-06T19:44:42","slug":"go-back","status":"publish","type":"page","link":"https:\/\/serviafilm.rs\/en\/films\/go-back\/","title":{"rendered":"Go Back!"},"content":{"rendered":"\t\t<div data-elementor-type=\"wp-page\" data-elementor-id=\"1330\" class=\"elementor elementor-1330\" data-elementor-post-type=\"page\">\n\t\t\t\t\t\t\t\t\t<section class=\"elementor-section elementor-top-section elementor-element elementor-element-7806a76f servia-film_single-project elementor-section-boxed elementor-section-height-default elementor-section-height-default\" data-id=\"7806a76f\" data-element_type=\"section\" data-settings=\"{&quot;background_background&quot;:&quot;classic&quot;}\">\n\t\t\t\t\t\t<div class=\"elementor-container elementor-column-gap-no\">\n\t\t\t\t\t<div class=\"elementor-column elementor-col-100 elementor-top-column elementor-element elementor-element-6cc59c24\" data-id=\"6cc59c24\" data-element_type=\"column\">\n\t\t\t<div class=\"elementor-widget-wrap elementor-element-populated\">\n\t\t\t\t\t\t\t\t<div class=\"elementor-element elementor-element-109dddd5 elementor-pagination-type-fraction serviafilm-project-slider elementor-pagination-position-inside elementor-skin-carousel elementor-arrows-yes elementor-widget elementor-widget-media-carousel\" data-id=\"109dddd5\" data-element_type=\"widget\" data-settings=\"{&quot;pagination&quot;:&quot;fraction&quot;,&quot;space_between&quot;:{&quot;unit&quot;:&quot;px&quot;,&quot;size&quot;:0,&quot;sizes&quot;:[]},&quot;effect&quot;:&quot;fade&quot;,&quot;skin&quot;:&quot;carousel&quot;,&quot;show_arrows&quot;:&quot;yes&quot;,&quot;speed&quot;:500,&quot;loop&quot;:&quot;yes&quot;,&quot;space_between_tablet&quot;:{&quot;unit&quot;:&quot;px&quot;,&quot;size&quot;:10,&quot;sizes&quot;:[]},&quot;space_between_mobile&quot;:{&quot;unit&quot;:&quot;px&quot;,&quot;size&quot;:10,&quot;sizes&quot;:[]}}\" data-widget_type=\"media-carousel.default\">\n\t\t\t\t<div class=\"elementor-widget-container\">\n\t\t\t\t\t<div class=\"elementor-swiper\">\n\t\t\t<div class=\"elementor-main-swiper swiper-container\">\n\t\t\t\t<div class=\"swiper-wrapper\">\n\t\t\t\t\t\t\t\t\t\t\t<div class=\"swiper-slide\">\n\t\t\t\t\t\t\t<a href=\"https:\/\/serviafilm.rs\/wp-content\/uploads\/2021\/07\/007.jpg\" data-elementor-open-lightbox=\"yes\" data-elementor-lightbox-slideshow=\"109dddd5\" data-e-action-hash=\"#elementor-action%3Aaction%3Dlightbox%26settings%3DeyJpZCI6MTMzMywidXJsIjoiaHR0cHM6XC9cL3NlcnZpYWZpbG0ucnNcL3dwLWNvbnRlbnRcL3VwbG9hZHNcLzIwMjFcLzA3XC8wMDcuanBnIiwic2xpZGVzaG93IjoiMTA5ZGRkZDUifQ%3D%3D\">\t\t<div class=\"elementor-carousel-image\" role=\"img\" aria-label=\"\" style=\"background-image: url(&#039;https:\/\/serviafilm.rs\/wp-content\/uploads\/2021\/07\/007.jpg&#039;)\">\n\n\t\t\t\n\t\t\t\t\t<\/div>\n\t\t<\/a>\t\t\t\t\t\t<\/div>\n\t\t\t\t\t\t\t\t\t\t\t<div class=\"swiper-slide\">\n\t\t\t\t\t\t\t<a href=\"https:\/\/serviafilm.rs\/wp-content\/uploads\/2021\/07\/008.jpg\" data-elementor-open-lightbox=\"yes\" data-elementor-lightbox-slideshow=\"109dddd5\" data-e-action-hash=\"#elementor-action%3Aaction%3Dlightbox%26settings%3DeyJpZCI6MTMzNCwidXJsIjpmYWxzZSwic2xpZGVzaG93IjoiMTA5ZGRkZDUifQ%3D%3D\">\t\t<div class=\"elementor-carousel-image\" role=\"img\" aria-label=\"\" style=\"background-image: url(&#039;https:\/\/serviafilm.rs\/wp-content\/uploads\/2021\/07\/008.jpg&#039;)\">\n\n\t\t\t\n\t\t\t\t\t<\/div>\n\t\t<\/a>\t\t\t\t\t\t<\/div>\n\t\t\t\t\t\t\t\t\t\t\t<div class=\"swiper-slide\">\n\t\t\t\t\t\t\t<a href=\"https:\/\/serviafilm.rs\/wp-content\/uploads\/2021\/07\/025.jpg\" data-elementor-open-lightbox=\"yes\" data-elementor-lightbox-slideshow=\"109dddd5\" data-e-action-hash=\"#elementor-action%3Aaction%3Dlightbox%26settings%3DeyJpZCI6MTMzNSwidXJsIjoiaHR0cHM6XC9cL3NlcnZpYWZpbG0ucnNcL3dwLWNvbnRlbnRcL3VwbG9hZHNcLzIwMjFcLzA3XC8wMjUuanBnIiwic2xpZGVzaG93IjoiMTA5ZGRkZDUifQ%3D%3D\">\t\t<div class=\"elementor-carousel-image\" role=\"img\" aria-label=\"\" style=\"background-image: url(&#039;https:\/\/serviafilm.rs\/wp-content\/uploads\/2021\/07\/025.jpg&#039;)\">\n\n\t\t\t\n\t\t\t\t\t<\/div>\n\t\t<\/a>\t\t\t\t\t\t<\/div>\n\t\t\t\t\t\t\t\t\t\t\t<div class=\"swiper-slide\">\n\t\t\t\t\t\t\t<a href=\"https:\/\/serviafilm.rs\/wp-content\/uploads\/2021\/07\/026.jpg\" data-elementor-open-lightbox=\"yes\" data-elementor-lightbox-slideshow=\"109dddd5\" data-e-action-hash=\"#elementor-action%3Aaction%3Dlightbox%26settings%3DeyJpZCI6MTMzNiwidXJsIjoiaHR0cHM6XC9cL3NlcnZpYWZpbG0ucnNcL3dwLWNvbnRlbnRcL3VwbG9hZHNcLzIwMjFcLzA3XC8wMjYuanBnIiwic2xpZGVzaG93IjoiMTA5ZGRkZDUifQ%3D%3D\">\t\t<div class=\"elementor-carousel-image\" role=\"img\" aria-label=\"\" style=\"background-image: url(&#039;https:\/\/serviafilm.rs\/wp-content\/uploads\/2021\/07\/026.jpg&#039;)\">\n\n\t\t\t\n\t\t\t\t\t<\/div>\n\t\t<\/a>\t\t\t\t\t\t<\/div>\n\t\t\t\t\t\t\t\t\t\t\t<div class=\"swiper-slide\">\n\t\t\t\t\t\t\t<a href=\"https:\/\/serviafilm.rs\/wp-content\/uploads\/2021\/07\/030.jpg\" data-elementor-open-lightbox=\"yes\" data-elementor-lightbox-slideshow=\"109dddd5\" data-e-action-hash=\"#elementor-action%3Aaction%3Dlightbox%26settings%3DeyJpZCI6MTMzNywidXJsIjoiaHR0cHM6XC9cL3NlcnZpYWZpbG0ucnNcL3dwLWNvbnRlbnRcL3VwbG9hZHNcLzIwMjFcLzA3XC8wMzAuanBnIiwic2xpZGVzaG93IjoiMTA5ZGRkZDUifQ%3D%3D\">\t\t<div class=\"elementor-carousel-image\" role=\"img\" aria-label=\"\" style=\"background-image: url(&#039;https:\/\/serviafilm.rs\/wp-content\/uploads\/2021\/07\/030.jpg&#039;)\">\n\n\t\t\t\n\t\t\t\t\t<\/div>\n\t\t<\/a>\t\t\t\t\t\t<\/div>\n\t\t\t\t\t\t\t\t\t\t\t<div class=\"swiper-slide\">\n\t\t\t\t\t\t\t<a href=\"https:\/\/serviafilm.rs\/wp-content\/uploads\/2021\/07\/035.jpg\" data-elementor-open-lightbox=\"yes\" data-elementor-lightbox-slideshow=\"109dddd5\" data-e-action-hash=\"#elementor-action%3Aaction%3Dlightbox%26settings%3DeyJpZCI6MTMzOCwidXJsIjoiaHR0cHM6XC9cL3NlcnZpYWZpbG0ucnNcL3dwLWNvbnRlbnRcL3VwbG9hZHNcLzIwMjFcLzA3XC8wMzUuanBnIiwic2xpZGVzaG93IjoiMTA5ZGRkZDUifQ%3D%3D\">\t\t<div class=\"elementor-carousel-image\" role=\"img\" aria-label=\"\" style=\"background-image: url(&#039;https:\/\/serviafilm.rs\/wp-content\/uploads\/2021\/07\/035.jpg&#039;)\">\n\n\t\t\t\n\t\t\t\t\t<\/div>\n\t\t<\/a>\t\t\t\t\t\t<\/div>\n\t\t\t\t\t\t\t\t\t<\/div>\n\t\t\t\t\t\t\t\t\t\t\t\t\t\t\t<div class=\"swiper-pagination\"><\/div>\n\t\t\t\t\t\t\t\t\t\t\t\t\t\t\t\t<div class=\"elementor-swiper-button elementor-swiper-button-prev\" role=\"button\" tabindex=\"0\">\n\t\t\t\t\t\t\t<i aria-hidden=\"true\" class=\"eicon-chevron-left\"><\/i>\t\t\t\t\t\t\t<span class=\"elementor-screen-only\">Previous<\/span>\n\t\t\t\t\t\t<\/div>\n\t\t\t\t\t\t<div class=\"elementor-swiper-button elementor-swiper-button-next\" role=\"button\" tabindex=\"0\">\n\t\t\t\t\t\t\t<i aria-hidden=\"true\" class=\"eicon-chevron-right\"><\/i>\t\t\t\t\t\t\t<span class=\"elementor-screen-only\">Next<\/span>\n\t\t\t\t\t\t<\/div>\n\t\t\t\t\t\t\t\t\t\t\t\t<\/div>\n\t\t<\/div>\n\t\t\t\t<\/div>\n\t\t\t\t<\/div>\n\t\t\t\t\t<\/div>\n\t\t<\/div>\n\t\t\t\t\t\t\t<\/div>\n\t\t<\/section>\n\t\t\t\t<section class=\"elementor-section elementor-top-section elementor-element elementor-element-588c33ce elementor-section-boxed elementor-section-height-default elementor-section-height-default\" data-id=\"588c33ce\" data-element_type=\"section\">\n\t\t\t\t\t\t<div class=\"elementor-container elementor-column-gap-no\">\n\t\t\t\t\t<div class=\"plus-sticky-column-sticky elementor-column elementor-col-33 elementor-top-column elementor-element elementor-element-79c725e elementor-hidden-tablet elementor-hidden-phone\" data-plus-sticky-column-settings=\"{&quot;id&quot;:&quot;79c725e&quot;,&quot;sticky&quot;:true,&quot;topSpacing&quot;:40,&quot;bottomSpacing&quot;:40,&quot;stickyOn&quot;:[&quot;desktop&quot;]}\" data-id=\"79c725e\" data-element_type=\"column\">\n\t\t\t<div class=\"elementor-widget-wrap elementor-element-populated\">\n\t\t\t\t\t\t\t\t<div class=\"elementor-element elementor-element-57d15f5 elementor-widget__width-auto elementor-widget elementor-widget-heading\" data-id=\"57d15f5\" data-element_type=\"widget\" data-widget_type=\"heading.default\">\n\t\t\t\t<div class=\"elementor-widget-container\">\n\t\t\t<p class=\"elementor-heading-title elementor-size-default\">in production<\/p>\t\t<\/div>\n\t\t\t\t<\/div>\n\t\t\t\t\t<\/div>\n\t\t<\/div>\n\t\t\t\t<div class=\"plus-sticky-column-sticky elementor-column elementor-col-33 elementor-top-column elementor-element elementor-element-74707f27\" data-plus-sticky-column-settings=\"{&quot;id&quot;:&quot;74707f27&quot;,&quot;sticky&quot;:true,&quot;topSpacing&quot;:40,&quot;bottomSpacing&quot;:40,&quot;stickyOn&quot;:[&quot;desktop&quot;]}\" data-id=\"74707f27\" data-element_type=\"column\">\n\t\t\t<div class=\"elementor-widget-wrap elementor-element-populated\">\n\t\t\t\t\t\t\t\t<div class=\"elementor-element elementor-element-224f4f2b elementor-widget elementor-widget-heading\" data-id=\"224f4f2b\" data-element_type=\"widget\" data-widget_type=\"heading.default\">\n\t\t\t\t<div class=\"elementor-widget-container\">\n\t\t\t<h1 class=\"elementor-heading-title elementor-size-default\">Go Back!<\/h1>\t\t<\/div>\n\t\t\t\t<\/div>\n\t\t\t\t<div class=\"elementor-element elementor-element-43e5fcf0 elementor-widget elementor-widget-heading\" data-id=\"43e5fcf0\" data-element_type=\"widget\" data-widget_type=\"heading.default\">\n\t\t\t\t<div class=\"elementor-widget-container\">\n\t\t\t<p class=\"elementor-heading-title elementor-size-default\">by Boris Despodov<\/p>\t\t<\/div>\n\t\t\t\t<\/div>\n\t\t\t\t<div class=\"elementor-element elementor-element-6bf3ab81 elementor-widget__width-auto elementor-hidden-desktop elementor-widget elementor-widget-heading\" data-id=\"6bf3ab81\" data-element_type=\"widget\" data-widget_type=\"heading.default\">\n\t\t\t\t<div class=\"elementor-widget-container\">\n\t\t\t<p class=\"elementor-heading-title elementor-size-default\">in production<\/p>\t\t<\/div>\n\t\t\t\t<\/div>\n\t\t\t\t<div class=\"elementor-element elementor-element-297d8db8 elementor-widget elementor-widget-heading\" data-id=\"297d8db8\" data-element_type=\"widget\" data-widget_type=\"heading.default\">\n\t\t\t\t<div class=\"elementor-widget-container\">\n\t\t\t<p class=\"elementor-heading-title elementor-size-default\">Short fiction film \/ 90\u2019 \/ 2014 \/ Creative documentary<\/p>\t\t<\/div>\n\t\t\t\t<\/div>\n\t\t\t\t<div class=\"elementor-element elementor-element-62dda6c8 elementor-widget elementor-widget-text-editor\" data-id=\"62dda6c8\" data-element_type=\"widget\" data-widget_type=\"text-editor.default\">\n\t\t\t\t<div class=\"elementor-widget-container\">\n\t\t\t\t\t\t\t<p>Deep down, below the surface, we are looking at Peter Nizamov\u2019s turbulent life and emerging political career. He believes his newly formed movement can change the corrupt establishment in our post-truth society. Thinking he is chasing the light, he doesn\u2019t see he is being devoured by darkness.<\/p>\t\t\t\t\t\t<\/div>\n\t\t\t\t<\/div>\n\t\t\t\t<div class=\"elementor-element elementor-element-73cdd64 elementor-widget elementor-widget-text-editor\" data-id=\"73cdd64\" data-element_type=\"widget\" data-widget_type=\"text-editor.default\">\n\t\t\t\t<div class=\"elementor-widget-container\">\n\t\t\t\t\t\t\t<p><b>Country of production<\/b> Germany, Bulgaria and Serbia <b>Language<\/b> Bulgarian and English <b>Support of<\/b> Film-und Medienstiftung NRW, Robert Bosch Stiftung, Film Center Serbia, Bulgarian National Culture Fund and Bulgarian National Film Center <b>Developed and presented on <\/b>Ex Oriente Film workshop, MakeCoProDox Forum, Sofia Meetings Works in Progress, Lisbon Docs and DOK.fest M\u00fcnchen Roundtables <b>Producers<\/b> Arthouse Blockbusters and Pandora Film <b>Co-producers<\/b> Servia Film <b>Starring<\/b> Peter Nizamov <b>Composers <\/b>Florian Erlbeck <b>Sound recordist<\/b> Bojan Paliku\u0107a <b>Editor<\/b> Dragan von Petrovic <b>Director of Photography<\/b> Plamen Bontchev and Stefan \u0110or\u0111evi\u0107 <b>Produced by <\/b>Boris Despodov and Nina Frese <b>Co-produced by <\/b>Milo\u0161 Ljubomirovi\u0107<b> Co-writer <\/b>Plamen Bontchev <b>Written and Directed by<\/b> Boris Despodov<\/p>\t\t\t\t\t\t<\/div>\n\t\t\t\t<\/div>\n\t\t\t\t\t<\/div>\n\t\t<\/div>\n\t\t\t\t<div class=\"elementor-column elementor-col-33 elementor-top-column elementor-element elementor-element-24774c09 serviafilm-project_widgets\" data-id=\"24774c09\" data-element_type=\"column\">\n\t\t\t<div class=\"elementor-widget-wrap elementor-element-populated\">\n\t\t\t\t\t\t\t\t<div class=\"elementor-element elementor-element-60c8e5cb elementor-hidden-desktop elementor-widget-divider--view-line elementor-widget elementor-widget-divider\" data-id=\"60c8e5cb\" data-element_type=\"widget\" data-widget_type=\"divider.default\">\n\t\t\t\t<div class=\"elementor-widget-container\">\n\t\t\t\t\t<div class=\"elementor-divider\">\n\t\t\t<span class=\"elementor-divider-separator\">\n\t\t\t\t\t\t<\/span>\n\t\t<\/div>\n\t\t\t\t<\/div>\n\t\t\t\t<\/div>\n\t\t\t\t<div class=\"elementor-element elementor-element-217394b useful-links elementor-widget elementor-widget-heading\" data-id=\"217394b\" data-element_type=\"widget\" data-widget_type=\"heading.default\">\n\t\t\t\t<div class=\"elementor-widget-container\">\n\t\t\t<p class=\"elementor-heading-title elementor-size-default\"><a href=\"https:\/\/www.imdb.com\/title\/tt8409476\/\" target=\"_blank\">IMDb<\/a><\/p>\t\t<\/div>\n\t\t\t\t<\/div>\n\t\t\t\t<div class=\"elementor-element elementor-element-54ed83c elementor-widget-divider--view-line elementor-widget elementor-widget-divider\" data-id=\"54ed83c\" data-element_type=\"widget\" data-widget_type=\"divider.default\">\n\t\t\t\t<div class=\"elementor-widget-container\">\n\t\t\t\t\t<div class=\"elementor-divider\">\n\t\t\t<span class=\"elementor-divider-separator\">\n\t\t\t\t\t\t<\/span>\n\t\t<\/div>\n\t\t\t\t<\/div>\n\t\t\t\t<\/div>\n\t\t\t\t<section class=\"elementor-section elementor-inner-section elementor-element elementor-element-353dcf6e elementor-section-boxed elementor-section-height-default elementor-section-height-default\" data-id=\"353dcf6e\" data-element_type=\"section\">\n\t\t\t\t\t\t<div class=\"elementor-container elementor-column-gap-no\">\n\t\t\t\t\t<div class=\"elementor-column elementor-col-100 elementor-inner-column elementor-element elementor-element-f649de5\" data-id=\"f649de5\" data-element_type=\"column\" data-settings=\"{&quot;background_background&quot;:&quot;classic&quot;}\">\n\t\t\t<div class=\"elementor-widget-wrap elementor-element-populated\">\n\t\t\t\t\t\t\t\t<div class=\"elementor-element elementor-element-47bc7ca2 elementor-widget elementor-widget-heading\" data-id=\"47bc7ca2\" data-element_type=\"widget\" data-widget_type=\"heading.default\">\n\t\t\t\t<div class=\"elementor-widget-container\">\n\t\t\t<h2 class=\"elementor-heading-title elementor-size-default\">Media<\/h2>\t\t<\/div>\n\t\t\t\t<\/div>\n\t\t\t\t<div class=\"elementor-element elementor-element-6d90a7d1 elementor-widget-tablet__width-initial elementor-widget elementor-widget-image\" data-id=\"6d90a7d1\" data-element_type=\"widget\" data-widget_type=\"image.default\">\n\t\t\t\t<div class=\"elementor-widget-container\">\n\t\t\t\t\t\t\t\t\t\t\t\t\t\t\t\t<a href=\"https:\/\/serviafilm.rs\/wp-content\/uploads\/2021\/07\/Go-Back-poster-Serbian-land-scaled.jpg\" data-elementor-open-lightbox=\"yes\" data-e-action-hash=\"#elementor-action%3Aaction%3Dlightbox%26settings%3DeyJpZCI6MTMzOSwidXJsIjoiaHR0cHM6XC9cL3NlcnZpYWZpbG0ucnNcL3dwLWNvbnRlbnRcL3VwbG9hZHNcLzIwMjFcLzA3XC9Hby1CYWNrLXBvc3Rlci1TZXJiaWFuLWxhbmQtc2NhbGVkLmpwZyJ9\">\n\t\t\t\t\t\t\t<img loading=\"lazy\" decoding=\"async\" width=\"2560\" height=\"1792\" src=\"https:\/\/serviafilm.rs\/wp-content\/uploads\/2021\/07\/Go-Back-poster-Serbian-land-scaled.jpg\" class=\"attachment-full size-full wp-image-1339\" alt=\"\" srcset=\"https:\/\/serviafilm.rs\/wp-content\/uploads\/2021\/07\/Go-Back-poster-Serbian-land-scaled.jpg 2560w, https:\/\/serviafilm.rs\/wp-content\/uploads\/2021\/07\/Go-Back-poster-Serbian-land-300x210.jpg 300w, https:\/\/serviafilm.rs\/wp-content\/uploads\/2021\/07\/Go-Back-poster-Serbian-land-1024x717.jpg 1024w, https:\/\/serviafilm.rs\/wp-content\/uploads\/2021\/07\/Go-Back-poster-Serbian-land-768x538.jpg 768w, https:\/\/serviafilm.rs\/wp-content\/uploads\/2021\/07\/Go-Back-poster-Serbian-land-1536x1075.jpg 1536w, https:\/\/serviafilm.rs\/wp-content\/uploads\/2021\/07\/Go-Back-poster-Serbian-land-2048x1434.jpg 2048w, https:\/\/serviafilm.rs\/wp-content\/uploads\/2021\/07\/Go-Back-poster-Serbian-land-16x12.jpg 16w\" sizes=\"auto, (max-width: 2560px) 100vw, 2560px\" \/>\t\t\t\t\t\t\t\t<\/a>\n\t\t\t\t\t\t\t\t\t\t\t\t\t\t\t<\/div>\n\t\t\t\t<\/div>\n\t\t\t\t<div class=\"elementor-element elementor-element-1b63275 elementor-widget elementor-widget-tp-advanced-buttons\" data-id=\"1b63275\" data-element_type=\"widget\" data-widget_type=\"tp-advanced-buttons.default\">\n\t\t\t\t<div class=\"elementor-widget-container\">\n\t\t\t<div class=\"pt-plus-adv-button-wrapper \" ><div class=\"adv_btn_ext_txt \">Film poster<\/div><div id=\"advbutton69e74f0f27991\" class=\"pt_plus_adv_button  ab-download  tp_download_st_1   dba_left\"  data-dfname=go-back_film-poster_servia-film><a href=\"https:\/\/serviafilm.rs\/wp-content\/uploads\/2021\/07\/Go-Back-poster-Serbian-land.jpg\" class=\"adv-button-link-wrap \" role=\"button\" download=\"go-back_film-poster_servia-film\"><svg width=\"22px\" height=\"16px\" viewBox=\"0 0 22 16\">\n\t\t\t\t\t\t\t\t\t<path d=\"M2,10 L6,13 L12.8760559,4.5959317 C14.1180021,3.0779974 16.2457925,2.62289624 18,3.5 L18,3.5 C19.8385982,4.4192991 21,6.29848669 21,8.35410197 L21,10 C21,12.7614237 18.7614237,15 16,15 L1,15\" id=\"check\"><\/path>\n\t\t\t\t\t\t\t\t\t<polyline points=\"4.5 8.5 8 11 11.5 8.5\" class=\"svg-out\"><\/polyline>\n\t\t\t\t\t\t\t\t\t<path d=\"M8,1 L8,11\" class=\"svg-out\"><\/path>\n\t\t\t\t\t\t\t\t\t<\/svg><\/a><\/div><\/div>\t\t<\/div>\n\t\t\t\t<\/div>\n\t\t\t\t\t<\/div>\n\t\t<\/div>\n\t\t\t\t\t\t\t<\/div>\n\t\t<\/section>\n\t\t\t\t<section class=\"elementor-section elementor-inner-section elementor-element elementor-element-37dc8b4c elementor-section-boxed elementor-section-height-default elementor-section-height-default\" data-id=\"37dc8b4c\" data-element_type=\"section\">\n\t\t\t\t\t\t<div class=\"elementor-container elementor-column-gap-no\">\n\t\t\t\t\t<div class=\"elementor-column elementor-col-100 elementor-inner-column elementor-element elementor-element-27e3f61\" data-id=\"27e3f61\" data-element_type=\"column\" data-settings=\"{&quot;background_background&quot;:&quot;classic&quot;}\">\n\t\t\t<div class=\"elementor-widget-wrap elementor-element-populated\">\n\t\t\t\t\t\t\t\t<div class=\"elementor-element elementor-element-302c033 elementor-widget elementor-widget-heading\" data-id=\"302c033\" data-element_type=\"widget\" data-widget_type=\"heading.default\">\n\t\t\t\t<div class=\"elementor-widget-container\">\n\t\t\t<h2 class=\"elementor-heading-title elementor-size-default\">USEFUL LINKS<\/h2>\t\t<\/div>\n\t\t\t\t<\/div>\n\t\t\t\t<div class=\"elementor-element elementor-element-340a849f useful-links elementor-widget elementor-widget-heading\" data-id=\"340a849f\" data-element_type=\"widget\" data-widget_type=\"heading.default\">\n\t\t\t\t<div class=\"elementor-widget-container\">\n\t\t\t<p class=\"elementor-heading-title elementor-size-default\"><a href=\"https:\/\/www.dokfest-muenchen.de\/Projects_Marketplace_Composition_Funding_Prize_2018?lang=en\" target=\"_blank\">German Composition Funding Award \u2013 project selection 2018<\/a><\/p>\t\t<\/div>\n\t\t\t\t<\/div>\n\t\t\t\t<div class=\"elementor-element elementor-element-26cfbf15 useful-links elementor-widget elementor-widget-heading\" data-id=\"26cfbf15\" data-element_type=\"widget\" data-widget_type=\"heading.default\">\n\t\t\t\t<div class=\"elementor-widget-container\">\n\t\t\t<p class=\"elementor-heading-title elementor-size-default\"><a href=\"https:\/\/cineuropa.org\/en\/newsdetail\/328923\/\" target=\"_blank\">Ex Oriente Film 2017 has announced the selection of 12 projects<\/a><\/p>\t\t<\/div>\n\t\t\t\t<\/div>\n\t\t\t\t\t<\/div>\n\t\t<\/div>\n\t\t\t\t\t\t\t<\/div>\n\t\t<\/section>\n\t\t\t\t\t<\/div>\n\t\t<\/div>\n\t\t\t\t\t\t\t<\/div>\n\t\t<\/section>\n\t\t\t\t\t\t\t<\/div>\n\t\t","protected":false},"excerpt":{"rendered":"<p>Previous Next in production Go Back! by Boris Despodov in production Short fiction film \/ 90\u2019 \/ 2014 \/ Creative documentary Deep down, below the surface, we are looking at Peter Nizamov\u2019s turbulent life and emerging political career. He believes his newly formed movement can change the corrupt establishment in our post-truth society. Thinking he [&hellip;]<\/p>\n","protected":false},"author":1,"featured_media":0,"parent":11,"menu_order":0,"comment_status":"closed","ping_status":"closed","template":"","meta":{"footnotes":""},"class_list":["post-1330","page","type-page","status-publish","hentry"],"_links":{"self":[{"href":"https:\/\/serviafilm.rs\/en\/wp-json\/wp\/v2\/pages\/1330","targetHints":{"allow":["GET"]}}],"collection":[{"href":"https:\/\/serviafilm.rs\/en\/wp-json\/wp\/v2\/pages"}],"about":[{"href":"https:\/\/serviafilm.rs\/en\/wp-json\/wp\/v2\/types\/page"}],"author":[{"embeddable":true,"href":"https:\/\/serviafilm.rs\/en\/wp-json\/wp\/v2\/users\/1"}],"replies":[{"embeddable":true,"href":"https:\/\/serviafilm.rs\/en\/wp-json\/wp\/v2\/comments?post=1330"}],"version-history":[{"count":40,"href":"https:\/\/serviafilm.rs\/en\/wp-json\/wp\/v2\/pages\/1330\/revisions"}],"predecessor-version":[{"id":2440,"href":"https:\/\/serviafilm.rs\/en\/wp-json\/wp\/v2\/pages\/1330\/revisions\/2440"}],"up":[{"embeddable":true,"href":"https:\/\/serviafilm.rs\/en\/wp-json\/wp\/v2\/pages\/11"}],"wp:attachment":[{"href":"https:\/\/serviafilm.rs\/en\/wp-json\/wp\/v2\/media?parent=1330"}],"curies":[{"name":"wp","href":"https:\/\/api.w.org\/{rel}","templated":true}]}}