{"id":1297,"date":"2021-07-13T11:00:31","date_gmt":"2021-07-13T09:00:31","guid":{"rendered":"https:\/\/serviafilm.rs\/?page_id=1297"},"modified":"2024-07-31T19:44:38","modified_gmt":"2024-07-31T17:44:38","slug":"wheels-of-forgotten-dreams","status":"publish","type":"page","link":"https:\/\/serviafilm.rs\/en\/films\/wheels-of-forgotten-dreams\/","title":{"rendered":"Wheels of Forgotten Dreams"},"content":{"rendered":"\t\t<div data-elementor-type=\"wp-page\" data-elementor-id=\"1297\" class=\"elementor elementor-1297\" data-elementor-post-type=\"page\">\n\t\t\t\t\t\t\t\t\t<section class=\"elementor-section elementor-top-section elementor-element elementor-element-7806a76f servia-film_single-project elementor-section-boxed elementor-section-height-default elementor-section-height-default\" data-id=\"7806a76f\" data-element_type=\"section\" data-settings=\"{&quot;background_background&quot;:&quot;classic&quot;}\">\n\t\t\t\t\t\t<div class=\"elementor-container elementor-column-gap-no\">\n\t\t\t\t\t<div class=\"elementor-column elementor-col-100 elementor-top-column elementor-element elementor-element-6cc59c24\" data-id=\"6cc59c24\" data-element_type=\"column\">\n\t\t\t<div class=\"elementor-widget-wrap elementor-element-populated\">\n\t\t\t\t\t\t\t\t<div class=\"elementor-element elementor-element-109dddd5 elementor-pagination-type-fraction serviafilm-project-slider elementor-pagination-position-inside elementor-skin-carousel elementor-arrows-yes elementor-widget elementor-widget-media-carousel\" data-id=\"109dddd5\" data-element_type=\"widget\" data-settings=\"{&quot;pagination&quot;:&quot;fraction&quot;,&quot;space_between&quot;:{&quot;unit&quot;:&quot;px&quot;,&quot;size&quot;:0,&quot;sizes&quot;:[]},&quot;effect&quot;:&quot;fade&quot;,&quot;skin&quot;:&quot;carousel&quot;,&quot;show_arrows&quot;:&quot;yes&quot;,&quot;speed&quot;:500,&quot;loop&quot;:&quot;yes&quot;,&quot;space_between_tablet&quot;:{&quot;unit&quot;:&quot;px&quot;,&quot;size&quot;:10,&quot;sizes&quot;:[]},&quot;space_between_mobile&quot;:{&quot;unit&quot;:&quot;px&quot;,&quot;size&quot;:10,&quot;sizes&quot;:[]}}\" data-widget_type=\"media-carousel.default\">\n\t\t\t\t<div class=\"elementor-widget-container\">\n\t\t\t\t\t<div class=\"elementor-swiper\">\n\t\t\t<div class=\"elementor-main-swiper swiper-container\">\n\t\t\t\t<div class=\"swiper-wrapper\">\n\t\t\t\t\t\t\t\t\t\t\t<div class=\"swiper-slide\">\n\t\t\t\t\t\t\t<a href=\"https:\/\/serviafilm.rs\/wp-content\/uploads\/2024\/07\/WOFD-1-scaled.jpg\" data-elementor-open-lightbox=\"yes\" data-elementor-lightbox-slideshow=\"109dddd5\" data-elementor-lightbox-title=\"WOFD 1\" data-e-action-hash=\"#elementor-action%3Aaction%3Dlightbox%26settings%3DeyJpZCI6MjQ2NSwidXJsIjoiaHR0cHM6XC9cL3NlcnZpYWZpbG0ucnNcL3dwLWNvbnRlbnRcL3VwbG9hZHNcLzIwMjRcLzA3XC9XT0ZELTEtc2NhbGVkLmpwZyIsInNsaWRlc2hvdyI6IjEwOWRkZGQ1In0%3D\">\t\t<div class=\"elementor-carousel-image\" role=\"img\" aria-label=\"WOFD 1\" style=\"background-image: url(&#039;https:\/\/serviafilm.rs\/wp-content\/uploads\/2024\/07\/WOFD-1-scaled.jpg&#039;)\">\n\n\t\t\t\n\t\t\t\t\t<\/div>\n\t\t<\/a>\t\t\t\t\t\t<\/div>\n\t\t\t\t\t\t\t\t\t\t\t<div class=\"swiper-slide\">\n\t\t\t\t\t\t\t<a href=\"https:\/\/serviafilm.rs\/wp-content\/uploads\/2024\/07\/WOFD-2-scaled.jpg\" data-elementor-open-lightbox=\"yes\" data-elementor-lightbox-slideshow=\"109dddd5\" data-elementor-lightbox-title=\"WOFD 2\" data-e-action-hash=\"#elementor-action%3Aaction%3Dlightbox%26settings%3DeyJpZCI6MjQ2NiwidXJsIjoiaHR0cHM6XC9cL3NlcnZpYWZpbG0ucnNcL3dwLWNvbnRlbnRcL3VwbG9hZHNcLzIwMjRcLzA3XC9XT0ZELTItc2NhbGVkLmpwZyIsInNsaWRlc2hvdyI6IjEwOWRkZGQ1In0%3D\">\t\t<div class=\"elementor-carousel-image\" role=\"img\" aria-label=\"WOFD 2\" style=\"background-image: url(&#039;https:\/\/serviafilm.rs\/wp-content\/uploads\/2024\/07\/WOFD-2-scaled.jpg&#039;)\">\n\n\t\t\t\n\t\t\t\t\t<\/div>\n\t\t<\/a>\t\t\t\t\t\t<\/div>\n\t\t\t\t\t\t\t\t\t\t\t<div class=\"swiper-slide\">\n\t\t\t\t\t\t\t<a href=\"https:\/\/serviafilm.rs\/wp-content\/uploads\/2024\/07\/WOFD-3-scaled.jpg\" data-elementor-open-lightbox=\"yes\" data-elementor-lightbox-slideshow=\"109dddd5\" data-elementor-lightbox-title=\"WOFD 3\" data-e-action-hash=\"#elementor-action%3Aaction%3Dlightbox%26settings%3DeyJpZCI6MjQ2NywidXJsIjoiaHR0cHM6XC9cL3NlcnZpYWZpbG0ucnNcL3dwLWNvbnRlbnRcL3VwbG9hZHNcLzIwMjRcLzA3XC9XT0ZELTMtc2NhbGVkLmpwZyIsInNsaWRlc2hvdyI6IjEwOWRkZGQ1In0%3D\">\t\t<div class=\"elementor-carousel-image\" role=\"img\" aria-label=\"WOFD 3\" style=\"background-image: url(&#039;https:\/\/serviafilm.rs\/wp-content\/uploads\/2024\/07\/WOFD-3-scaled.jpg&#039;)\">\n\n\t\t\t\n\t\t\t\t\t<\/div>\n\t\t<\/a>\t\t\t\t\t\t<\/div>\n\t\t\t\t\t\t\t\t\t\t\t<div class=\"swiper-slide\">\n\t\t\t\t\t\t\t<a href=\"https:\/\/serviafilm.rs\/wp-content\/uploads\/2024\/07\/WOFD-4-scaled.jpg\" data-elementor-open-lightbox=\"yes\" data-elementor-lightbox-slideshow=\"109dddd5\" data-elementor-lightbox-title=\"WOFD 4\" data-e-action-hash=\"#elementor-action%3Aaction%3Dlightbox%26settings%3DeyJpZCI6MjQ2OCwidXJsIjoiaHR0cHM6XC9cL3NlcnZpYWZpbG0ucnNcL3dwLWNvbnRlbnRcL3VwbG9hZHNcLzIwMjRcLzA3XC9XT0ZELTQtc2NhbGVkLmpwZyIsInNsaWRlc2hvdyI6IjEwOWRkZGQ1In0%3D\">\t\t<div class=\"elementor-carousel-image\" role=\"img\" aria-label=\"WOFD 4\" style=\"background-image: url(&#039;https:\/\/serviafilm.rs\/wp-content\/uploads\/2024\/07\/WOFD-4-scaled.jpg&#039;)\">\n\n\t\t\t\n\t\t\t\t\t<\/div>\n\t\t<\/a>\t\t\t\t\t\t<\/div>\n\t\t\t\t\t\t\t\t\t\t\t<div class=\"swiper-slide\">\n\t\t\t\t\t\t\t<a href=\"https:\/\/serviafilm.rs\/wp-content\/uploads\/2024\/07\/WOFD-5-scaled.jpg\" data-elementor-open-lightbox=\"yes\" data-elementor-lightbox-slideshow=\"109dddd5\" data-elementor-lightbox-title=\"WOFD 5\" data-e-action-hash=\"#elementor-action%3Aaction%3Dlightbox%26settings%3DeyJpZCI6MjQ2OSwidXJsIjoiaHR0cHM6XC9cL3NlcnZpYWZpbG0ucnNcL3dwLWNvbnRlbnRcL3VwbG9hZHNcLzIwMjRcLzA3XC9XT0ZELTUtc2NhbGVkLmpwZyIsInNsaWRlc2hvdyI6IjEwOWRkZGQ1In0%3D\">\t\t<div class=\"elementor-carousel-image\" role=\"img\" aria-label=\"WOFD 5\" style=\"background-image: url(&#039;https:\/\/serviafilm.rs\/wp-content\/uploads\/2024\/07\/WOFD-5-scaled.jpg&#039;)\">\n\n\t\t\t\n\t\t\t\t\t<\/div>\n\t\t<\/a>\t\t\t\t\t\t<\/div>\n\t\t\t\t\t\t\t\t\t\t\t<div class=\"swiper-slide\">\n\t\t\t\t\t\t\t<a href=\"https:\/\/serviafilm.rs\/wp-content\/uploads\/2024\/07\/WOFD-6-scaled.jpg\" data-elementor-open-lightbox=\"yes\" data-elementor-lightbox-slideshow=\"109dddd5\" data-elementor-lightbox-title=\"WOFD 6\" data-e-action-hash=\"#elementor-action%3Aaction%3Dlightbox%26settings%3DeyJpZCI6MjQ3MCwidXJsIjoiaHR0cHM6XC9cL3NlcnZpYWZpbG0ucnNcL3dwLWNvbnRlbnRcL3VwbG9hZHNcLzIwMjRcLzA3XC9XT0ZELTYtc2NhbGVkLmpwZyIsInNsaWRlc2hvdyI6IjEwOWRkZGQ1In0%3D\">\t\t<div class=\"elementor-carousel-image\" role=\"img\" aria-label=\"WOFD 6\" style=\"background-image: url(&#039;https:\/\/serviafilm.rs\/wp-content\/uploads\/2024\/07\/WOFD-6-scaled.jpg&#039;)\">\n\n\t\t\t\n\t\t\t\t\t<\/div>\n\t\t<\/a>\t\t\t\t\t\t<\/div>\n\t\t\t\t\t\t\t\t\t\t\t<div class=\"swiper-slide\">\n\t\t\t\t\t\t\t<a href=\"https:\/\/serviafilm.rs\/wp-content\/uploads\/2024\/07\/WOFD-7-scaled.jpg\" data-elementor-open-lightbox=\"yes\" data-elementor-lightbox-slideshow=\"109dddd5\" data-elementor-lightbox-title=\"WOFD 7\" data-e-action-hash=\"#elementor-action%3Aaction%3Dlightbox%26settings%3DeyJpZCI6MjQ3MSwidXJsIjoiaHR0cHM6XC9cL3NlcnZpYWZpbG0ucnNcL3dwLWNvbnRlbnRcL3VwbG9hZHNcLzIwMjRcLzA3XC9XT0ZELTctc2NhbGVkLmpwZyIsInNsaWRlc2hvdyI6IjEwOWRkZGQ1In0%3D\">\t\t<div class=\"elementor-carousel-image\" role=\"img\" aria-label=\"WOFD 7\" style=\"background-image: url(&#039;https:\/\/serviafilm.rs\/wp-content\/uploads\/2024\/07\/WOFD-7-scaled.jpg&#039;)\">\n\n\t\t\t\n\t\t\t\t\t<\/div>\n\t\t<\/a>\t\t\t\t\t\t<\/div>\n\t\t\t\t\t\t\t\t\t\t\t<div class=\"swiper-slide\">\n\t\t\t\t\t\t\t<a href=\"https:\/\/serviafilm.rs\/wp-content\/uploads\/2024\/07\/WOFD-8-scaled.jpg\" data-elementor-open-lightbox=\"yes\" data-elementor-lightbox-slideshow=\"109dddd5\" data-elementor-lightbox-title=\"WOFD 8\" data-e-action-hash=\"#elementor-action%3Aaction%3Dlightbox%26settings%3DeyJpZCI6MjQ3MiwidXJsIjoiaHR0cHM6XC9cL3NlcnZpYWZpbG0ucnNcL3dwLWNvbnRlbnRcL3VwbG9hZHNcLzIwMjRcLzA3XC9XT0ZELTgtc2NhbGVkLmpwZyIsInNsaWRlc2hvdyI6IjEwOWRkZGQ1In0%3D\">\t\t<div class=\"elementor-carousel-image\" role=\"img\" aria-label=\"WOFD 8\" style=\"background-image: url(&#039;https:\/\/serviafilm.rs\/wp-content\/uploads\/2024\/07\/WOFD-8-scaled.jpg&#039;)\">\n\n\t\t\t\n\t\t\t\t\t<\/div>\n\t\t<\/a>\t\t\t\t\t\t<\/div>\n\t\t\t\t\t\t\t\t\t<\/div>\n\t\t\t\t\t\t\t\t\t\t\t\t\t\t\t<div class=\"swiper-pagination\"><\/div>\n\t\t\t\t\t\t\t\t\t\t\t\t\t\t\t\t<div class=\"elementor-swiper-button elementor-swiper-button-prev\" role=\"button\" tabindex=\"0\">\n\t\t\t\t\t\t\t<i aria-hidden=\"true\" class=\"eicon-chevron-left\"><\/i>\t\t\t\t\t\t\t<span class=\"elementor-screen-only\">Previous<\/span>\n\t\t\t\t\t\t<\/div>\n\t\t\t\t\t\t<div class=\"elementor-swiper-button elementor-swiper-button-next\" role=\"button\" tabindex=\"0\">\n\t\t\t\t\t\t\t<i aria-hidden=\"true\" class=\"eicon-chevron-right\"><\/i>\t\t\t\t\t\t\t<span class=\"elementor-screen-only\">Next<\/span>\n\t\t\t\t\t\t<\/div>\n\t\t\t\t\t\t\t\t\t\t\t\t<\/div>\n\t\t<\/div>\n\t\t\t\t<\/div>\n\t\t\t\t<\/div>\n\t\t\t\t\t<\/div>\n\t\t<\/div>\n\t\t\t\t\t\t\t<\/div>\n\t\t<\/section>\n\t\t\t\t<section class=\"elementor-section elementor-top-section elementor-element elementor-element-588c33ce elementor-section-boxed elementor-section-height-default elementor-section-height-default\" data-id=\"588c33ce\" data-element_type=\"section\">\n\t\t\t\t\t\t<div class=\"elementor-container elementor-column-gap-no\">\n\t\t\t\t\t<div class=\"plus-sticky-column-sticky elementor-column elementor-col-33 elementor-top-column elementor-element elementor-element-79c725e elementor-hidden-tablet elementor-hidden-phone\" data-plus-sticky-column-settings=\"{&quot;id&quot;:&quot;79c725e&quot;,&quot;sticky&quot;:true,&quot;topSpacing&quot;:40,&quot;bottomSpacing&quot;:40,&quot;stickyOn&quot;:[&quot;desktop&quot;]}\" data-id=\"79c725e\" data-element_type=\"column\">\n\t\t\t<div class=\"elementor-widget-wrap elementor-element-populated\">\n\t\t\t\t\t\t\t\t<div class=\"elementor-element elementor-element-57d15f5 elementor-widget__width-initial elementor-widget elementor-widget-heading\" data-id=\"57d15f5\" data-element_type=\"widget\" data-widget_type=\"heading.default\">\n\t\t\t\t<div class=\"elementor-widget-container\">\n\t\t\t<p class=\"elementor-heading-title elementor-size-default\">in post-production<\/p>\t\t<\/div>\n\t\t\t\t<\/div>\n\t\t\t\t\t<\/div>\n\t\t<\/div>\n\t\t\t\t<div class=\"plus-sticky-column-sticky elementor-column elementor-col-33 elementor-top-column elementor-element elementor-element-74707f27\" data-plus-sticky-column-settings=\"{&quot;id&quot;:&quot;74707f27&quot;,&quot;sticky&quot;:true,&quot;topSpacing&quot;:40,&quot;bottomSpacing&quot;:40,&quot;stickyOn&quot;:[&quot;desktop&quot;]}\" data-id=\"74707f27\" data-element_type=\"column\">\n\t\t\t<div class=\"elementor-widget-wrap elementor-element-populated\">\n\t\t\t\t\t\t\t\t<div class=\"elementor-element elementor-element-224f4f2b elementor-widget elementor-widget-heading\" data-id=\"224f4f2b\" data-element_type=\"widget\" data-widget_type=\"heading.default\">\n\t\t\t\t<div class=\"elementor-widget-container\">\n\t\t\t<h1 class=\"elementor-heading-title elementor-size-default\">Wheels of Forgotten Dreams<\/h1>\t\t<\/div>\n\t\t\t\t<\/div>\n\t\t\t\t<div class=\"elementor-element elementor-element-43e5fcf0 elementor-widget elementor-widget-heading\" data-id=\"43e5fcf0\" data-element_type=\"widget\" data-widget_type=\"heading.default\">\n\t\t\t\t<div class=\"elementor-widget-container\">\n\t\t\t<p class=\"elementor-heading-title elementor-size-default\">by Milo\u0161 Ljubomirovi\u0107 and Danilo Lazovi\u0107<\/p>\t\t<\/div>\n\t\t\t\t<\/div>\n\t\t\t\t<div class=\"elementor-element elementor-element-6bf3ab81 elementor-widget__width-auto elementor-hidden-desktop elementor-widget elementor-widget-heading\" data-id=\"6bf3ab81\" data-element_type=\"widget\" data-widget_type=\"heading.default\">\n\t\t\t\t<div class=\"elementor-widget-container\">\n\t\t\t<p class=\"elementor-heading-title elementor-size-default\">in post-production<\/p>\t\t<\/div>\n\t\t\t\t<\/div>\n\t\t\t\t<div class=\"elementor-element elementor-element-297d8db8 elementor-widget elementor-widget-heading\" data-id=\"297d8db8\" data-element_type=\"widget\" data-widget_type=\"heading.default\">\n\t\t\t\t<div class=\"elementor-widget-container\">\n\t\t\t<p class=\"elementor-heading-title elementor-size-default\">Feature-length documentary \/ 80\u2019 \/ Expected premiere 2024\/ Creative Documentary<\/p>\t\t<\/div>\n\t\t\t\t<\/div>\n\t\t\t\t<div class=\"elementor-element elementor-element-62dda6c8 elementor-widget elementor-widget-text-editor\" data-id=\"62dda6c8\" data-element_type=\"widget\" data-widget_type=\"text-editor.default\">\n\t\t\t\t<div class=\"elementor-widget-container\">\n\t\t\t\t\t\t\t<p>Family, love, home, education: three immigrants left it all behind to spend their lives behind the wheel of a truck, in search of the elusive American dream.<\/p>\t\t\t\t\t\t<\/div>\n\t\t\t\t<\/div>\n\t\t\t\t<div class=\"elementor-element elementor-element-73cdd64 elementor-widget elementor-widget-text-editor\" data-id=\"73cdd64\" data-element_type=\"widget\" data-widget_type=\"text-editor.default\">\n\t\t\t\t<div class=\"elementor-widget-container\">\n\t\t\t\t\t\t\t<p><b>Country of production<\/b> Serbia, Bulgaria and Croatia <b>Language<\/b> Serbian and English <b>General sponsors <\/b>Delta Freight Systems <b>Other Sponsors<\/b> Fors Corp, Primus and White City Logistic <b>Support of<\/b> Film Center Serbia, Croatian, Bulgarian National Film Center and Croatian Audiovisual Centre <b>Developed and presented on<\/b> EURODOC &#8211; Module Novi Sad, BDC Discoveries &#8211; Module Belgrade, Docs in Thessaloniki, BELDOCS Docs in Progress, MakeCoProDox Forum, FEST Forward, Magnificent 7 Film Festival, East Silver Market, First Cut Lab and FC+ <b>Title during development<\/b> Do Not Come Home<\/p><p><b>Producer<\/b> Servia Film and Cinnamon Films<b> Co-producers <\/b>Arthouse Blockbusters, Peglanje Snova<b> <\/b>and<b> <\/b>Dok33 <b>Starring<\/b> Branko Oluji\u0107, Sne\u017eana Milojevi\u0107 and Nenad Zari\u0107 <b>Editors<\/b> Dragan von Petrovi\u0107 and Rajko Ristanovi\u0107 <b>Director of Photography<\/b> Aleksandar Ramadanovi\u0107 <b>Executive-producers <\/b>Nevena Savi\u0107 <b>Produced by<\/b> Milo\u0161 Ljubomirovi\u0107, Boris Despodov, Bojan Kanjera and Danilo Lazovi\u0107 <b>Delegate Producer<\/b> Milo\u0161 Ljubomirovi\u0107 <b>Directed by <\/b>Milo\u0161 Ljubomirovi\u0107 and Danilo Lazovi\u0107<\/p>\t\t\t\t\t\t<\/div>\n\t\t\t\t<\/div>\n\t\t\t\t\t<\/div>\n\t\t<\/div>\n\t\t\t\t<div class=\"elementor-column elementor-col-33 elementor-top-column elementor-element elementor-element-24774c09 serviafilm-project_widgets\" data-id=\"24774c09\" data-element_type=\"column\">\n\t\t\t<div class=\"elementor-widget-wrap elementor-element-populated\">\n\t\t\t\t\t\t\t\t<div class=\"elementor-element elementor-element-60c8e5cb elementor-hidden-desktop elementor-hidden-tablet elementor-hidden-mobile elementor-widget-divider--view-line elementor-widget elementor-widget-divider\" data-id=\"60c8e5cb\" data-element_type=\"widget\" data-widget_type=\"divider.default\">\n\t\t\t\t<div class=\"elementor-widget-container\">\n\t\t\t\t\t<div class=\"elementor-divider\">\n\t\t\t<span class=\"elementor-divider-separator\">\n\t\t\t\t\t\t<\/span>\n\t\t<\/div>\n\t\t\t\t<\/div>\n\t\t\t\t<\/div>\n\t\t\t\t<section class=\"elementor-section elementor-inner-section elementor-element elementor-element-353dcf6e elementor-section-boxed elementor-section-height-default elementor-section-height-default\" data-id=\"353dcf6e\" data-element_type=\"section\">\n\t\t\t\t\t\t<div class=\"elementor-container elementor-column-gap-no\">\n\t\t\t\t\t<div class=\"elementor-column elementor-col-100 elementor-inner-column elementor-element elementor-element-f649de5\" data-id=\"f649de5\" data-element_type=\"column\" data-settings=\"{&quot;background_background&quot;:&quot;classic&quot;}\">\n\t\t\t<div class=\"elementor-widget-wrap elementor-element-populated\">\n\t\t\t\t\t\t\t\t<div class=\"elementor-element elementor-element-47bc7ca2 elementor-widget elementor-widget-heading\" data-id=\"47bc7ca2\" data-element_type=\"widget\" data-widget_type=\"heading.default\">\n\t\t\t\t<div class=\"elementor-widget-container\">\n\t\t\t<h2 class=\"elementor-heading-title elementor-size-default\">Media<\/h2>\t\t<\/div>\n\t\t\t\t<\/div>\n\t\t\t\t<div class=\"elementor-element elementor-element-7754dbc0 elementor-widget-tablet__width-initial elementor-widget elementor-widget-video\" data-id=\"7754dbc0\" data-element_type=\"widget\" data-settings=\"{&quot;video_type&quot;:&quot;vimeo&quot;,&quot;show_image_overlay&quot;:&quot;yes&quot;,&quot;image_overlay&quot;:{&quot;url&quot;:&quot;https:\\\/\\\/serviafilm.rs\\\/wp-content\\\/uploads\\\/2024\\\/07\\\/Wheels-of-Forgotten-Dreams.jpg&quot;,&quot;id&quot;:2457,&quot;size&quot;:&quot;&quot;,&quot;alt&quot;:&quot;Wheels of Forgotten Dreams&quot;,&quot;source&quot;:&quot;library&quot;}}\" data-widget_type=\"video.default\">\n\t\t\t\t<div class=\"elementor-widget-container\">\n\t\t\t\t\t<div class=\"elementor-wrapper elementor-open-inline\">\n\t\t\t<iframe class=\"elementor-video-iframe\" allowfullscreen title=\"vimeo Video Player\" src=\"https:\/\/player.vimeo.com\/video\/912534017?color&amp;autopause=0&amp;loop=0&amp;muted=0&amp;title=0&amp;portrait=0&amp;byline=0#t=\"><\/iframe>\t\t\t\t<div class=\"elementor-custom-embed-image-overlay\" style=\"background-image: url(https:\/\/serviafilm.rs\/wp-content\/uploads\/2024\/07\/Wheels-of-Forgotten-Dreams.jpg);\">\n\t\t\t\t\t\t\t\t\t\t\t\t\t\t\t\t<div class=\"elementor-custom-embed-play\" role=\"button\" aria-label=\"Play Video about Wheels of Forgotten Dreams\" tabindex=\"0\">\n\t\t\t\t\t\t\t<i aria-hidden=\"true\" class=\"eicon-play\"><\/i>\t\t\t\t\t\t\t<span class=\"elementor-screen-only\">Play Video about Wheels of Forgotten Dreams<\/span>\n\t\t\t\t\t\t<\/div>\n\t\t\t\t\t\t\t\t\t<\/div>\n\t\t\t\t\t<\/div>\n\t\t\t\t<\/div>\n\t\t\t\t<\/div>\n\t\t\t\t<div class=\"elementor-element elementor-element-6966db71 useful-links elementor-widget elementor-widget-heading\" data-id=\"6966db71\" data-element_type=\"widget\" data-widget_type=\"heading.default\">\n\t\t\t\t<div class=\"elementor-widget-container\">\n\t\t\t<p class=\"elementor-heading-title elementor-size-default\"><a href=\"https:\/\/vimeo.com\/912534017\" target=\"_blank\">Watch trailer<\/a><\/p>\t\t<\/div>\n\t\t\t\t<\/div>\n\t\t\t\t\t<\/div>\n\t\t<\/div>\n\t\t\t\t\t\t\t<\/div>\n\t\t<\/section>\n\t\t\t\t<section class=\"elementor-section elementor-inner-section elementor-element elementor-element-37dc8b4c elementor-section-boxed elementor-section-height-default elementor-section-height-default\" data-id=\"37dc8b4c\" data-element_type=\"section\">\n\t\t\t\t\t\t<div class=\"elementor-container elementor-column-gap-no\">\n\t\t\t\t\t<div class=\"elementor-column elementor-col-100 elementor-inner-column elementor-element elementor-element-27e3f61\" data-id=\"27e3f61\" data-element_type=\"column\" data-settings=\"{&quot;background_background&quot;:&quot;classic&quot;}\">\n\t\t\t<div class=\"elementor-widget-wrap elementor-element-populated\">\n\t\t\t\t\t\t\t\t<div class=\"elementor-element elementor-element-302c033 elementor-widget elementor-widget-heading\" data-id=\"302c033\" data-element_type=\"widget\" data-widget_type=\"heading.default\">\n\t\t\t\t<div class=\"elementor-widget-container\">\n\t\t\t<h2 class=\"elementor-heading-title elementor-size-default\">USEFUL LINKS<\/h2>\t\t<\/div>\n\t\t\t\t<\/div>\n\t\t\t\t<div class=\"elementor-element elementor-element-340a849f useful-links elementor-widget elementor-widget-heading\" data-id=\"340a849f\" data-element_type=\"widget\" data-widget_type=\"heading.default\">\n\t\t\t\t<div class=\"elementor-widget-container\">\n\t\t\t<p class=\"elementor-heading-title elementor-size-default\"><a href=\"http:\/\/makedox.mk\/mk\/en\/selected-projects\/\" target=\"_blank\">MakeCoProDox Forum 2020 Projects<\/a><\/p>\t\t<\/div>\n\t\t\t\t<\/div>\n\t\t\t\t<div class=\"elementor-element elementor-element-26cfbf15 useful-links elementor-widget elementor-widget-heading\" data-id=\"26cfbf15\" data-element_type=\"widget\" data-widget_type=\"heading.default\">\n\t\t\t\t<div class=\"elementor-widget-container\">\n\t\t\t<p class=\"elementor-heading-title elementor-size-default\"><a href=\"http:\/\/www.fcs.rs\/17025\/\" target=\"_blank\">Odabrani srpski projekti za radionicu BDC Discoveries<\/a><\/p>\t\t<\/div>\n\t\t\t\t<\/div>\n\t\t\t\t<div class=\"elementor-element elementor-element-8c1d2b1 useful-links elementor-widget elementor-widget-heading\" data-id=\"8c1d2b1\" data-element_type=\"widget\" data-widget_type=\"heading.default\">\n\t\t\t\t<div class=\"elementor-widget-container\">\n\t\t\t<p class=\"elementor-heading-title elementor-size-default\"><a href=\"http:\/\/www.fcs.rs\/en\/selected-projects-for-fest-forward\/\" target=\"_blank\">Selected projects for FEST Forward<\/a><\/p>\t\t<\/div>\n\t\t\t\t<\/div>\n\t\t\t\t\t<\/div>\n\t\t<\/div>\n\t\t\t\t\t\t\t<\/div>\n\t\t<\/section>\n\t\t\t\t\t<\/div>\n\t\t<\/div>\n\t\t\t\t\t\t\t<\/div>\n\t\t<\/section>\n\t\t\t\t\t\t\t<\/div>\n\t\t","protected":false},"excerpt":{"rendered":"<p>Previous Next in post-production Wheels of Forgotten Dreams by Milo\u0161 Ljubomirovi\u0107 and Danilo Lazovi\u0107 in post-production Feature-length documentary \/ 80\u2019 \/ Expected premiere 2024\/ Creative Documentary Family, love, home, education: three immigrants left it all behind to spend their lives behind the wheel of a truck, in search of the elusive American dream. Country of [&hellip;]<\/p>\n","protected":false},"author":1,"featured_media":0,"parent":11,"menu_order":0,"comment_status":"closed","ping_status":"closed","template":"","meta":{"footnotes":""},"class_list":["post-1297","page","type-page","status-publish","hentry"],"_links":{"self":[{"href":"https:\/\/serviafilm.rs\/en\/wp-json\/wp\/v2\/pages\/1297","targetHints":{"allow":["GET"]}}],"collection":[{"href":"https:\/\/serviafilm.rs\/en\/wp-json\/wp\/v2\/pages"}],"about":[{"href":"https:\/\/serviafilm.rs\/en\/wp-json\/wp\/v2\/types\/page"}],"author":[{"embeddable":true,"href":"https:\/\/serviafilm.rs\/en\/wp-json\/wp\/v2\/users\/1"}],"replies":[{"embeddable":true,"href":"https:\/\/serviafilm.rs\/en\/wp-json\/wp\/v2\/comments?post=1297"}],"version-history":[{"count":47,"href":"https:\/\/serviafilm.rs\/en\/wp-json\/wp\/v2\/pages\/1297\/revisions"}],"predecessor-version":[{"id":2475,"href":"https:\/\/serviafilm.rs\/en\/wp-json\/wp\/v2\/pages\/1297\/revisions\/2475"}],"up":[{"embeddable":true,"href":"https:\/\/serviafilm.rs\/en\/wp-json\/wp\/v2\/pages\/11"}],"wp:attachment":[{"href":"https:\/\/serviafilm.rs\/en\/wp-json\/wp\/v2\/media?parent=1297"}],"curies":[{"name":"wp","href":"https:\/\/api.w.org\/{rel}","templated":true}]}}